{"id":108,"date":"2020-06-30T00:26:40","date_gmt":"2020-06-30T00:26:40","guid":{"rendered":"https:\/\/demosites.io\/pet-shop-gb\/?page_id=108"},"modified":"2021-02-26T11:14:51","modified_gmt":"2021-02-26T11:14:51","slug":"sobre-nosotros","status":"publish","type":"page","link":"https:\/\/back.mascotarea.com\/?page_id=108","title":{"rendered":"Sobre nosotros"},"content":{"rendered":"\n<div class=\"wp-block-themeisle-blocks-advanced-columns alignfull has-1-columns has-desktop-equal-layout has-tablet-equal-layout has-mobile-equal-layout has-default-gap has-vertical-unset\" id=\"wp-block-themeisle-blocks-advanced-columns-6d39dfb0\"><div class=\"wp-block-themeisle-blocks-advanced-columns-overlay\"><\/div><div class=\"innerblocks-wrap\">\n<div class=\"wp-block-themeisle-blocks-advanced-column\" id=\"wp-block-themeisle-blocks-advanced-column-d08a6c6d\">\n<h1 class=\"has-text-align-center has-white-color has-text-color wp-block-heading\">Quienes somos<\/h1>\n\n\n\n<hr class=\"wp-block-separator has-text-color has-background has-neve-link-color-background-color has-neve-link-color-color\"\/>\n<\/div>\n<\/div><\/div>\n\n\n\n<div class=\"wp-block-themeisle-blocks-advanced-columns alignfull has-2-columns has-desktop-oneTwo-layout has-tablet-equal-layout has-mobile-collapsedRows-layout has-default-gap has-vertical-unset\" id=\"wp-block-themeisle-blocks-advanced-columns-b50e3201\"><div class=\"wp-block-themeisle-blocks-advanced-columns-overlay\"><\/div><div class=\"innerblocks-wrap\">\n<div class=\"wp-block-themeisle-blocks-advanced-column\" id=\"wp-block-themeisle-blocks-advanced-column-fbe791b0\">\n<h2 class=\"wp-block-heading\">Especialistas en productos para animales desde 1989<\/h2>\n\n\n\n<div style=\"height:30px\" aria-hidden=\"true\" class=\"wp-block-spacer\"><\/div>\n\n\n\n<p id=\"wp-block-themeisle-blocks-advanced-heading-2e755180\" class=\"wp-block-themeisle-blocks-advanced-heading wp-block-themeisle-blocks-advanced-heading-2e755180\">Nos encantan los animales, por eso hemos creado una tienda donde puedas conseguir todo lo que necesites de una forma f\u00e1cil y r\u00e1pida en productos y accesorios de primera calidad para tus peque\u00f1os compa\u00f1eros<\/p>\n<\/div>\n\n\n\n<div class=\"wp-block-themeisle-blocks-advanced-column\" id=\"wp-block-themeisle-blocks-advanced-column-8537eba5\"><\/div>\n<\/div><\/div>\n\n\n\n<figure class=\"wp-block-gallery alignfull columns-6 is-cropped wp-block-gallery-1 is-layout-flex wp-block-gallery-is-layout-flex\"><ul class=\"blocks-gallery-grid\"><li class=\"blocks-gallery-item\"><figure><img loading=\"lazy\" decoding=\"async\" width=\"600\" height=\"800\" src=\"https:\/\/back.mascotarea.com\/wp-content\/uploads\/2020\/04\/neve-pet-shop-15.jpg\" alt=\"\" data-id=\"42\" data-full-url=\"https:\/\/back.mascotarea.com\/wp-content\/uploads\/2020\/04\/neve-pet-shop-15.jpg\" data-link=\"https:\/\/back.mascotarea.com\/pet-shop-15\/\" class=\"wp-image-42\"\/><\/figure><\/li><li class=\"blocks-gallery-item\"><figure><img loading=\"lazy\" decoding=\"async\" width=\"428\" height=\"489\" src=\"https:\/\/back.mascotarea.com\/wp-content\/uploads\/2020\/09\/Gato-campo.png\" alt=\"\" data-id=\"5786\" data-full-url=\"https:\/\/back.mascotarea.com\/wp-content\/uploads\/2020\/09\/Gato-campo.png\" data-link=\"https:\/\/back.mascotarea.com\/sobre-nosotros\/gato-campo\/\" class=\"wp-image-5786\" srcset=\"https:\/\/back.mascotarea.com\/wp-content\/uploads\/2020\/09\/Gato-campo.png 428w, https:\/\/back.mascotarea.com\/wp-content\/uploads\/2020\/09\/Gato-campo-263x300.png 263w, https:\/\/back.mascotarea.com\/wp-content\/uploads\/2020\/09\/Gato-campo-200x229.png 200w, https:\/\/back.mascotarea.com\/wp-content\/uploads\/2020\/09\/Gato-campo-64x73.png 64w\" sizes=\"auto, (max-width: 428px) 100vw, 428px\" \/><\/figure><\/li><li class=\"blocks-gallery-item\"><figure><img loading=\"lazy\" decoding=\"async\" width=\"600\" height=\"800\" src=\"https:\/\/back.mascotarea.com\/wp-content\/uploads\/2020\/04\/neve-pet-shop-26.jpg\" alt=\"\" data-id=\"49\" data-full-url=\"https:\/\/back.mascotarea.com\/wp-content\/uploads\/2020\/04\/neve-pet-shop-26.jpg\" data-link=\"https:\/\/back.mascotarea.com\/pet-shop-26\/\" class=\"wp-image-49\"\/><\/figure><\/li><li class=\"blocks-gallery-item\"><figure><img loading=\"lazy\" decoding=\"async\" width=\"600\" height=\"800\" src=\"https:\/\/back.mascotarea.com\/wp-content\/uploads\/2020\/04\/neve-pet-shop-11.jpg\" alt=\"\" data-id=\"5737\" data-full-url=\"https:\/\/back.mascotarea.com\/wp-content\/uploads\/2020\/04\/neve-pet-shop-11.jpg\" data-link=\"https:\/\/back.mascotarea.com\/pet-shop-11\/\" class=\"wp-image-5737\"\/><\/figure><\/li><li class=\"blocks-gallery-item\"><figure><img loading=\"lazy\" decoding=\"async\" width=\"600\" height=\"800\" src=\"https:\/\/back.mascotarea.com\/wp-content\/uploads\/2020\/04\/neve-pet-shop-13.jpg\" alt=\"\" data-id=\"5739\" data-full-url=\"https:\/\/back.mascotarea.com\/wp-content\/uploads\/2020\/04\/neve-pet-shop-13.jpg\" data-link=\"https:\/\/back.mascotarea.com\/pet-shop-13\/\" class=\"wp-image-5739\"\/><\/figure><\/li><li class=\"blocks-gallery-item\"><figure><img loading=\"lazy\" decoding=\"async\" width=\"600\" height=\"800\" src=\"https:\/\/back.mascotarea.com\/wp-content\/uploads\/2020\/04\/neve-pet-shop-10.jpg\" alt=\"\" data-id=\"5736\" data-full-url=\"https:\/\/back.mascotarea.com\/wp-content\/uploads\/2020\/04\/neve-pet-shop-10.jpg\" data-link=\"https:\/\/back.mascotarea.com\/pet-shop-10\/\" class=\"wp-image-5736\"\/><\/figure><\/li><\/ul><\/figure>\n\n\n\n<div class=\"wp-block-themeisle-blocks-advanced-columns alignfull has-1-columns has-desktop-equal-layout has-tablet-equal-layout has-mobile-equal-layout has-default-gap has-vertical-unset\" id=\"wp-block-themeisle-blocks-advanced-columns-7fa15eef\"><div class=\"wp-block-themeisle-blocks-advanced-columns-overlay\"><\/div><div class=\"innerblocks-wrap\">\n<div class=\"wp-block-themeisle-blocks-advanced-column\" id=\"wp-block-themeisle-blocks-advanced-column-20d8fef0\">\n<h2 class=\"has-text-align-center wp-block-heading\">Categor\u00edas<\/h2>\n\n\n\n<p class=\"has-text-align-center\">Piensos y productos naturales y Ecol\u00f3gicos para cuidar la salud de tu perro o tu gato al 100%<\/p>\n<\/div>\n<\/div><\/div>\n\n\n\n<div class=\"wp-block-themeisle-blocks-advanced-columns alignfull has-3-columns has-desktop-equal-layout has-tablet-equal-layout has-mobile-collapsedRows-layout has-default-gap has-vertical-unset\" id=\"wp-block-themeisle-blocks-advanced-columns-7fc487a2\"><div class=\"wp-block-themeisle-blocks-advanced-columns-overlay\"><\/div><div class=\"innerblocks-wrap\">\n<div class=\"wp-block-themeisle-blocks-advanced-column\" id=\"wp-block-themeisle-blocks-advanced-column-f085661c\">\n<figure class=\"wp-block-image size-large\"><img loading=\"lazy\" decoding=\"async\" width=\"600\" height=\"800\" src=\"https:\/\/back.mascotarea.com\/wp-content\/uploads\/2020\/04\/neve-pet-shop-15.jpg\" alt=\"\" class=\"wp-image-42\"\/><\/figure>\n\n\n\n<h3 class=\"has-text-align-center wp-block-heading\">Perros<\/h3>\n\n\n\n<p class=\"has-text-align-center\">Aqu\u00ed encontrar\u00e1s una amplia selecci\u00f3n de productos para ofrecer a tu\u00a0perro\u00a0una dieta\u00a0natural completa y equilibrada, juguetes, casetas collares, y cualquier cosa que puedas necesitar.\u00a0<\/p>\n<\/div>\n\n\n\n<div class=\"wp-block-themeisle-blocks-advanced-column\" id=\"wp-block-themeisle-blocks-advanced-column-1f0c697c\">\n<figure class=\"wp-block-image size-large\"><img loading=\"lazy\" decoding=\"async\" width=\"600\" height=\"800\" src=\"https:\/\/back.mascotarea.com\/wp-content\/uploads\/2020\/04\/neve-pet-shop-11.jpg\" alt=\"\" class=\"wp-image-5737\"\/><\/figure>\n\n\n\n<h3 class=\"has-text-align-center wp-block-heading\">Gatos<\/h3>\n\n\n\n<p class=\"has-text-align-center\">Tenemos una amplia selecci\u00f3n de alimentaci\u00f3n tanto seca como h\u00fameda para gatos as\u00ed como juguetes transportines y mucho m\u00e1s para tu peque\u00f1o compa\u00f1ero.<\/p>\n<\/div>\n\n\n\n<div class=\"wp-block-themeisle-blocks-advanced-column\" id=\"wp-block-themeisle-blocks-advanced-column-67af76c2\">\n<figure class=\"wp-block-image size-large\"><img decoding=\"async\" src=\"https:\/\/back.mascotarea.com\/wp-content\/uploads\/2020\/04\/neve-pet-shop-21.jpg\" alt=\"\" class=\"wp-image-45\"\/><\/figure>\n\n\n\n<h3 class=\"has-text-align-center wp-block-heading\">Alimentaci\u00f3n<\/h3>\n\n\n\n<p class=\"has-text-align-center\">Contamos con una selecci\u00f3n de las mejores productos de alimentaci\u00f3n y pienso natural\u00a0y ecol\u00f3gico para tu perro o gato con las mejores ofertas y precios.<\/p>\n<\/div>\n<\/div><\/div>\n\n\n\n<div class=\"wp-block-themeisle-blocks-advanced-columns alignfull has-1-columns has-desktop-equal-layout has-tablet-equal-layout has-mobile-equal-layout has-default-gap has-vertical-unset\" id=\"wp-block-themeisle-blocks-advanced-columns-0ab5d83a\"><div class=\"wp-block-themeisle-blocks-advanced-columns-overlay\"><\/div><div class=\"innerblocks-wrap\">\n<div class=\"wp-block-themeisle-blocks-advanced-column\" id=\"wp-block-themeisle-blocks-advanced-column-d6f07f31\">\n<h2 class=\"has-text-align-center has-white-color has-text-color wp-block-heading\">Preguntas frecuentes<\/h2>\n\n\n\n<hr class=\"wp-block-separator has-text-color has-background has-neve-button-color-background-color has-neve-button-color-color\"\/>\n\n\n\n<div class=\"wp-block-themeisle-blocks-advanced-columns has-1-columns has-desktop-equal-layout has-tablet-equal-layout has-mobile-equal-layout has-default-gap has-vertical-unset\" id=\"wp-block-themeisle-blocks-advanced-columns-49c978a0\"><div class=\"wp-block-themeisle-blocks-advanced-columns-overlay\"><\/div><div class=\"innerblocks-wrap\">\n<div class=\"wp-block-themeisle-blocks-advanced-column\" id=\"wp-block-themeisle-blocks-advanced-column-903d5221\">\n<h4 class=\"has-white-color has-text-color wp-block-heading\">\u00bfA qu\u00e9 localidades realiz\u00e1is env\u00edos?<\/h4>\n<\/div>\n<\/div><\/div>\n\n\n\n<p class=\"has-white-color has-text-color\">Realizamos env\u00edos a toda la zona de Villanueva del Pardillo, y pueblos aleda\u00f1os de forma super r\u00e1pida para que todo llegue en perfecto estado.<\/p>\n\n\n\n<div class=\"wp-block-themeisle-blocks-advanced-columns has-1-columns has-desktop-equal-layout has-tablet-equal-layout has-mobile-equal-layout has-default-gap has-vertical-unset\" id=\"wp-block-themeisle-blocks-advanced-columns-673ea8e6\"><div class=\"wp-block-themeisle-blocks-advanced-columns-overlay\"><\/div><div class=\"innerblocks-wrap\">\n<div class=\"wp-block-themeisle-blocks-advanced-column\" id=\"wp-block-themeisle-blocks-advanced-column-874f51aa\">\n<h4 class=\"has-white-color has-text-color wp-block-heading\">\u00bfQu\u00e9 productos puede comprar en vuestra tienda?<\/h4>\n<\/div>\n<\/div><\/div>\n\n\n\n<p class=\"has-white-color has-text-color\">En nuestra tienda online para mascotas podr\u00e1s encontrar una selecci\u00f3n de los mejores productos tanto para la alimentaci\u00f3n de tu mejor amigo con pienso seco y comida h\u00fameda de la mejor calidad, alimentaci\u00f3n baff, as\u00ed como otros complementos como collares, arneses, antiparasitarios, juguetes, camas y mucho m\u00e1s para gatos y perros as\u00ed como p\u00e1jaros, roedores y otras mascotas.<\/p>\n<\/div>\n<\/div><\/div>\n\n\n\n<div class=\"wp-block-themeisle-blocks-advanced-columns alignfull has-3-columns has-desktop-equal-layout has-tablet-equal-layout has-mobile-collapsedRows-layout has-default-gap has-vertical-unset\" id=\"wp-block-themeisle-blocks-advanced-columns-66b34962\"><div class=\"wp-block-themeisle-blocks-advanced-columns-overlay\"><\/div><div class=\"innerblocks-wrap\">\n<div class=\"wp-block-themeisle-blocks-advanced-column\" id=\"wp-block-themeisle-blocks-advanced-column-3809e31f\">\n<div class=\"wp-block-themeisle-blocks-advanced-columns has-2-columns has-desktop-oneTwo-layout has-tablet-equal-layout has-mobile-collapsedRows-layout has-default-gap has-vertical-unset\" id=\"wp-block-themeisle-blocks-advanced-columns-a89d71d5\"><div class=\"wp-block-themeisle-blocks-advanced-columns-overlay\"><\/div><div class=\"innerblocks-wrap\">\n<div class=\"wp-block-themeisle-blocks-advanced-column\" id=\"wp-block-themeisle-blocks-advanced-column-c6298ab6\">\n<p class=\"wp-block-themeisle-blocks-font-awesome-icons\" id=\"wp-block-themeisle-blocks-font-awesome-icons-8f22dcff\"><span class=\"wp-block-themeisle-blocks-font-awesome-icons-container\"><i class=\"fas fa-paw\"><\/i><\/span><\/p>\n<\/div>\n\n\n\n<div class=\"wp-block-themeisle-blocks-advanced-column\" id=\"wp-block-themeisle-blocks-advanced-column-ec78a68d\">\n<h3 class=\"wp-block-heading\">Todo para tu mascota<\/h3>\n\n\n\n<p>Encuentra en nuestra tienda cualquier cosa que necesites: pienso, juguetes, accesorios, camitas..<\/p>\n<\/div>\n<\/div><\/div>\n<\/div>\n\n\n\n<div class=\"wp-block-themeisle-blocks-advanced-column\" id=\"wp-block-themeisle-blocks-advanced-column-7287ac6a\">\n<div class=\"wp-block-themeisle-blocks-advanced-columns has-2-columns has-desktop-oneTwo-layout has-tablet-equal-layout has-mobile-collapsedRows-layout has-default-gap has-vertical-unset\" id=\"wp-block-themeisle-blocks-advanced-columns-c86d13cb\"><div class=\"wp-block-themeisle-blocks-advanced-columns-overlay\"><\/div><div class=\"innerblocks-wrap\">\n<div class=\"wp-block-themeisle-blocks-advanced-column\" id=\"wp-block-themeisle-blocks-advanced-column-516bd130\">\n<p class=\"wp-block-themeisle-blocks-font-awesome-icons\" id=\"wp-block-themeisle-blocks-font-awesome-icons-6dcc48d6\"><span class=\"wp-block-themeisle-blocks-font-awesome-icons-container\"><i class=\"fas fa-shipping-fast\"><\/i><\/span><\/p>\n<\/div>\n\n\n\n<div class=\"wp-block-themeisle-blocks-advanced-column\" id=\"wp-block-themeisle-blocks-advanced-column-693c105d\">\n<h3 class=\"wp-block-heading\">Con env\u00edo r\u00e1pido<\/h3>\n\n\n\n<p>A toda la zona de Villanueva del Pardillo, y pueblos aleda\u00f1os de forma super r\u00e1pida para que todo llegue en perfecto estado.<\/p>\n<\/div>\n<\/div><\/div>\n<\/div>\n\n\n\n<div class=\"wp-block-themeisle-blocks-advanced-column\" id=\"wp-block-themeisle-blocks-advanced-column-073ed96d\">\n<div class=\"wp-block-themeisle-blocks-advanced-columns has-2-columns has-desktop-oneTwo-layout has-tablet-equal-layout has-mobile-collapsedRows-layout has-default-gap has-vertical-unset\" id=\"wp-block-themeisle-blocks-advanced-columns-8448c4a8\"><div class=\"wp-block-themeisle-blocks-advanced-columns-overlay\"><\/div><div class=\"innerblocks-wrap\">\n<div class=\"wp-block-themeisle-blocks-advanced-column\" id=\"wp-block-themeisle-blocks-advanced-column-da7bd9c5\">\n<p class=\"wp-block-themeisle-blocks-font-awesome-icons\" id=\"wp-block-themeisle-blocks-font-awesome-icons-780a489e\"><span class=\"wp-block-themeisle-blocks-font-awesome-icons-container\"><i class=\"fas fa-money-check-alt\"><\/i><\/span><\/p>\n<\/div>\n\n\n\n<div class=\"wp-block-themeisle-blocks-advanced-column\" id=\"wp-block-themeisle-blocks-advanced-column-ee9ca315\">\n<h3 class=\"wp-block-heading\">Pago f\u00e1cil y seguro<\/h3>\n\n\n\n<p>Puedes realizar tu compra de forma r\u00e1pida desde nuestras pasarelas de pago con toda seguridad de PayPal.<\/p>\n<\/div>\n<\/div><\/div>\n<\/div>\n<\/div><\/div>\n","protected":false},"excerpt":{"rendered":"","protected":false},"author":2,"featured_media":0,"parent":0,"menu_order":0,"comment_status":"closed","ping_status":"closed","template":"","meta":{"_uag_custom_page_level_css":"","_themeisle_gutenberg_block_has_review":false,"footnotes":""},"class_list":["post-108","page","type-page","status-publish","hentry"],"uagb_featured_image_src":{"full":false,"thumbnail":false,"medium":false,"medium_large":false,"large":false,"1536x1536":false,"2048x2048":false,"woocommerce_thumbnail":false,"woocommerce_single":false,"woocommerce_gallery_thumbnail":false,"dgwt-wcas-product-suggestion":false},"uagb_author_info":{"display_name":"Roberto","author_link":"https:\/\/back.mascotarea.com\/?author=2"},"uagb_comment_info":0,"uagb_excerpt":null,"_links":{"self":[{"href":"https:\/\/back.mascotarea.com\/index.php?rest_route=\/wp\/v2\/pages\/108","targetHints":{"allow":["GET"]}}],"collection":[{"href":"https:\/\/back.mascotarea.com\/index.php?rest_route=\/wp\/v2\/pages"}],"about":[{"href":"https:\/\/back.mascotarea.com\/index.php?rest_route=\/wp\/v2\/types\/page"}],"author":[{"embeddable":true,"href":"https:\/\/back.mascotarea.com\/index.php?rest_route=\/wp\/v2\/users\/2"}],"replies":[{"embeddable":true,"href":"https:\/\/back.mascotarea.com\/index.php?rest_route=%2Fwp%2Fv2%2Fcomments&post=108"}],"version-history":[{"count":7,"href":"https:\/\/back.mascotarea.com\/index.php?rest_route=\/wp\/v2\/pages\/108\/revisions"}],"predecessor-version":[{"id":7817,"href":"https:\/\/back.mascotarea.com\/index.php?rest_route=\/wp\/v2\/pages\/108\/revisions\/7817"}],"wp:attachment":[{"href":"https:\/\/back.mascotarea.com\/index.php?rest_route=%2Fwp%2Fv2%2Fmedia&parent=108"}],"curies":[{"name":"wp","href":"https:\/\/api.w.org\/{rel}","templated":true}]}}