{"id":5885,"date":"2020-12-10T10:01:12","date_gmt":"2020-12-10T10:01:12","guid":{"rendered":"https:\/\/back.mascotarea.com\/producto\/natural-woodland-pescado-12-kg\/"},"modified":"2023-06-04T06:08:32","modified_gmt":"2023-06-04T06:08:32","slug":"natural-woodland-pescado-12-kg","status":"publish","type":"product","link":"https:\/\/back.mascotarea.com\/?product=natural-woodland-pescado-12-kg","title":{"rendered":"Natural Woodland Pescado 12 Kg"},"content":{"rendered":"<p>VENTAJAS:<\/p>\n<p><\/p>\n<p>\u2022 Pienso equilibrado para todas las razas y edades.<\/p>\n<p><\/p>\n<p>\u2022 Alta digestbilidad por su contenido en pescado blanco fresco.<\/p>\n<p><\/p>\n<p>\u2022 Calidad super premium: preparado \u00fanicamente con ingredientes naturales y pescado apto para el consumo humano<\/p>\n<p><\/p>\n<p>\u2022 Sin gluten ni patata: Principales causantes de alergias. Tampoco lleva lactora, colorantes, saborizantes ni conservantes artificiales.<\/p>\n<p><\/p>\n<p>\u2022 Arroz integral y lentejas: Facilitan la digesti\u00f3n y el buen tr\u00e1nsito intestinal, al igual que carbohidratos f\u00e1cilmente digeribles que proporcionan minerales y vitamina B.<\/p>\n<p><\/p>\n<p>\u2022 Zanahorias: Ayudan a combaticar la anemia adem\u00e1s de ser antis\u00e9pticas y buenas para la piel y la vista.<\/p>\n<p><\/p>\n<p>\u2022 Algarroba: Muy rica en prote\u00ednas y contiene entre sus propiedades vitaminas esenciales, as\u00ed como antioxidantes y taninos que contienen \u00e1cido g\u00e1lico, el cual es un potente antis\u00e9ptico, antial\u00e9rgico y antibacteriano natural.<\/p>\n<p><\/p>\n<p>\u2022 \u00c1cidos grasos Omega 3 y 6: Ayudan a mantener un equilibrio lip\u00eddico, que se traduce en una piel sana y un pelo brillante.<\/p>\n<p><\/p>\n<p>\u2022 Sin transg\u00e9nicos recetas libres de productos transg\u00e9nicos.<\/p>\n<p><\/p>\n<p>\u2022 Fabricado en Espa\u00f1a: Fabricante de reconocido prestigio que utiliza avanzadas tecnolog\u00edas de extrusionado.<\/p>\n<p><\/p>\n<p>INGREDIENTES:<\/p>\n<p><\/p>\n<p>At\u00fan deshidratado (20%), Arroz integral (18%), Guisantes, Arroz molido, Pescado blanco fresco (10%), Aceite de pollo, Levadura de cerveza (MOS), Prote\u00edna de arroz, Lentejas (2%), hidrolizado de Salm\u00f3n, Semilla de linaza, Algarroba, Pulpa de manzana (6000 mg\/kg), Minerales, Aceite de Salm\u00f3n, Zanahoria (1000 mg\/kg), Pera (500 mg\/kg), Achicoria (FOS) (500 mg\/kg), Yucca schidigera, Glucosamina y Condroitina.<\/p>\n<p><\/p>\n<p>TOTAL INGREDIENTES C\u00c1RNICOS: 39%<\/p>\n<p><\/p>\n<p>ANALISIS NUTRICIONAL:<\/p>\n<p><\/p>\n<p>    Prote\u00edna Bruta (28%)<\/p>\n<p>    Aceites y grasas brutas (16%)<\/p>\n<p>    Fibra bruta (3,75%)<\/p>\n<p>    Ceniza Bruta (7,85%)<\/p>\n<p>    Calcio (1,7%)<\/p>\n<p>    F\u00f3sforo (1,15%)<\/p>\n<p>    \u00c1cidos grasos Omega 3 (1,1%)<\/p>\n<p>    \u00c1cidos grasos Omega 6 (2,75%)<\/p>\n<p><\/p>\n<p>VITAMINAS, MINERALES Y OTROS VALORES DE INTER\u00c9S:<\/p>\n<p><\/p>\n<p>Vitamina A 18000 UI\/kg, Vitamina D3 1400 UI\/kg, Vitamina E 150 mg\/kg, Hierro 75 mg\/kg, Yodo 3,5 mg\/kg, Cobre 10 mg\/kg, Manganeso 7,5 mg\/kg, Zinc 120 mg\/kg, Selenio 0,12 mg\/kg.<\/p>\n","protected":false},"excerpt":{"rendered":"<p>Alimento para perros de todas las razas y edades, elaborado con pescado blanco fresco de grado humano que aporta alta palatabilidad, y con at\u00fan  deshidratado, que es una excelente opci\u00f3n de prote\u00ednas para perros con alergias alimentarias.<\/p>\n","protected":false},"featured_media":7481,"comment_status":"open","ping_status":"closed","template":"","meta":{"_uag_custom_page_level_css":"","_themeisle_gutenberg_block_has_review":false},"product_cat":[192],"product_tag":[],"class_list":{"0":"post-5885","1":"product","2":"type-product","3":"status-publish","4":"has-post-thumbnail","6":"product_cat-pienso-seco-para-perro","8":"first","9":"outofstock","10":"taxable","11":"shipping-taxable","12":"purchasable","13":"product-type-simple","14":"customify-col"},"uagb_featured_image_src":{"full":["https:\/\/back.mascotarea.com\/wp-content\/uploads\/2021\/02\/natural-woodland-pescado-12-kg_27430.jpg",800,1000,false],"thumbnail":["https:\/\/back.mascotarea.com\/wp-content\/uploads\/2021\/02\/natural-woodland-pescado-12-kg_27430-150x150.jpg",150,150,true],"medium":["https:\/\/back.mascotarea.com\/wp-content\/uploads\/2021\/02\/natural-woodland-pescado-12-kg_27430-240x300.jpg",240,300,true],"medium_large":["https:\/\/back.mascotarea.com\/wp-content\/uploads\/2021\/02\/natural-woodland-pescado-12-kg_27430-768x960.jpg",768,960,true],"large":["https:\/\/back.mascotarea.com\/wp-content\/uploads\/2021\/02\/natural-woodland-pescado-12-kg_27430.jpg",800,1000,false],"1536x1536":["https:\/\/back.mascotarea.com\/wp-content\/uploads\/2021\/02\/natural-woodland-pescado-12-kg_27430.jpg",800,1000,false],"2048x2048":["https:\/\/back.mascotarea.com\/wp-content\/uploads\/2021\/02\/natural-woodland-pescado-12-kg_27430.jpg",800,1000,false],"woocommerce_thumbnail":["https:\/\/back.mascotarea.com\/wp-content\/uploads\/2021\/02\/natural-woodland-pescado-12-kg_27430-200x200.jpg",200,200,true],"woocommerce_single":["https:\/\/back.mascotarea.com\/wp-content\/uploads\/2021\/02\/natural-woodland-pescado-12-kg_27430-200x250.jpg",200,250,true],"woocommerce_gallery_thumbnail":["https:\/\/back.mascotarea.com\/wp-content\/uploads\/2021\/02\/natural-woodland-pescado-12-kg_27430-100x100.jpg",100,100,true],"dgwt-wcas-product-suggestion":["https:\/\/back.mascotarea.com\/wp-content\/uploads\/2021\/02\/natural-woodland-pescado-12-kg_27430-64x80.jpg",64,80,true]},"uagb_author_info":{"display_name":"Roberto","author_link":"https:\/\/back.mascotarea.com\/?author=0"},"uagb_comment_info":0,"uagb_excerpt":"Alimento para perros de todas las razas y edades, elaborado con pescado blanco fresco de grado humano que aporta alta palatabilidad, y con at\u00fan deshidratado, que es una excelente opci\u00f3n de prote\u00ednas para perros con alergias alimentarias.","_links":{"self":[{"href":"https:\/\/back.mascotarea.com\/index.php?rest_route=\/wp\/v2\/product\/5885","targetHints":{"allow":["GET"]}}],"collection":[{"href":"https:\/\/back.mascotarea.com\/index.php?rest_route=\/wp\/v2\/product"}],"about":[{"href":"https:\/\/back.mascotarea.com\/index.php?rest_route=\/wp\/v2\/types\/product"}],"replies":[{"embeddable":true,"href":"https:\/\/back.mascotarea.com\/index.php?rest_route=%2Fwp%2Fv2%2Fcomments&post=5885"}],"wp:featuredmedia":[{"embeddable":true,"href":"https:\/\/back.mascotarea.com\/index.php?rest_route=\/wp\/v2\/media\/7481"}],"wp:attachment":[{"href":"https:\/\/back.mascotarea.com\/index.php?rest_route=%2Fwp%2Fv2%2Fmedia&parent=5885"}],"wp:term":[{"taxonomy":"product_cat","embeddable":true,"href":"https:\/\/back.mascotarea.com\/index.php?rest_route=%2Fwp%2Fv2%2Fproduct_cat&post=5885"},{"taxonomy":"product_tag","embeddable":true,"href":"https:\/\/back.mascotarea.com\/index.php?rest_route=%2Fwp%2Fv2%2Fproduct_tag&post=5885"}],"curies":[{"name":"wp","href":"https:\/\/api.w.org\/{rel}","templated":true}]}}