{"id":5899,"date":"2020-12-10T10:01:27","date_gmt":"2020-12-10T10:01:27","guid":{"rendered":"https:\/\/back.mascotarea.com\/producto\/natural-greatness-lata-pollo-170gr\/"},"modified":"2023-06-04T06:08:33","modified_gmt":"2023-06-04T06:08:33","slug":"natural-greatness-lata-pollo-170gr","status":"publish","type":"product","link":"https:\/\/back.mascotarea.com\/?product=natural-greatness-lata-pollo-170gr","title":{"rendered":"Natural Greatness Lata Pollo 170gr"},"content":{"rendered":"<p><\/p>\n<p><\/p>\n<p>INGREDIENTES<\/p>\n<p><\/p>\n<p>Pechuga de Pollo (75%), Caldo de<\/p>\n<p>Pollo (24%), Arroz (1%).<\/p>\n<p><\/p>\n<p>AN\u00c1LISIS NUTRICIONAL<\/p>\n<p><\/p>\n<p>Protei\u0301na bruta (13%), Fibras (1%), Grasa (0,3%), Ceniza (2%), Humedad (82%).<\/p>\n<p><\/p>\n<p>Energi\u0301a Metabolizante: 540 Kcal\/kg<\/p>\n<p><\/p>\n<p>Receta formulada SIN LACTOSA, SIN COLORANTES,<\/p>\n<p>NI SABORIZANTES ARTIFICIALES Y SIN CONSERVANTES ARTIFICIALES.<\/p>\n<p><\/p>\n","protected":false},"excerpt":{"rendered":"<p>La receta monoproteica de Pollo, contiene como \u00fanica fuente de prote\u00edna, la carne de Pollo.<\/p>\n<p>La carne de Pollo, es una carne blanca de muy f\u00e1cil digesti\u00f3n, baja en grasa pero alta en prote\u00edna. Es rica en Vitamina A y B2 que ayudan a mantener la buena visi\u00f3n del can, al mismo tiempo que mejoran la elasticidad de la piel y el brillo del pelaje.<\/p>\n<p><\/p>\n<p>Es un alimento ideal para una dieta de exclusi\u00f3n, facilitando de esta forma la detecci\u00f3n de posibles intolerancias alimentarias o alerg\u00e9nicas.<\/p>\n<p><\/p>\n<p>Esta receta hipoalerg\u00e9nica es apta para perros adultos de todos los tama\u00f1os o razas. Recomendada para perros con reacciones alimentarias adversas a cualquier otro tipo de prote\u00edna animal.<\/p>\n","protected":false},"featured_media":5898,"comment_status":"open","ping_status":"closed","template":"","meta":{"_uag_custom_page_level_css":"","_themeisle_gutenberg_block_has_review":false},"product_cat":[190],"product_tag":[],"class_list":{"0":"post-5899","1":"product","2":"type-product","3":"status-publish","4":"has-post-thumbnail","6":"product_cat-alimentacion-humeda","8":"first","9":"outofstock","10":"taxable","11":"shipping-taxable","12":"purchasable","13":"product-type-simple","14":"customify-col"},"uagb_featured_image_src":{"full":["https:\/\/back.mascotarea.com\/wp-content\/uploads\/2020\/12\/natural-greatness-lata-pollo-170gr_30516.jpg",800,1000,false],"thumbnail":["https:\/\/back.mascotarea.com\/wp-content\/uploads\/2020\/12\/natural-greatness-lata-pollo-170gr_30516-150x150.jpg",150,150,true],"medium":["https:\/\/back.mascotarea.com\/wp-content\/uploads\/2020\/12\/natural-greatness-lata-pollo-170gr_30516-240x300.jpg",240,300,true],"medium_large":["https:\/\/back.mascotarea.com\/wp-content\/uploads\/2020\/12\/natural-greatness-lata-pollo-170gr_30516-768x960.jpg",768,960,true],"large":["https:\/\/back.mascotarea.com\/wp-content\/uploads\/2020\/12\/natural-greatness-lata-pollo-170gr_30516.jpg",800,1000,false],"1536x1536":["https:\/\/back.mascotarea.com\/wp-content\/uploads\/2020\/12\/natural-greatness-lata-pollo-170gr_30516.jpg",800,1000,false],"2048x2048":["https:\/\/back.mascotarea.com\/wp-content\/uploads\/2020\/12\/natural-greatness-lata-pollo-170gr_30516.jpg",800,1000,false],"woocommerce_thumbnail":["https:\/\/back.mascotarea.com\/wp-content\/uploads\/2020\/12\/natural-greatness-lata-pollo-170gr_30516-200x200.jpg",200,200,true],"woocommerce_single":["https:\/\/back.mascotarea.com\/wp-content\/uploads\/2020\/12\/natural-greatness-lata-pollo-170gr_30516-200x250.jpg",200,250,true],"woocommerce_gallery_thumbnail":["https:\/\/back.mascotarea.com\/wp-content\/uploads\/2020\/12\/natural-greatness-lata-pollo-170gr_30516-100x100.jpg",100,100,true],"dgwt-wcas-product-suggestion":["https:\/\/back.mascotarea.com\/wp-content\/uploads\/2020\/12\/natural-greatness-lata-pollo-170gr_30516-64x80.jpg",64,80,true]},"uagb_author_info":{"display_name":"Roberto","author_link":"https:\/\/back.mascotarea.com\/?author=0"},"uagb_comment_info":0,"uagb_excerpt":"La receta monoproteica de Pollo, contiene como \u00fanica fuente de prote\u00edna, la carne de Pollo.La carne de Pollo, es una carne blanca de muy f\u00e1cil digesti\u00f3n, baja en grasa pero alta en prote\u00edna. Es rica en Vitamina A y B2 que ayudan a mantener la buena visi\u00f3n del can, al mismo tiempo que mejoran la&hellip;","_links":{"self":[{"href":"https:\/\/back.mascotarea.com\/index.php?rest_route=\/wp\/v2\/product\/5899","targetHints":{"allow":["GET"]}}],"collection":[{"href":"https:\/\/back.mascotarea.com\/index.php?rest_route=\/wp\/v2\/product"}],"about":[{"href":"https:\/\/back.mascotarea.com\/index.php?rest_route=\/wp\/v2\/types\/product"}],"replies":[{"embeddable":true,"href":"https:\/\/back.mascotarea.com\/index.php?rest_route=%2Fwp%2Fv2%2Fcomments&post=5899"}],"wp:featuredmedia":[{"embeddable":true,"href":"https:\/\/back.mascotarea.com\/index.php?rest_route=\/wp\/v2\/media\/5898"}],"wp:attachment":[{"href":"https:\/\/back.mascotarea.com\/index.php?rest_route=%2Fwp%2Fv2%2Fmedia&parent=5899"}],"wp:term":[{"taxonomy":"product_cat","embeddable":true,"href":"https:\/\/back.mascotarea.com\/index.php?rest_route=%2Fwp%2Fv2%2Fproduct_cat&post=5899"},{"taxonomy":"product_tag","embeddable":true,"href":"https:\/\/back.mascotarea.com\/index.php?rest_route=%2Fwp%2Fv2%2Fproduct_tag&post=5899"}],"curies":[{"name":"wp","href":"https:\/\/api.w.org\/{rel}","templated":true}]}}