{"id":5907,"date":"2020-12-10T10:01:35","date_gmt":"2020-12-10T10:01:35","guid":{"rendered":"https:\/\/back.mascotarea.com\/producto\/natural-greatness-lata-pescado-de-mar-156-g\/"},"modified":"2024-07-02T20:26:50","modified_gmt":"2024-07-02T20:26:50","slug":"natural-greatness-lata-pescado-de-mar-156-g","status":"publish","type":"product","link":"https:\/\/back.mascotarea.com\/?product=natural-greatness-lata-pescado-de-mar-156-g","title":{"rendered":"Natural Greatness Lata Pescado De Mar 156 G"},"content":{"rendered":"<p><\/p>\n<p><\/p>\n<p>INGREDIENTES<\/p>\n<p><\/p>\n<p>Caballa (40%), Filete de Atu\u0301n (30%), Caldo de<\/p>\n<p>Pescado (20%), Alga Kelp (5%), Arroz (5%).<\/p>\n<p><\/p>\n<p>AN\u00c1LISIS NUTRICIONAL<\/p>\n<p><\/p>\n<p>Protei\u0301na bruta (12%), Fibras (1%), Grasa (1%), Ceniza (3%), Humedad (83%).<\/p>\n<p><\/p>\n<p>Energi\u0301a Metabolizable: 505 Kcal\/kg<\/p>\n<p><\/p>\n<p>Receta formulada SIN LACTOSA, SIN COLORANTES,NI SABORIZANTES ARTIFICIALES Y SIN CONSERVANTES ARTIFICIALES.<\/p>\n<p><\/p>\n","protected":false},"excerpt":{"rendered":"<p>Natural Greatness Pescado de Mar es un comestible h\u00famedo para gatos y perros hecho con carne de pescado, un riqu\u00edsimo manjar sobre todo para los gatos que aman este tipo de alimento.<\/p>\n<p>Incluye sabrosa carne de caballa, caldo de pescado, at\u00fan y arroz en proporciones adecuadas. Con todos los nutrientes que requiere tu mascota para una vida sana, con energ\u00eda y de f\u00e1cil digesti\u00f3n.<\/p>\n","protected":false},"featured_media":5906,"comment_status":"open","ping_status":"closed","template":"","meta":{"_uag_custom_page_level_css":"","_themeisle_gutenberg_block_has_review":false},"product_cat":[190],"product_tag":[],"class_list":{"0":"post-5907","1":"product","2":"type-product","3":"status-publish","4":"has-post-thumbnail","6":"product_cat-alimentacion-humeda","8":"first","9":"outofstock","10":"taxable","11":"shipping-taxable","12":"purchasable","13":"product-type-simple","14":"customify-col"},"uagb_featured_image_src":{"full":["https:\/\/back.mascotarea.com\/wp-content\/uploads\/2020\/12\/natural-greatness-lata-pescado-de-mar-156-g_17845.jpg",800,1000,false],"thumbnail":["https:\/\/back.mascotarea.com\/wp-content\/uploads\/2020\/12\/natural-greatness-lata-pescado-de-mar-156-g_17845-150x150.jpg",150,150,true],"medium":["https:\/\/back.mascotarea.com\/wp-content\/uploads\/2020\/12\/natural-greatness-lata-pescado-de-mar-156-g_17845-240x300.jpg",240,300,true],"medium_large":["https:\/\/back.mascotarea.com\/wp-content\/uploads\/2020\/12\/natural-greatness-lata-pescado-de-mar-156-g_17845-768x960.jpg",768,960,true],"large":["https:\/\/back.mascotarea.com\/wp-content\/uploads\/2020\/12\/natural-greatness-lata-pescado-de-mar-156-g_17845.jpg",800,1000,false],"1536x1536":["https:\/\/back.mascotarea.com\/wp-content\/uploads\/2020\/12\/natural-greatness-lata-pescado-de-mar-156-g_17845.jpg",800,1000,false],"2048x2048":["https:\/\/back.mascotarea.com\/wp-content\/uploads\/2020\/12\/natural-greatness-lata-pescado-de-mar-156-g_17845.jpg",800,1000,false],"woocommerce_thumbnail":["https:\/\/back.mascotarea.com\/wp-content\/uploads\/2020\/12\/natural-greatness-lata-pescado-de-mar-156-g_17845-200x200.jpg",200,200,true],"woocommerce_single":["https:\/\/back.mascotarea.com\/wp-content\/uploads\/2020\/12\/natural-greatness-lata-pescado-de-mar-156-g_17845-200x250.jpg",200,250,true],"woocommerce_gallery_thumbnail":["https:\/\/back.mascotarea.com\/wp-content\/uploads\/2020\/12\/natural-greatness-lata-pescado-de-mar-156-g_17845-100x100.jpg",100,100,true],"dgwt-wcas-product-suggestion":["https:\/\/back.mascotarea.com\/wp-content\/uploads\/2020\/12\/natural-greatness-lata-pescado-de-mar-156-g_17845-64x80.jpg",64,80,true]},"uagb_author_info":{"display_name":"Roberto","author_link":"https:\/\/back.mascotarea.com\/?author=0"},"uagb_comment_info":0,"uagb_excerpt":"Natural Greatness Pescado de Mar es un comestible h\u00famedo para gatos y perros hecho con carne de pescado, un riqu\u00edsimo manjar sobre todo para los gatos que aman este tipo de alimento.Incluye sabrosa carne de caballa, caldo de pescado, at\u00fan y arroz en proporciones adecuadas. Con todos los nutrientes que requiere tu mascota para una&hellip;","_links":{"self":[{"href":"https:\/\/back.mascotarea.com\/index.php?rest_route=\/wp\/v2\/product\/5907","targetHints":{"allow":["GET"]}}],"collection":[{"href":"https:\/\/back.mascotarea.com\/index.php?rest_route=\/wp\/v2\/product"}],"about":[{"href":"https:\/\/back.mascotarea.com\/index.php?rest_route=\/wp\/v2\/types\/product"}],"replies":[{"embeddable":true,"href":"https:\/\/back.mascotarea.com\/index.php?rest_route=%2Fwp%2Fv2%2Fcomments&post=5907"}],"wp:featuredmedia":[{"embeddable":true,"href":"https:\/\/back.mascotarea.com\/index.php?rest_route=\/wp\/v2\/media\/5906"}],"wp:attachment":[{"href":"https:\/\/back.mascotarea.com\/index.php?rest_route=%2Fwp%2Fv2%2Fmedia&parent=5907"}],"wp:term":[{"taxonomy":"product_cat","embeddable":true,"href":"https:\/\/back.mascotarea.com\/index.php?rest_route=%2Fwp%2Fv2%2Fproduct_cat&post=5907"},{"taxonomy":"product_tag","embeddable":true,"href":"https:\/\/back.mascotarea.com\/index.php?rest_route=%2Fwp%2Fv2%2Fproduct_tag&post=5907"}],"curies":[{"name":"wp","href":"https:\/\/api.w.org\/{rel}","templated":true}]}}