{"id":6262,"date":"2021-02-03T12:44:53","date_gmt":"2021-02-03T12:44:53","guid":{"rendered":"https:\/\/back.mascotarea.com\/producto\/advance-maxi-junior-chicken-rice-15-kg\/"},"modified":"2024-04-02T09:25:51","modified_gmt":"2024-04-02T09:25:51","slug":"advance-maxi-junior-chicken-rice-15-kg","status":"publish","type":"product","link":"https:\/\/back.mascotarea.com\/?product=advance-maxi-junior-chicken-rice-15-kg","title":{"rendered":"Advance Maxi Junior Chicken &amp; Rice 14 Kg"},"content":{"rendered":"<p>INGREDIENTES<\/p>\n<p>Pollo (17%), harina de gluten de ma\u00edz, prote\u00ednas deshidratadas de ave, trigo, arroz (10%), ma\u00edz, grasa animal,estabilizada con una mezcla de tocoferoles de origen natural, harina de ma\u00edz, prote\u00ednas animales hidrolizadas, hydrolysed animal proteins, pulpa de remolacha, prote\u00ednas deshidratadas de at\u00fan, fibra de avena, aceite de pescado, sal, cloruro pot\u00e1sico, prote\u00ednas plasm\u00e1ticas,fuente natural de inmunoglobulinas(0.5%), glucosamina (455 mg\/kg), sulfato de condroitina (350 mg\/kg), polifenoles naturales (0.01%), <\/p>\n","protected":false},"excerpt":{"rendered":"<p>Junior Maxi<\/p>\n<p>De 12 a 24 meses de edad<\/p>\n<p>El proceso de crecimiento de los  cachorro de razas grandes (&gt;30kgs en edad adulta) es algo m\u00e1s largo que para las razas de tama\u00f1o menor, por eso, es vital alimentar a tu cachorro Junior con un producto espec\u00edfico adaptado a su etapa de desarrollo.<\/p>\n<p> Advance Maxi Junior es un alimento de alta gama formulado para cubrir sus necesidades nutricionales espec\u00edficas, favoreciendo el desarrollo de su musculatura y huesos, preservando la salud de sus articulaciones y reforzando sus defensas y barreras naturales.<\/p>\n<p>Advance Junior Maxi est\u00e1 especialmente indicado para cachorros de raza grande de 12 a 24 meses de edad. <\/p>\n","protected":false},"featured_media":6261,"comment_status":"open","ping_status":"closed","template":"","meta":{"_uag_custom_page_level_css":"","_themeisle_gutenberg_block_has_review":false},"product_cat":[226,192],"product_tag":[],"class_list":{"0":"post-6262","1":"product","2":"type-product","3":"status-publish","4":"has-post-thumbnail","6":"product_cat-advance-perro","7":"product_cat-pienso-seco-para-perro","9":"first","10":"outofstock","11":"taxable","12":"shipping-taxable","13":"purchasable","14":"product-type-simple","15":"customify-col"},"uagb_featured_image_src":{"full":["https:\/\/back.mascotarea.com\/wp-content\/uploads\/2021\/02\/advance-maxi-junior-chicken-rice-15-kg_14332.jpg",800,1000,false],"thumbnail":["https:\/\/back.mascotarea.com\/wp-content\/uploads\/2021\/02\/advance-maxi-junior-chicken-rice-15-kg_14332-150x150.jpg",150,150,true],"medium":["https:\/\/back.mascotarea.com\/wp-content\/uploads\/2021\/02\/advance-maxi-junior-chicken-rice-15-kg_14332-240x300.jpg",240,300,true],"medium_large":["https:\/\/back.mascotarea.com\/wp-content\/uploads\/2021\/02\/advance-maxi-junior-chicken-rice-15-kg_14332-768x960.jpg",768,960,true],"large":["https:\/\/back.mascotarea.com\/wp-content\/uploads\/2021\/02\/advance-maxi-junior-chicken-rice-15-kg_14332.jpg",800,1000,false],"1536x1536":["https:\/\/back.mascotarea.com\/wp-content\/uploads\/2021\/02\/advance-maxi-junior-chicken-rice-15-kg_14332.jpg",800,1000,false],"2048x2048":["https:\/\/back.mascotarea.com\/wp-content\/uploads\/2021\/02\/advance-maxi-junior-chicken-rice-15-kg_14332.jpg",800,1000,false],"woocommerce_thumbnail":["https:\/\/back.mascotarea.com\/wp-content\/uploads\/2021\/02\/advance-maxi-junior-chicken-rice-15-kg_14332-200x200.jpg",200,200,true],"woocommerce_single":["https:\/\/back.mascotarea.com\/wp-content\/uploads\/2021\/02\/advance-maxi-junior-chicken-rice-15-kg_14332-200x250.jpg",200,250,true],"woocommerce_gallery_thumbnail":["https:\/\/back.mascotarea.com\/wp-content\/uploads\/2021\/02\/advance-maxi-junior-chicken-rice-15-kg_14332-100x100.jpg",100,100,true],"dgwt-wcas-product-suggestion":["https:\/\/back.mascotarea.com\/wp-content\/uploads\/2021\/02\/advance-maxi-junior-chicken-rice-15-kg_14332-64x80.jpg",64,80,true]},"uagb_author_info":{"display_name":"Roberto","author_link":"https:\/\/back.mascotarea.com\/?author=0"},"uagb_comment_info":0,"uagb_excerpt":"Junior MaxiDe 12 a 24 meses de edadEl proceso de crecimiento de los cachorro de razas grandes (&gt;30kgs en edad adulta) es algo m\u00e1s largo que para las razas de tama\u00f1o menor, por eso, es vital alimentar a tu cachorro Junior con un producto espec\u00edfico adaptado a su etapa de desarrollo. Advance Maxi Junior es&hellip;","_links":{"self":[{"href":"https:\/\/back.mascotarea.com\/index.php?rest_route=\/wp\/v2\/product\/6262","targetHints":{"allow":["GET"]}}],"collection":[{"href":"https:\/\/back.mascotarea.com\/index.php?rest_route=\/wp\/v2\/product"}],"about":[{"href":"https:\/\/back.mascotarea.com\/index.php?rest_route=\/wp\/v2\/types\/product"}],"replies":[{"embeddable":true,"href":"https:\/\/back.mascotarea.com\/index.php?rest_route=%2Fwp%2Fv2%2Fcomments&post=6262"}],"wp:featuredmedia":[{"embeddable":true,"href":"https:\/\/back.mascotarea.com\/index.php?rest_route=\/wp\/v2\/media\/6261"}],"wp:attachment":[{"href":"https:\/\/back.mascotarea.com\/index.php?rest_route=%2Fwp%2Fv2%2Fmedia&parent=6262"}],"wp:term":[{"taxonomy":"product_cat","embeddable":true,"href":"https:\/\/back.mascotarea.com\/index.php?rest_route=%2Fwp%2Fv2%2Fproduct_cat&post=6262"},{"taxonomy":"product_tag","embeddable":true,"href":"https:\/\/back.mascotarea.com\/index.php?rest_route=%2Fwp%2Fv2%2Fproduct_tag&post=6262"}],"curies":[{"name":"wp","href":"https:\/\/api.w.org\/{rel}","templated":true}]}}