{"id":6324,"date":"2021-02-03T13:21:00","date_gmt":"2021-02-03T13:21:00","guid":{"rendered":"https:\/\/back.mascotarea.com\/producto\/profine-cat-sterilised-2-kg\/"},"modified":"2023-08-21T18:12:37","modified_gmt":"2023-08-21T18:12:37","slug":"profine-cat-sterilised-2-kg","status":"publish","type":"product","link":"https:\/\/back.mascotarea.com\/?product=profine-cat-sterilised-2-kg","title":{"rendered":"Profine Cat Sterilised 2 Kg"},"content":{"rendered":"<p>COMPOSICI\u00d3N: <\/p>\n<p>Pollo 38% (pollo triturado 24%, pollo deshidratado 14%), arroz (25%), ma\u00edz, manzanas deshidratadas, grasa de pollo (conservada con tocoferoles mezclados) (5%), h\u00edgado de pollo hidrolizado (2%), levadura de cerveza, aceite de salm\u00f3n (1%), cloruro de sodio (1%), algas marinas (0,5%), mezcla de hierbas (hinojo, albahaca, salvia 0,02%), ra\u00edces de achicoria (fuente de manano-oligosac\u00e1ridos 0,015%), fructo-oligosac\u00e1ridos (0,012%), extracto de yucca schidigera (0,008%). <\/p>\n","protected":false},"excerpt":{"rendered":"<p>Receta natural con POLLO y arroz para gatos esterilizados<\/p>\n<p>El pienso Profine para Gatos Esterilizados est\u00e1 pensado para el cuidado necesario del tracto urinario en los gatos, cumpliendo la atenci\u00f3n necesaria del control de pH con el fin de garantizar una funci\u00f3n renal saludable y una orina sana. <\/p>\n<p>El pienso Profine para Gatos Esterilizados est\u00e1 compuesto por prebi\u00f3ticos y nutrientes que refuerzan su inmunidad, como su coraz\u00f3n y sistema nervioso, por contar con Taurina, Omega -3 y Omega -6 en una equilibrada proporci\u00f3n.<\/p>\n<p>Ventajas del pienso Profine para Gatos Esterilizados:<\/p>\n<p>Desarrollado para gatos castrados o esterilizados.<\/p>\n<p>Rico en aceite de salm\u00f3n.<\/p>\n<p>Alta digestibilidad y eficiencia.<\/p>\n<p><\/p>\n","protected":false},"featured_media":6323,"comment_status":"open","ping_status":"closed","template":"","meta":{"_uag_custom_page_level_css":"","_themeisle_gutenberg_block_has_review":false},"product_cat":[187],"product_tag":[],"class_list":{"0":"post-6324","1":"product","2":"type-product","3":"status-publish","4":"has-post-thumbnail","6":"product_cat-pienso-seco-para-gato","8":"first","9":"outofstock","10":"taxable","11":"shipping-taxable","12":"purchasable","13":"product-type-simple","14":"customify-col"},"uagb_featured_image_src":{"full":["https:\/\/back.mascotarea.com\/wp-content\/uploads\/2021\/02\/profine-cat-sterilised-2-kg_8692.jpg",800,1000,false],"thumbnail":["https:\/\/back.mascotarea.com\/wp-content\/uploads\/2021\/02\/profine-cat-sterilised-2-kg_8692-150x150.jpg",150,150,true],"medium":["https:\/\/back.mascotarea.com\/wp-content\/uploads\/2021\/02\/profine-cat-sterilised-2-kg_8692-240x300.jpg",240,300,true],"medium_large":["https:\/\/back.mascotarea.com\/wp-content\/uploads\/2021\/02\/profine-cat-sterilised-2-kg_8692-768x960.jpg",768,960,true],"large":["https:\/\/back.mascotarea.com\/wp-content\/uploads\/2021\/02\/profine-cat-sterilised-2-kg_8692.jpg",800,1000,false],"1536x1536":["https:\/\/back.mascotarea.com\/wp-content\/uploads\/2021\/02\/profine-cat-sterilised-2-kg_8692.jpg",800,1000,false],"2048x2048":["https:\/\/back.mascotarea.com\/wp-content\/uploads\/2021\/02\/profine-cat-sterilised-2-kg_8692.jpg",800,1000,false],"woocommerce_thumbnail":["https:\/\/back.mascotarea.com\/wp-content\/uploads\/2021\/02\/profine-cat-sterilised-2-kg_8692-200x200.jpg",200,200,true],"woocommerce_single":["https:\/\/back.mascotarea.com\/wp-content\/uploads\/2021\/02\/profine-cat-sterilised-2-kg_8692-200x250.jpg",200,250,true],"woocommerce_gallery_thumbnail":["https:\/\/back.mascotarea.com\/wp-content\/uploads\/2021\/02\/profine-cat-sterilised-2-kg_8692-100x100.jpg",100,100,true],"dgwt-wcas-product-suggestion":["https:\/\/back.mascotarea.com\/wp-content\/uploads\/2021\/02\/profine-cat-sterilised-2-kg_8692-64x80.jpg",64,80,true]},"uagb_author_info":{"display_name":"Roberto","author_link":"https:\/\/back.mascotarea.com\/?author=0"},"uagb_comment_info":0,"uagb_excerpt":"Receta natural con POLLO y arroz para gatos esterilizadosEl pienso Profine para Gatos Esterilizados est\u00e1 pensado para el cuidado necesario del tracto urinario en los gatos, cumpliendo la atenci\u00f3n necesaria del control de pH con el fin de garantizar una funci\u00f3n renal saludable y una orina sana. El pienso Profine para Gatos Esterilizados est\u00e1 compuesto&hellip;","_links":{"self":[{"href":"https:\/\/back.mascotarea.com\/index.php?rest_route=\/wp\/v2\/product\/6324","targetHints":{"allow":["GET"]}}],"collection":[{"href":"https:\/\/back.mascotarea.com\/index.php?rest_route=\/wp\/v2\/product"}],"about":[{"href":"https:\/\/back.mascotarea.com\/index.php?rest_route=\/wp\/v2\/types\/product"}],"replies":[{"embeddable":true,"href":"https:\/\/back.mascotarea.com\/index.php?rest_route=%2Fwp%2Fv2%2Fcomments&post=6324"}],"wp:featuredmedia":[{"embeddable":true,"href":"https:\/\/back.mascotarea.com\/index.php?rest_route=\/wp\/v2\/media\/6323"}],"wp:attachment":[{"href":"https:\/\/back.mascotarea.com\/index.php?rest_route=%2Fwp%2Fv2%2Fmedia&parent=6324"}],"wp:term":[{"taxonomy":"product_cat","embeddable":true,"href":"https:\/\/back.mascotarea.com\/index.php?rest_route=%2Fwp%2Fv2%2Fproduct_cat&post=6324"},{"taxonomy":"product_tag","embeddable":true,"href":"https:\/\/back.mascotarea.com\/index.php?rest_route=%2Fwp%2Fv2%2Fproduct_tag&post=6324"}],"curies":[{"name":"wp","href":"https:\/\/api.w.org\/{rel}","templated":true}]}}