{"id":6334,"date":"2021-02-03T13:38:21","date_gmt":"2021-02-03T13:38:21","guid":{"rendered":"https:\/\/back.mascotarea.com\/producto\/profine-grain-free-snack-salmon-200gr\/"},"modified":"2023-08-21T15:12:35","modified_gmt":"2023-08-21T15:12:35","slug":"profine-grain-free-snack-salmon-200gr","status":"publish","type":"product","link":"https:\/\/back.mascotarea.com\/?product=profine-grain-free-snack-salmon-200gr","title":{"rendered":"Profine Grain Free Snack Salmon 200gr"},"content":{"rendered":"<p>COMPOSICI\u00d3N: patata, salm\u00f3n, sirope de glucosa, aceite de salm\u00f3n, col\u00e1geno y aromas naturales. <\/p>\n","protected":false},"excerpt":{"rendered":"<p>Snack profine de salm\u00f3n sin cereales<\/p>\n<p>Los Snacks Profine de salm\u00f3n son libres de cereales, est\u00e1n hechos con los mejores ingredientes y su f\u00f3rmula es ideal para una perfecta digesti\u00f3n ya que fomentan la absorci\u00f3n de los nutrientes por parte de los intestinos y estabilizan la microflora intestinal.<\/p>\n<p>Dentro de la gama s\u00faper-premium de snacks profine, destacamos otros diferentes tipos de composiciones, como pueden ser los Snacks sin cereales de pollo, snacks sin cereales de cordero,  snacks sin cereales de pato y snacks sin cereales de pavo.<\/p>\n","protected":false},"featured_media":6333,"comment_status":"open","ping_status":"closed","template":"","meta":{"_uag_custom_page_level_css":"","_themeisle_gutenberg_block_has_review":false},"product_cat":[193],"product_tag":[],"class_list":{"0":"post-6334","1":"product","2":"type-product","3":"status-publish","4":"has-post-thumbnail","6":"product_cat-snack-para-perro","8":"first","9":"outofstock","10":"taxable","11":"shipping-taxable","12":"purchasable","13":"product-type-simple","14":"customify-col"},"uagb_featured_image_src":{"full":["https:\/\/back.mascotarea.com\/wp-content\/uploads\/2021\/02\/profine-grain-free-snack-salmon-200gr_21013.jpg",800,1000,false],"thumbnail":["https:\/\/back.mascotarea.com\/wp-content\/uploads\/2021\/02\/profine-grain-free-snack-salmon-200gr_21013-150x150.jpg",150,150,true],"medium":["https:\/\/back.mascotarea.com\/wp-content\/uploads\/2021\/02\/profine-grain-free-snack-salmon-200gr_21013-240x300.jpg",240,300,true],"medium_large":["https:\/\/back.mascotarea.com\/wp-content\/uploads\/2021\/02\/profine-grain-free-snack-salmon-200gr_21013-768x960.jpg",768,960,true],"large":["https:\/\/back.mascotarea.com\/wp-content\/uploads\/2021\/02\/profine-grain-free-snack-salmon-200gr_21013.jpg",800,1000,false],"1536x1536":["https:\/\/back.mascotarea.com\/wp-content\/uploads\/2021\/02\/profine-grain-free-snack-salmon-200gr_21013.jpg",800,1000,false],"2048x2048":["https:\/\/back.mascotarea.com\/wp-content\/uploads\/2021\/02\/profine-grain-free-snack-salmon-200gr_21013.jpg",800,1000,false],"woocommerce_thumbnail":["https:\/\/back.mascotarea.com\/wp-content\/uploads\/2021\/02\/profine-grain-free-snack-salmon-200gr_21013-200x200.jpg",200,200,true],"woocommerce_single":["https:\/\/back.mascotarea.com\/wp-content\/uploads\/2021\/02\/profine-grain-free-snack-salmon-200gr_21013-200x250.jpg",200,250,true],"woocommerce_gallery_thumbnail":["https:\/\/back.mascotarea.com\/wp-content\/uploads\/2021\/02\/profine-grain-free-snack-salmon-200gr_21013-100x100.jpg",100,100,true],"dgwt-wcas-product-suggestion":["https:\/\/back.mascotarea.com\/wp-content\/uploads\/2021\/02\/profine-grain-free-snack-salmon-200gr_21013-64x80.jpg",64,80,true]},"uagb_author_info":{"display_name":"Roberto","author_link":"https:\/\/back.mascotarea.com\/?author=0"},"uagb_comment_info":0,"uagb_excerpt":"Snack profine de salm\u00f3n sin cerealesLos Snacks Profine de salm\u00f3n son libres de cereales, est\u00e1n hechos con los mejores ingredientes y su f\u00f3rmula es ideal para una perfecta digesti\u00f3n ya que fomentan la absorci\u00f3n de los nutrientes por parte de los intestinos y estabilizan la microflora intestinal.Dentro de la gama s\u00faper-premium de snacks profine, destacamos&hellip;","_links":{"self":[{"href":"https:\/\/back.mascotarea.com\/index.php?rest_route=\/wp\/v2\/product\/6334","targetHints":{"allow":["GET"]}}],"collection":[{"href":"https:\/\/back.mascotarea.com\/index.php?rest_route=\/wp\/v2\/product"}],"about":[{"href":"https:\/\/back.mascotarea.com\/index.php?rest_route=\/wp\/v2\/types\/product"}],"replies":[{"embeddable":true,"href":"https:\/\/back.mascotarea.com\/index.php?rest_route=%2Fwp%2Fv2%2Fcomments&post=6334"}],"wp:featuredmedia":[{"embeddable":true,"href":"https:\/\/back.mascotarea.com\/index.php?rest_route=\/wp\/v2\/media\/6333"}],"wp:attachment":[{"href":"https:\/\/back.mascotarea.com\/index.php?rest_route=%2Fwp%2Fv2%2Fmedia&parent=6334"}],"wp:term":[{"taxonomy":"product_cat","embeddable":true,"href":"https:\/\/back.mascotarea.com\/index.php?rest_route=%2Fwp%2Fv2%2Fproduct_cat&post=6334"},{"taxonomy":"product_tag","embeddable":true,"href":"https:\/\/back.mascotarea.com\/index.php?rest_route=%2Fwp%2Fv2%2Fproduct_tag&post=6334"}],"curies":[{"name":"wp","href":"https:\/\/api.w.org\/{rel}","templated":true}]}}