{"id":6346,"date":"2021-02-03T13:43:23","date_gmt":"2021-02-03T13:43:23","guid":{"rendered":"https:\/\/back.mascotarea.com\/producto\/profine-junior-large-salmon-15-kg\/"},"modified":"2023-06-04T06:08:44","modified_gmt":"2023-06-04T06:08:44","slug":"profine-junior-large-salmon-15-kg","status":"publish","type":"product","link":"https:\/\/back.mascotarea.com\/?product=profine-junior-large-salmon-15-kg","title":{"rendered":"Profine Junior Large Salmon 15 Kg"},"content":{"rendered":"<p>COMPOSICI\u00d3N: <\/p>\n<p>Salm\u00f3n 42% (salm\u00f3n triturado 26%, prote\u00edna de salm\u00f3n 16%), ma\u00edz, patatas (15%), manzanas secadas, grasa de pollo (conservada con tocoferoles mezclados, fuente de vitamina E), levadura de cerveza, aceite de salm\u00f3n (3%), h\u00edgado de pollo hidrolizado (2%), gambas (1,5%), algas marinas (0,5%), sulfato de glucosamina (0,025%), ra\u00edces de achicoria (fuente de manano-oligosac\u00e1ridos 0,02%), mezcla de hierbas (hinojo, albahaca, salvia 0,02%), fructo-oligosac\u00e1ridos (0,015%), extracto de yucca schidigera (0,015%), sulfato de condroitina (0,015%). <\/p>\n","protected":false},"excerpt":{"rendered":"<p>Receta natural con salm\u00f3n y patatas para perros junior de razas grandes.<\/p>\n<p>Profine para Perros Junior de raza Grande con Salm\u00f3n y Patatas est\u00e1 dise\u00f1ado con los mejores ingredientes, entre ellos probi\u00f3ticos, que refuerzan el sistema inmune del perro. Adem\u00e1s, por su contenido de Omega 3, el coraz\u00f3n y el sistema nervioso tendr\u00e1n un plus de salud. Su contenido en grasas de calidad, asegura el crecimiento del cachorro y el correcto desarrollo de sus patas.<\/p>\n<p>Profine para Perros Junior de raza Grande con Salm\u00f3n y Patatas contiene oligoelementos, que protegen a nivel celular y retrasan los s\u00edntomas de envejecimiento. Su contenido en Biotina favorecer\u00e1 la piel de tu perro, haciendo ver un pelaje brillante, sano y sedoso.<\/p>\n","protected":false},"featured_media":6345,"comment_status":"open","ping_status":"closed","template":"","meta":{"_uag_custom_page_level_css":"","_themeisle_gutenberg_block_has_review":false},"product_cat":[192],"product_tag":[],"class_list":{"0":"post-6346","1":"product","2":"type-product","3":"status-publish","4":"has-post-thumbnail","6":"product_cat-pienso-seco-para-perro","8":"first","9":"outofstock","10":"taxable","11":"shipping-taxable","12":"purchasable","13":"product-type-simple","14":"customify-col"},"uagb_featured_image_src":{"full":["https:\/\/back.mascotarea.com\/wp-content\/uploads\/2021\/02\/profine-junior-large-salmon-15-kg_12019.jpg",800,1000,false],"thumbnail":["https:\/\/back.mascotarea.com\/wp-content\/uploads\/2021\/02\/profine-junior-large-salmon-15-kg_12019-150x150.jpg",150,150,true],"medium":["https:\/\/back.mascotarea.com\/wp-content\/uploads\/2021\/02\/profine-junior-large-salmon-15-kg_12019-240x300.jpg",240,300,true],"medium_large":["https:\/\/back.mascotarea.com\/wp-content\/uploads\/2021\/02\/profine-junior-large-salmon-15-kg_12019-768x960.jpg",768,960,true],"large":["https:\/\/back.mascotarea.com\/wp-content\/uploads\/2021\/02\/profine-junior-large-salmon-15-kg_12019.jpg",800,1000,false],"1536x1536":["https:\/\/back.mascotarea.com\/wp-content\/uploads\/2021\/02\/profine-junior-large-salmon-15-kg_12019.jpg",800,1000,false],"2048x2048":["https:\/\/back.mascotarea.com\/wp-content\/uploads\/2021\/02\/profine-junior-large-salmon-15-kg_12019.jpg",800,1000,false],"woocommerce_thumbnail":["https:\/\/back.mascotarea.com\/wp-content\/uploads\/2021\/02\/profine-junior-large-salmon-15-kg_12019-200x200.jpg",200,200,true],"woocommerce_single":["https:\/\/back.mascotarea.com\/wp-content\/uploads\/2021\/02\/profine-junior-large-salmon-15-kg_12019-200x250.jpg",200,250,true],"woocommerce_gallery_thumbnail":["https:\/\/back.mascotarea.com\/wp-content\/uploads\/2021\/02\/profine-junior-large-salmon-15-kg_12019-100x100.jpg",100,100,true],"dgwt-wcas-product-suggestion":["https:\/\/back.mascotarea.com\/wp-content\/uploads\/2021\/02\/profine-junior-large-salmon-15-kg_12019-64x80.jpg",64,80,true]},"uagb_author_info":{"display_name":"Roberto","author_link":"https:\/\/back.mascotarea.com\/?author=0"},"uagb_comment_info":0,"uagb_excerpt":"Receta natural con salm\u00f3n y patatas para perros junior de razas grandes.Profine para Perros Junior de raza Grande con Salm\u00f3n y Patatas est\u00e1 dise\u00f1ado con los mejores ingredientes, entre ellos probi\u00f3ticos, que refuerzan el sistema inmune del perro. Adem\u00e1s, por su contenido de Omega 3, el coraz\u00f3n y el sistema nervioso tendr\u00e1n un plus de&hellip;","_links":{"self":[{"href":"https:\/\/back.mascotarea.com\/index.php?rest_route=\/wp\/v2\/product\/6346","targetHints":{"allow":["GET"]}}],"collection":[{"href":"https:\/\/back.mascotarea.com\/index.php?rest_route=\/wp\/v2\/product"}],"about":[{"href":"https:\/\/back.mascotarea.com\/index.php?rest_route=\/wp\/v2\/types\/product"}],"replies":[{"embeddable":true,"href":"https:\/\/back.mascotarea.com\/index.php?rest_route=%2Fwp%2Fv2%2Fcomments&post=6346"}],"wp:featuredmedia":[{"embeddable":true,"href":"https:\/\/back.mascotarea.com\/index.php?rest_route=\/wp\/v2\/media\/6345"}],"wp:attachment":[{"href":"https:\/\/back.mascotarea.com\/index.php?rest_route=%2Fwp%2Fv2%2Fmedia&parent=6346"}],"wp:term":[{"taxonomy":"product_cat","embeddable":true,"href":"https:\/\/back.mascotarea.com\/index.php?rest_route=%2Fwp%2Fv2%2Fproduct_cat&post=6346"},{"taxonomy":"product_tag","embeddable":true,"href":"https:\/\/back.mascotarea.com\/index.php?rest_route=%2Fwp%2Fv2%2Fproduct_tag&post=6346"}],"curies":[{"name":"wp","href":"https:\/\/api.w.org\/{rel}","templated":true}]}}