{"id":6348,"date":"2021-02-03T13:47:53","date_gmt":"2021-02-03T13:47:53","guid":{"rendered":"https:\/\/back.mascotarea.com\/producto\/profine-lata-lamb-400gr\/"},"modified":"2023-06-04T06:08:42","modified_gmt":"2023-06-04T06:08:42","slug":"profine-lata-lamb-400gr","status":"publish","type":"product","link":"https:\/\/back.mascotarea.com\/?product=profine-lata-lamb-400gr","title":{"rendered":"Profine Lata Lamb 400gr"},"content":{"rendered":"<p>COMPOSICI\u00d3N: carne de cordero y \u00f3rganos 65%, salsa natural 24%, calabaza 9%, aceite de salm\u00f3n 1%, minerales 1%. <\/p>\n","protected":false},"excerpt":{"rendered":"<p>Alimento complementario s\u00faper-premium para perros. Sin cereales. con un 65% de Cordero.<\/p>\n<p>Las latas Profine con Cordero est\u00e1n elaboradas con productos de primera calidad. Indicadas para todo tipo perros. Ideales para combinar con el pienso seco. Perfectas para perros con problemas digestivos, intolerancias alimentarias,  y alergias. Las latas Profine con Cordero para perros son de calidad s\u00faper-premium en toda su elaboraci\u00f3n.<\/p>\n","protected":false},"featured_media":6347,"comment_status":"open","ping_status":"closed","template":"","meta":{"_uag_custom_page_level_css":"","_themeisle_gutenberg_block_has_review":false},"product_cat":[190],"product_tag":[],"class_list":{"0":"post-6348","1":"product","2":"type-product","3":"status-publish","4":"has-post-thumbnail","6":"product_cat-alimentacion-humeda","8":"first","9":"outofstock","10":"taxable","11":"shipping-taxable","12":"purchasable","13":"product-type-simple","14":"customify-col"},"uagb_featured_image_src":{"full":["https:\/\/back.mascotarea.com\/wp-content\/uploads\/2021\/02\/profine-lata-lamb-400gr_3548.jpg",800,1000,false],"thumbnail":["https:\/\/back.mascotarea.com\/wp-content\/uploads\/2021\/02\/profine-lata-lamb-400gr_3548-150x150.jpg",150,150,true],"medium":["https:\/\/back.mascotarea.com\/wp-content\/uploads\/2021\/02\/profine-lata-lamb-400gr_3548-240x300.jpg",240,300,true],"medium_large":["https:\/\/back.mascotarea.com\/wp-content\/uploads\/2021\/02\/profine-lata-lamb-400gr_3548-768x960.jpg",768,960,true],"large":["https:\/\/back.mascotarea.com\/wp-content\/uploads\/2021\/02\/profine-lata-lamb-400gr_3548.jpg",800,1000,false],"1536x1536":["https:\/\/back.mascotarea.com\/wp-content\/uploads\/2021\/02\/profine-lata-lamb-400gr_3548.jpg",800,1000,false],"2048x2048":["https:\/\/back.mascotarea.com\/wp-content\/uploads\/2021\/02\/profine-lata-lamb-400gr_3548.jpg",800,1000,false],"woocommerce_thumbnail":["https:\/\/back.mascotarea.com\/wp-content\/uploads\/2021\/02\/profine-lata-lamb-400gr_3548-200x200.jpg",200,200,true],"woocommerce_single":["https:\/\/back.mascotarea.com\/wp-content\/uploads\/2021\/02\/profine-lata-lamb-400gr_3548-200x250.jpg",200,250,true],"woocommerce_gallery_thumbnail":["https:\/\/back.mascotarea.com\/wp-content\/uploads\/2021\/02\/profine-lata-lamb-400gr_3548-100x100.jpg",100,100,true],"dgwt-wcas-product-suggestion":["https:\/\/back.mascotarea.com\/wp-content\/uploads\/2021\/02\/profine-lata-lamb-400gr_3548-64x80.jpg",64,80,true]},"uagb_author_info":{"display_name":"Roberto","author_link":"https:\/\/back.mascotarea.com\/?author=0"},"uagb_comment_info":0,"uagb_excerpt":"Alimento complementario s\u00faper-premium para perros. Sin cereales. con un 65% de Cordero.Las latas Profine con Cordero est\u00e1n elaboradas con productos de primera calidad. Indicadas para todo tipo perros. Ideales para combinar con el pienso seco. Perfectas para perros con problemas digestivos, intolerancias alimentarias, y alergias. Las latas Profine con Cordero para perros son de calidad&hellip;","_links":{"self":[{"href":"https:\/\/back.mascotarea.com\/index.php?rest_route=\/wp\/v2\/product\/6348","targetHints":{"allow":["GET"]}}],"collection":[{"href":"https:\/\/back.mascotarea.com\/index.php?rest_route=\/wp\/v2\/product"}],"about":[{"href":"https:\/\/back.mascotarea.com\/index.php?rest_route=\/wp\/v2\/types\/product"}],"replies":[{"embeddable":true,"href":"https:\/\/back.mascotarea.com\/index.php?rest_route=%2Fwp%2Fv2%2Fcomments&post=6348"}],"wp:featuredmedia":[{"embeddable":true,"href":"https:\/\/back.mascotarea.com\/index.php?rest_route=\/wp\/v2\/media\/6347"}],"wp:attachment":[{"href":"https:\/\/back.mascotarea.com\/index.php?rest_route=%2Fwp%2Fv2%2Fmedia&parent=6348"}],"wp:term":[{"taxonomy":"product_cat","embeddable":true,"href":"https:\/\/back.mascotarea.com\/index.php?rest_route=%2Fwp%2Fv2%2Fproduct_cat&post=6348"},{"taxonomy":"product_tag","embeddable":true,"href":"https:\/\/back.mascotarea.com\/index.php?rest_route=%2Fwp%2Fv2%2Fproduct_tag&post=6348"}],"curies":[{"name":"wp","href":"https:\/\/api.w.org\/{rel}","templated":true}]}}