{"id":6352,"date":"2021-02-03T13:47:57","date_gmt":"2021-02-03T13:47:57","guid":{"rendered":"https:\/\/back.mascotarea.com\/producto\/profine-lata-salmon-chicken-400gr\/"},"modified":"2023-06-04T06:08:44","modified_gmt":"2023-06-04T06:08:44","slug":"profine-lata-salmon-chicken-400gr","status":"publish","type":"product","link":"https:\/\/back.mascotarea.com\/?product=profine-lata-salmon-chicken-400gr","title":{"rendered":"Profine Lata Salmon &amp; Chicken 400gr"},"content":{"rendered":"<p>COMPOSICI\u00d3N: salm\u00f3n 35%, carne de pollo y \u00f3rganos 30%, salsa natural 24%, de calabaza 9%, aceite de salm\u00f3n 1%, minerales 1%.<\/p>\n","protected":false},"excerpt":{"rendered":"<p>Alimento complementario s\u00faper-premium para perros. Sin cereales. Con un 65% Salm\u00f3n &amp; pollo.<\/p>\n<p>Las latas Profine con Salm\u00f3n y Pollo est\u00e1n elaboradas con productos de primera calidad. Indicadas para todo tipo perros. Son Ideales para combinar con el pienso seco. Perfectas para perros con problemas digestivos, intolerancias alimentarias,  y alergias. Las latas Profine con Salm\u00f3n y Pollo para perros son de calidad s\u00faper-premium en toda su elaboraci\u00f3n.<\/p>\n","protected":false},"featured_media":6351,"comment_status":"open","ping_status":"closed","template":"","meta":{"_uag_custom_page_level_css":"","_themeisle_gutenberg_block_has_review":false},"product_cat":[190],"product_tag":[],"class_list":{"0":"post-6352","1":"product","2":"type-product","3":"status-publish","4":"has-post-thumbnail","6":"product_cat-alimentacion-humeda","8":"first","9":"outofstock","10":"taxable","11":"shipping-taxable","12":"purchasable","13":"product-type-simple","14":"customify-col"},"uagb_featured_image_src":{"full":["https:\/\/back.mascotarea.com\/wp-content\/uploads\/2021\/02\/profine-lata-salmon-chicken-400gr_13461.jpg",800,1000,false],"thumbnail":["https:\/\/back.mascotarea.com\/wp-content\/uploads\/2021\/02\/profine-lata-salmon-chicken-400gr_13461-150x150.jpg",150,150,true],"medium":["https:\/\/back.mascotarea.com\/wp-content\/uploads\/2021\/02\/profine-lata-salmon-chicken-400gr_13461-240x300.jpg",240,300,true],"medium_large":["https:\/\/back.mascotarea.com\/wp-content\/uploads\/2021\/02\/profine-lata-salmon-chicken-400gr_13461-768x960.jpg",768,960,true],"large":["https:\/\/back.mascotarea.com\/wp-content\/uploads\/2021\/02\/profine-lata-salmon-chicken-400gr_13461.jpg",800,1000,false],"1536x1536":["https:\/\/back.mascotarea.com\/wp-content\/uploads\/2021\/02\/profine-lata-salmon-chicken-400gr_13461.jpg",800,1000,false],"2048x2048":["https:\/\/back.mascotarea.com\/wp-content\/uploads\/2021\/02\/profine-lata-salmon-chicken-400gr_13461.jpg",800,1000,false],"woocommerce_thumbnail":["https:\/\/back.mascotarea.com\/wp-content\/uploads\/2021\/02\/profine-lata-salmon-chicken-400gr_13461-200x200.jpg",200,200,true],"woocommerce_single":["https:\/\/back.mascotarea.com\/wp-content\/uploads\/2021\/02\/profine-lata-salmon-chicken-400gr_13461-200x250.jpg",200,250,true],"woocommerce_gallery_thumbnail":["https:\/\/back.mascotarea.com\/wp-content\/uploads\/2021\/02\/profine-lata-salmon-chicken-400gr_13461-100x100.jpg",100,100,true],"dgwt-wcas-product-suggestion":["https:\/\/back.mascotarea.com\/wp-content\/uploads\/2021\/02\/profine-lata-salmon-chicken-400gr_13461-64x80.jpg",64,80,true]},"uagb_author_info":{"display_name":"Roberto","author_link":"https:\/\/back.mascotarea.com\/?author=0"},"uagb_comment_info":0,"uagb_excerpt":"Alimento complementario s\u00faper-premium para perros. Sin cereales. Con un 65% Salm\u00f3n &amp; pollo.Las latas Profine con Salm\u00f3n y Pollo est\u00e1n elaboradas con productos de primera calidad. Indicadas para todo tipo perros. Son Ideales para combinar con el pienso seco. Perfectas para perros con problemas digestivos, intolerancias alimentarias, y alergias. Las latas Profine con Salm\u00f3n y&hellip;","_links":{"self":[{"href":"https:\/\/back.mascotarea.com\/index.php?rest_route=\/wp\/v2\/product\/6352","targetHints":{"allow":["GET"]}}],"collection":[{"href":"https:\/\/back.mascotarea.com\/index.php?rest_route=\/wp\/v2\/product"}],"about":[{"href":"https:\/\/back.mascotarea.com\/index.php?rest_route=\/wp\/v2\/types\/product"}],"replies":[{"embeddable":true,"href":"https:\/\/back.mascotarea.com\/index.php?rest_route=%2Fwp%2Fv2%2Fcomments&post=6352"}],"wp:featuredmedia":[{"embeddable":true,"href":"https:\/\/back.mascotarea.com\/index.php?rest_route=\/wp\/v2\/media\/6351"}],"wp:attachment":[{"href":"https:\/\/back.mascotarea.com\/index.php?rest_route=%2Fwp%2Fv2%2Fmedia&parent=6352"}],"wp:term":[{"taxonomy":"product_cat","embeddable":true,"href":"https:\/\/back.mascotarea.com\/index.php?rest_route=%2Fwp%2Fv2%2Fproduct_cat&post=6352"},{"taxonomy":"product_tag","embeddable":true,"href":"https:\/\/back.mascotarea.com\/index.php?rest_route=%2Fwp%2Fv2%2Fproduct_tag&post=6352"}],"curies":[{"name":"wp","href":"https:\/\/api.w.org\/{rel}","templated":true}]}}