{"id":6356,"date":"2021-02-03T13:48:01","date_gmt":"2021-02-03T13:48:01","guid":{"rendered":"https:\/\/back.mascotarea.com\/producto\/profine-lata-pollo-higado-de-pollo-400g\/"},"modified":"2023-06-04T06:08:45","modified_gmt":"2023-06-04T06:08:45","slug":"profine-lata-pollo-higado-de-pollo-400g","status":"publish","type":"product","link":"https:\/\/back.mascotarea.com\/?product=profine-lata-pollo-higado-de-pollo-400g","title":{"rendered":"Profine Lata Pollo &amp; H\u00edgado De Pollo 400g"},"content":{"rendered":"<p>COMPOSICI\u00d3N: Carne de pollo y \u00f3rganos 60%, salsa natural 24%, calabaza 9%, h\u00edgado de pollo 5%, aceite de salm\u00f3n 1%, minerales 1%. <\/p>\n","protected":false},"excerpt":{"rendered":"<p>Alimento complementario s\u00faper-premium para perros. Sin cereales. Con un 65% de Pollo &amp; h\u00edgado de pollo.<\/p>\n<p>Las latas Profine con Pollo e h\u00edgado de Pollo est\u00e1n elaboradas con productos de primera calidad. Indicadas para todo tipo de perros. Ideales para mezclar con el pienso seco. Perfectas para perros con problemas digestivos, intolerancias alimentarias, y alergias. Las latas Profine con Pollo e H\u00edgado de Pollo para perros son de calidad s\u00faper-premium en toda su elaboraci\u00f3n.<\/p>\n","protected":false},"featured_media":6355,"comment_status":"open","ping_status":"closed","template":"","meta":{"_uag_custom_page_level_css":"","_themeisle_gutenberg_block_has_review":false},"product_cat":[190],"product_tag":[],"class_list":{"0":"post-6356","1":"product","2":"type-product","3":"status-publish","4":"has-post-thumbnail","6":"product_cat-alimentacion-humeda","8":"first","9":"outofstock","10":"taxable","11":"shipping-taxable","12":"purchasable","13":"product-type-simple","14":"customify-col"},"uagb_featured_image_src":{"full":["https:\/\/back.mascotarea.com\/wp-content\/uploads\/2021\/02\/profine-lata-pollo-higado-de-pollo-400g_26910.jpg",800,1000,false],"thumbnail":["https:\/\/back.mascotarea.com\/wp-content\/uploads\/2021\/02\/profine-lata-pollo-higado-de-pollo-400g_26910-150x150.jpg",150,150,true],"medium":["https:\/\/back.mascotarea.com\/wp-content\/uploads\/2021\/02\/profine-lata-pollo-higado-de-pollo-400g_26910-240x300.jpg",240,300,true],"medium_large":["https:\/\/back.mascotarea.com\/wp-content\/uploads\/2021\/02\/profine-lata-pollo-higado-de-pollo-400g_26910-768x960.jpg",768,960,true],"large":["https:\/\/back.mascotarea.com\/wp-content\/uploads\/2021\/02\/profine-lata-pollo-higado-de-pollo-400g_26910.jpg",800,1000,false],"1536x1536":["https:\/\/back.mascotarea.com\/wp-content\/uploads\/2021\/02\/profine-lata-pollo-higado-de-pollo-400g_26910.jpg",800,1000,false],"2048x2048":["https:\/\/back.mascotarea.com\/wp-content\/uploads\/2021\/02\/profine-lata-pollo-higado-de-pollo-400g_26910.jpg",800,1000,false],"woocommerce_thumbnail":["https:\/\/back.mascotarea.com\/wp-content\/uploads\/2021\/02\/profine-lata-pollo-higado-de-pollo-400g_26910-200x200.jpg",200,200,true],"woocommerce_single":["https:\/\/back.mascotarea.com\/wp-content\/uploads\/2021\/02\/profine-lata-pollo-higado-de-pollo-400g_26910-200x250.jpg",200,250,true],"woocommerce_gallery_thumbnail":["https:\/\/back.mascotarea.com\/wp-content\/uploads\/2021\/02\/profine-lata-pollo-higado-de-pollo-400g_26910-100x100.jpg",100,100,true],"dgwt-wcas-product-suggestion":["https:\/\/back.mascotarea.com\/wp-content\/uploads\/2021\/02\/profine-lata-pollo-higado-de-pollo-400g_26910-64x80.jpg",64,80,true]},"uagb_author_info":{"display_name":"Roberto","author_link":"https:\/\/back.mascotarea.com\/?author=0"},"uagb_comment_info":0,"uagb_excerpt":"Alimento complementario s\u00faper-premium para perros. Sin cereales. Con un 65% de Pollo &amp; h\u00edgado de pollo.Las latas Profine con Pollo e h\u00edgado de Pollo est\u00e1n elaboradas con productos de primera calidad. Indicadas para todo tipo de perros. Ideales para mezclar con el pienso seco. Perfectas para perros con problemas digestivos, intolerancias alimentarias, y alergias. Las&hellip;","_links":{"self":[{"href":"https:\/\/back.mascotarea.com\/index.php?rest_route=\/wp\/v2\/product\/6356","targetHints":{"allow":["GET"]}}],"collection":[{"href":"https:\/\/back.mascotarea.com\/index.php?rest_route=\/wp\/v2\/product"}],"about":[{"href":"https:\/\/back.mascotarea.com\/index.php?rest_route=\/wp\/v2\/types\/product"}],"replies":[{"embeddable":true,"href":"https:\/\/back.mascotarea.com\/index.php?rest_route=%2Fwp%2Fv2%2Fcomments&post=6356"}],"wp:featuredmedia":[{"embeddable":true,"href":"https:\/\/back.mascotarea.com\/index.php?rest_route=\/wp\/v2\/media\/6355"}],"wp:attachment":[{"href":"https:\/\/back.mascotarea.com\/index.php?rest_route=%2Fwp%2Fv2%2Fmedia&parent=6356"}],"wp:term":[{"taxonomy":"product_cat","embeddable":true,"href":"https:\/\/back.mascotarea.com\/index.php?rest_route=%2Fwp%2Fv2%2Fproduct_cat&post=6356"},{"taxonomy":"product_tag","embeddable":true,"href":"https:\/\/back.mascotarea.com\/index.php?rest_route=%2Fwp%2Fv2%2Fproduct_tag&post=6356"}],"curies":[{"name":"wp","href":"https:\/\/api.w.org\/{rel}","templated":true}]}}