{"id":6435,"date":"2021-02-03T16:34:05","date_gmt":"2021-02-03T16:34:05","guid":{"rendered":"https:\/\/back.mascotarea.com\/producto\/advance-labrador-12-kg\/"},"modified":"2024-07-10T11:27:10","modified_gmt":"2024-07-10T11:27:10","slug":"advance-labrador-12-kg","status":"publish","type":"product","link":"https:\/\/back.mascotarea.com\/?product=advance-labrador-12-kg","title":{"rendered":"Advance Labrador 12 Kg"},"content":{"rendered":"<p><\/p>\n<p>Ingredientes<\/p>\n<p><\/p>\n<p>Pollo (17%), prote\u00ednas deshidratadas de ave, cebada (10%), trigo, prote\u00edna de ma\u00edz, harina de trigo, guisantes, grasa animal,estabilizada con una mezcla de tocoferoles de origen natural, ma\u00edz, prote\u00ednas animales hidrolizadas, pulpa de remolacha, fibra vegetal, aceite de pescado, prote\u00ednas plasm\u00e1ticas,fuente natural de inmunoglobulinas(0.4%), cloruro pot\u00e1sico, difosfato de tetrasodio, aceite de soja, sal, glucosamina(460 mg\/kg), sulfato de condroitina (350 mg\/kg), polifenoles naturales (0.01%),<\/p>\n<p><\/p>\n","protected":false},"excerpt":{"rendered":"<p>Labrador Retriever<\/p>\n<p>Para Golden y Labrador Retriever adultos (&gt;12meses)<\/p>\n<p>ADVANCE Labrador Retriever es un alimento de alta gama,  completo y equilibrado especialmente formulado para perros adultos de la raza Labrador Retriever.<\/p>\n<p><\/p>\n<p>ADVANCE Labrador Retriever, gracias a su f\u00f3rmula con fibras naturales, niveles moderados de calor\u00edas y l-carnitina ayuda a mantener a tu perro un peso adecuado mientras que la  combinaci\u00f3n de condroitina, glucosamina y \u00e1cidos grasos omega 3 le ayudan a mantener la salud de sus articulaciones. <\/p>\n","protected":false},"featured_media":6434,"comment_status":"open","ping_status":"closed","template":"","meta":{"_uag_custom_page_level_css":"","_themeisle_gutenberg_block_has_review":false},"product_cat":[226,192],"product_tag":[],"class_list":{"0":"post-6435","1":"product","2":"type-product","3":"status-publish","4":"has-post-thumbnail","6":"product_cat-advance-perro","7":"product_cat-pienso-seco-para-perro","9":"first","10":"outofstock","11":"taxable","12":"shipping-taxable","13":"purchasable","14":"product-type-simple","15":"customify-col"},"uagb_featured_image_src":{"full":["https:\/\/back.mascotarea.com\/wp-content\/uploads\/2021\/02\/advance-labrador-12-kg_10806.jpg",800,1000,false],"thumbnail":["https:\/\/back.mascotarea.com\/wp-content\/uploads\/2021\/02\/advance-labrador-12-kg_10806-150x150.jpg",150,150,true],"medium":["https:\/\/back.mascotarea.com\/wp-content\/uploads\/2021\/02\/advance-labrador-12-kg_10806-240x300.jpg",240,300,true],"medium_large":["https:\/\/back.mascotarea.com\/wp-content\/uploads\/2021\/02\/advance-labrador-12-kg_10806-768x960.jpg",768,960,true],"large":["https:\/\/back.mascotarea.com\/wp-content\/uploads\/2021\/02\/advance-labrador-12-kg_10806.jpg",800,1000,false],"1536x1536":["https:\/\/back.mascotarea.com\/wp-content\/uploads\/2021\/02\/advance-labrador-12-kg_10806.jpg",800,1000,false],"2048x2048":["https:\/\/back.mascotarea.com\/wp-content\/uploads\/2021\/02\/advance-labrador-12-kg_10806.jpg",800,1000,false],"woocommerce_thumbnail":["https:\/\/back.mascotarea.com\/wp-content\/uploads\/2021\/02\/advance-labrador-12-kg_10806-200x200.jpg",200,200,true],"woocommerce_single":["https:\/\/back.mascotarea.com\/wp-content\/uploads\/2021\/02\/advance-labrador-12-kg_10806-200x250.jpg",200,250,true],"woocommerce_gallery_thumbnail":["https:\/\/back.mascotarea.com\/wp-content\/uploads\/2021\/02\/advance-labrador-12-kg_10806-100x100.jpg",100,100,true],"dgwt-wcas-product-suggestion":["https:\/\/back.mascotarea.com\/wp-content\/uploads\/2021\/02\/advance-labrador-12-kg_10806-64x80.jpg",64,80,true]},"uagb_author_info":{"display_name":"Roberto","author_link":"https:\/\/back.mascotarea.com\/?author=0"},"uagb_comment_info":0,"uagb_excerpt":"Labrador RetrieverPara Golden y Labrador Retriever adultos (&gt;12meses)ADVANCE Labrador Retriever es un alimento de alta gama, completo y equilibrado especialmente formulado para perros adultos de la raza Labrador Retriever.ADVANCE Labrador Retriever, gracias a su f\u00f3rmula con fibras naturales, niveles moderados de calor\u00edas y l-carnitina ayuda a mantener a tu perro un peso adecuado mientras que&hellip;","_links":{"self":[{"href":"https:\/\/back.mascotarea.com\/index.php?rest_route=\/wp\/v2\/product\/6435","targetHints":{"allow":["GET"]}}],"collection":[{"href":"https:\/\/back.mascotarea.com\/index.php?rest_route=\/wp\/v2\/product"}],"about":[{"href":"https:\/\/back.mascotarea.com\/index.php?rest_route=\/wp\/v2\/types\/product"}],"replies":[{"embeddable":true,"href":"https:\/\/back.mascotarea.com\/index.php?rest_route=%2Fwp%2Fv2%2Fcomments&post=6435"}],"wp:featuredmedia":[{"embeddable":true,"href":"https:\/\/back.mascotarea.com\/index.php?rest_route=\/wp\/v2\/media\/6434"}],"wp:attachment":[{"href":"https:\/\/back.mascotarea.com\/index.php?rest_route=%2Fwp%2Fv2%2Fmedia&parent=6435"}],"wp:term":[{"taxonomy":"product_cat","embeddable":true,"href":"https:\/\/back.mascotarea.com\/index.php?rest_route=%2Fwp%2Fv2%2Fproduct_cat&post=6435"},{"taxonomy":"product_tag","embeddable":true,"href":"https:\/\/back.mascotarea.com\/index.php?rest_route=%2Fwp%2Fv2%2Fproduct_tag&post=6435"}],"curies":[{"name":"wp","href":"https:\/\/api.w.org\/{rel}","templated":true}]}}