{"id":6479,"date":"2021-02-03T18:51:42","date_gmt":"2021-02-03T18:51:42","guid":{"rendered":"https:\/\/back.mascotarea.com\/producto\/advance-puppy-protect-maxi-chicken-rice-3-kg\/"},"modified":"2023-06-30T12:08:53","modified_gmt":"2023-06-30T12:08:53","slug":"advance-puppy-protect-maxi-chicken-rice-3-kg","status":"publish","type":"product","link":"https:\/\/back.mascotarea.com\/?product=advance-puppy-protect-maxi-chicken-rice-3-kg","title":{"rendered":"Advance Puppy Protect Maxi Chicken &amp; Rice 3 Kg"},"content":{"rendered":"<p>Ingredientes:<\/p>\n<p>Pollo (16%), prote\u00ednas deshidratadas de ave, Trigo, prote\u00edna de ma\u00edz, arroz (10%), ma\u00edz, grasa animal, estabilizada con una mezcla de tocoferoles de origen natural, harina de ma\u00edz, prote\u00ednas animales hidrolizadas, pulpa de remolacha, aceite de pescado, fibra de avena, sal, cloruro pot\u00e1sico, prote\u00ednas plasm\u00e1ticas, fuente natural de inmunoglobulinas (0.5%), extracto de levadura, fuente natural de nucle\u00f3tidos (0.05%), glucosamina (460 mg\/kg), sulfato de condroitina (350 mg\/kg), <\/p>\n","protected":false},"excerpt":{"rendered":"<p>Maxi Puppy<\/p>\n<p>De 2 a 12 meses de edad<\/p>\n<p>Si tu cachorro es Maxi, es decir, si su peso una vez se desarrolle y sea adulto es mayor de 30kg; necesita un producto espec\u00edfico que le ayude a crecer fuerte y sano. <\/p>\n<p>Advance Maxi Puppy es un alimento de alta gama formulado para cubrir sus necesidades nutricionales espec\u00edficas, favoreciendo el m\u00e1ximo desarrollo de su sistema digestivo e inmunitario, reforzando sus defensas y garantizando el correcto desarrollo de sus huesos, con un alimento f\u00e1cil de digerir.<\/p>\n<p>Adem\u00e1s el tama\u00f1o de las croquetas de Advance Maxi Puppy  se adapta al tama\u00f1o de la mand\u00edbula de tu cachorro Medium.<\/p>\n<p>Advance Puppy Maxi est\u00e1 especialmente indicado para cachorros de raza grande de 2 a 12 meses de edad.<\/p>\n","protected":false},"featured_media":6478,"comment_status":"open","ping_status":"closed","template":"","meta":{"_uag_custom_page_level_css":"","_themeisle_gutenberg_block_has_review":false},"product_cat":[226,192],"product_tag":[],"class_list":{"0":"post-6479","1":"product","2":"type-product","3":"status-publish","4":"has-post-thumbnail","6":"product_cat-advance-perro","7":"product_cat-pienso-seco-para-perro","9":"first","10":"instock","11":"taxable","12":"shipping-taxable","13":"purchasable","14":"product-type-simple","15":"customify-col"},"uagb_featured_image_src":{"full":["https:\/\/back.mascotarea.com\/wp-content\/uploads\/2021\/02\/advance-puppy-protect-maxi-chicken-rice-3-kg_15937.jpg",800,1000,false],"thumbnail":["https:\/\/back.mascotarea.com\/wp-content\/uploads\/2021\/02\/advance-puppy-protect-maxi-chicken-rice-3-kg_15937-150x150.jpg",150,150,true],"medium":["https:\/\/back.mascotarea.com\/wp-content\/uploads\/2021\/02\/advance-puppy-protect-maxi-chicken-rice-3-kg_15937-240x300.jpg",240,300,true],"medium_large":["https:\/\/back.mascotarea.com\/wp-content\/uploads\/2021\/02\/advance-puppy-protect-maxi-chicken-rice-3-kg_15937-768x960.jpg",768,960,true],"large":["https:\/\/back.mascotarea.com\/wp-content\/uploads\/2021\/02\/advance-puppy-protect-maxi-chicken-rice-3-kg_15937.jpg",800,1000,false],"1536x1536":["https:\/\/back.mascotarea.com\/wp-content\/uploads\/2021\/02\/advance-puppy-protect-maxi-chicken-rice-3-kg_15937.jpg",800,1000,false],"2048x2048":["https:\/\/back.mascotarea.com\/wp-content\/uploads\/2021\/02\/advance-puppy-protect-maxi-chicken-rice-3-kg_15937.jpg",800,1000,false],"woocommerce_thumbnail":["https:\/\/back.mascotarea.com\/wp-content\/uploads\/2021\/02\/advance-puppy-protect-maxi-chicken-rice-3-kg_15937-200x200.jpg",200,200,true],"woocommerce_single":["https:\/\/back.mascotarea.com\/wp-content\/uploads\/2021\/02\/advance-puppy-protect-maxi-chicken-rice-3-kg_15937-200x250.jpg",200,250,true],"woocommerce_gallery_thumbnail":["https:\/\/back.mascotarea.com\/wp-content\/uploads\/2021\/02\/advance-puppy-protect-maxi-chicken-rice-3-kg_15937-100x100.jpg",100,100,true],"dgwt-wcas-product-suggestion":["https:\/\/back.mascotarea.com\/wp-content\/uploads\/2021\/02\/advance-puppy-protect-maxi-chicken-rice-3-kg_15937-64x80.jpg",64,80,true]},"uagb_author_info":{"display_name":"Roberto","author_link":"https:\/\/back.mascotarea.com\/?author=0"},"uagb_comment_info":0,"uagb_excerpt":"Maxi PuppyDe 2 a 12 meses de edadSi tu cachorro es Maxi, es decir, si su peso una vez se desarrolle y sea adulto es mayor de 30kg; necesita un producto espec\u00edfico que le ayude a crecer fuerte y sano. Advance Maxi Puppy es un alimento de alta gama formulado para cubrir sus necesidades nutricionales&hellip;","_links":{"self":[{"href":"https:\/\/back.mascotarea.com\/index.php?rest_route=\/wp\/v2\/product\/6479","targetHints":{"allow":["GET"]}}],"collection":[{"href":"https:\/\/back.mascotarea.com\/index.php?rest_route=\/wp\/v2\/product"}],"about":[{"href":"https:\/\/back.mascotarea.com\/index.php?rest_route=\/wp\/v2\/types\/product"}],"replies":[{"embeddable":true,"href":"https:\/\/back.mascotarea.com\/index.php?rest_route=%2Fwp%2Fv2%2Fcomments&post=6479"}],"wp:featuredmedia":[{"embeddable":true,"href":"https:\/\/back.mascotarea.com\/index.php?rest_route=\/wp\/v2\/media\/6478"}],"wp:attachment":[{"href":"https:\/\/back.mascotarea.com\/index.php?rest_route=%2Fwp%2Fv2%2Fmedia&parent=6479"}],"wp:term":[{"taxonomy":"product_cat","embeddable":true,"href":"https:\/\/back.mascotarea.com\/index.php?rest_route=%2Fwp%2Fv2%2Fproduct_cat&post=6479"},{"taxonomy":"product_tag","embeddable":true,"href":"https:\/\/back.mascotarea.com\/index.php?rest_route=%2Fwp%2Fv2%2Fproduct_tag&post=6479"}],"curies":[{"name":"wp","href":"https:\/\/api.w.org\/{rel}","templated":true}]}}