{"id":6488,"date":"2021-02-04T11:47:33","date_gmt":"2021-02-04T11:47:33","guid":{"rendered":"https:\/\/back.mascotarea.com\/producto\/advance-mini-light-1-5-kg\/"},"modified":"2024-07-17T17:27:29","modified_gmt":"2024-07-17T17:27:29","slug":"advance-mini-light-1-5-kg","status":"publish","type":"product","link":"https:\/\/back.mascotarea.com\/?product=advance-mini-light-1-5-kg","title":{"rendered":"Advance Mini Light 1,5 Kg"},"content":{"rendered":"<p>Ingredientes:<\/p>\n<p>Pollo (15%), prote\u00ednas deshidratadas de ave, trigo, arroz, harina de trigo, prote\u00edna de ma\u00edz, ma\u00edz, fibra vegetal, pulpa de remolacha, prote\u00ednas animales hidrolizadas, salvado de ma\u00edz, prote\u00ednas deshidratadas de cerdo, harina de ma\u00edz, grasa animal,estabilizada con una mezcla de tocoferoles de origen natural, aceite de pescado, cloruro pot\u00e1sico, prote\u00ednas plasm\u00e1ticas,fuente natural de inmunoglobulinas (0.4%), sal, difosfato de tetrasodio, polifenoles naturales (0.01%), <\/p>\n","protected":false},"excerpt":{"rendered":"<p>Light Mini<\/p>\n<p>Para perros de &lt;10kgs<\/p>\n<p>ADVANCE Light Mini es un alimento de alta gama especialmente indicado para perros mini de raza peque\u00f1a (hasta 10kgs) con sobrepeso y tendencia a la obesidad.  <\/p>\n<p>Gracias a su nueva f\u00f3rmula baja en grasas y su alto contenido en prote\u00ednas ayuda a tu perro mini a controlar su peso sin que pierda masa muscular. <\/p>\n<p>Las croquetas de Advance Light Mini est\u00e1n espec\u00edficamente adaptadas a tu perro adulto mini.<\/p>\n","protected":false},"featured_media":6487,"comment_status":"open","ping_status":"closed","template":"","meta":{"_uag_custom_page_level_css":"","_themeisle_gutenberg_block_has_review":false},"product_cat":[226,192],"product_tag":[],"class_list":{"0":"post-6488","1":"product","2":"type-product","3":"status-publish","4":"has-post-thumbnail","6":"product_cat-advance-perro","7":"product_cat-pienso-seco-para-perro","9":"first","10":"outofstock","11":"taxable","12":"shipping-taxable","13":"purchasable","14":"product-type-simple","15":"customify-col"},"uagb_featured_image_src":{"full":["https:\/\/back.mascotarea.com\/wp-content\/uploads\/2021\/02\/advance-mini-light-1-5-kg_18553.jpg",800,1000,false],"thumbnail":["https:\/\/back.mascotarea.com\/wp-content\/uploads\/2021\/02\/advance-mini-light-1-5-kg_18553-150x150.jpg",150,150,true],"medium":["https:\/\/back.mascotarea.com\/wp-content\/uploads\/2021\/02\/advance-mini-light-1-5-kg_18553-240x300.jpg",240,300,true],"medium_large":["https:\/\/back.mascotarea.com\/wp-content\/uploads\/2021\/02\/advance-mini-light-1-5-kg_18553-768x960.jpg",768,960,true],"large":["https:\/\/back.mascotarea.com\/wp-content\/uploads\/2021\/02\/advance-mini-light-1-5-kg_18553.jpg",800,1000,false],"1536x1536":["https:\/\/back.mascotarea.com\/wp-content\/uploads\/2021\/02\/advance-mini-light-1-5-kg_18553.jpg",800,1000,false],"2048x2048":["https:\/\/back.mascotarea.com\/wp-content\/uploads\/2021\/02\/advance-mini-light-1-5-kg_18553.jpg",800,1000,false],"woocommerce_thumbnail":["https:\/\/back.mascotarea.com\/wp-content\/uploads\/2021\/02\/advance-mini-light-1-5-kg_18553-200x200.jpg",200,200,true],"woocommerce_single":["https:\/\/back.mascotarea.com\/wp-content\/uploads\/2021\/02\/advance-mini-light-1-5-kg_18553-200x250.jpg",200,250,true],"woocommerce_gallery_thumbnail":["https:\/\/back.mascotarea.com\/wp-content\/uploads\/2021\/02\/advance-mini-light-1-5-kg_18553-100x100.jpg",100,100,true],"dgwt-wcas-product-suggestion":["https:\/\/back.mascotarea.com\/wp-content\/uploads\/2021\/02\/advance-mini-light-1-5-kg_18553-64x80.jpg",64,80,true]},"uagb_author_info":{"display_name":"Roberto","author_link":"https:\/\/back.mascotarea.com\/?author=0"},"uagb_comment_info":0,"uagb_excerpt":"Light MiniPara perros de &lt;10kgsADVANCE Light Mini es un alimento de alta gama especialmente indicado para perros mini de raza peque\u00f1a (hasta 10kgs) con sobrepeso y tendencia a la obesidad. Gracias a su nueva f\u00f3rmula baja en grasas y su alto contenido en prote\u00ednas ayuda a tu perro mini a controlar su peso sin que&hellip;","_links":{"self":[{"href":"https:\/\/back.mascotarea.com\/index.php?rest_route=\/wp\/v2\/product\/6488","targetHints":{"allow":["GET"]}}],"collection":[{"href":"https:\/\/back.mascotarea.com\/index.php?rest_route=\/wp\/v2\/product"}],"about":[{"href":"https:\/\/back.mascotarea.com\/index.php?rest_route=\/wp\/v2\/types\/product"}],"replies":[{"embeddable":true,"href":"https:\/\/back.mascotarea.com\/index.php?rest_route=%2Fwp%2Fv2%2Fcomments&post=6488"}],"wp:featuredmedia":[{"embeddable":true,"href":"https:\/\/back.mascotarea.com\/index.php?rest_route=\/wp\/v2\/media\/6487"}],"wp:attachment":[{"href":"https:\/\/back.mascotarea.com\/index.php?rest_route=%2Fwp%2Fv2%2Fmedia&parent=6488"}],"wp:term":[{"taxonomy":"product_cat","embeddable":true,"href":"https:\/\/back.mascotarea.com\/index.php?rest_route=%2Fwp%2Fv2%2Fproduct_cat&post=6488"},{"taxonomy":"product_tag","embeddable":true,"href":"https:\/\/back.mascotarea.com\/index.php?rest_route=%2Fwp%2Fv2%2Fproduct_tag&post=6488"}],"curies":[{"name":"wp","href":"https:\/\/api.w.org\/{rel}","templated":true}]}}