{"id":6506,"date":"2021-02-04T12:00:01","date_gmt":"2021-02-04T12:00:01","guid":{"rendered":"https:\/\/back.mascotarea.com\/producto\/advance-puppy-sensitive-0-8-kg\/"},"modified":"2024-06-29T11:26:42","modified_gmt":"2024-06-29T11:26:42","slug":"advance-puppy-sensitive-0-8-kg","status":"publish","type":"product","link":"https:\/\/back.mascotarea.com\/?product=advance-puppy-sensitive-0-8-kg","title":{"rendered":"Advance Puppy Sensitive Salmon 0,8 Kg"},"content":{"rendered":"<p>Ingredientes:<\/p>\n<p>Salm\u00f3n (18%), ma\u00edz, arroz (14%), prote\u00ednas deshidratadas de salm\u00f3n, prote\u00edna de ma\u00edz, grasa animal,estabilizada con una mezcla de tocoferoles de origen natural, saborizante hipoalerg\u00e9nico, prote\u00edna de patata, pulpa de remolacha, fibra vegetal, cloruro pot\u00e1sico, fructoligosac\u00e1ridos (0.4%), carbonato de calcio, sal, Aloe vera (0.005%), <\/p>\n","protected":false},"excerpt":{"rendered":"<p>Sensitive Puppy<\/p>\n<p>De los 2 a los 12 meses<\/p>\n<p>ADVANCE Sensitive Puppy es un alimento de alta gama especialmente indicado para cachorros de todos los tama\u00f1os de 2 a 12 a\u00f1os con intolerancia a la prote\u00edna de la carne. Su f\u00f3rmula monoprot\u00e9ica, con salm\u00f3n como coma \u00fanica fuente de prote\u00edna y con arroz hacen de Advance Sensitive Puppy un alimento f\u00e1cil de digerir que ayuda a reducir el riesgo de intolerancias alimentarias. Advance Senstive Puppy cuida de tu cachorro sensible mientras que le proporciona todos los nutrientes necesarios para que crezca fuerte y sano.<\/p>\n<p><\/p>\n","protected":false},"featured_media":6505,"comment_status":"open","ping_status":"closed","template":"","meta":{"_uag_custom_page_level_css":"","_themeisle_gutenberg_block_has_review":false},"product_cat":[226,192],"product_tag":[],"class_list":{"0":"post-6506","1":"product","2":"type-product","3":"status-publish","4":"has-post-thumbnail","6":"product_cat-advance-perro","7":"product_cat-pienso-seco-para-perro","9":"first","10":"outofstock","11":"taxable","12":"shipping-taxable","13":"purchasable","14":"product-type-simple","15":"customify-col"},"uagb_featured_image_src":{"full":["https:\/\/back.mascotarea.com\/wp-content\/uploads\/2021\/02\/advance-puppy-sensitive-salmon-0-8-kg_14129.jpg",800,1000,false],"thumbnail":["https:\/\/back.mascotarea.com\/wp-content\/uploads\/2021\/02\/advance-puppy-sensitive-salmon-0-8-kg_14129-150x150.jpg",150,150,true],"medium":["https:\/\/back.mascotarea.com\/wp-content\/uploads\/2021\/02\/advance-puppy-sensitive-salmon-0-8-kg_14129-240x300.jpg",240,300,true],"medium_large":["https:\/\/back.mascotarea.com\/wp-content\/uploads\/2021\/02\/advance-puppy-sensitive-salmon-0-8-kg_14129-768x960.jpg",768,960,true],"large":["https:\/\/back.mascotarea.com\/wp-content\/uploads\/2021\/02\/advance-puppy-sensitive-salmon-0-8-kg_14129.jpg",800,1000,false],"1536x1536":["https:\/\/back.mascotarea.com\/wp-content\/uploads\/2021\/02\/advance-puppy-sensitive-salmon-0-8-kg_14129.jpg",800,1000,false],"2048x2048":["https:\/\/back.mascotarea.com\/wp-content\/uploads\/2021\/02\/advance-puppy-sensitive-salmon-0-8-kg_14129.jpg",800,1000,false],"woocommerce_thumbnail":["https:\/\/back.mascotarea.com\/wp-content\/uploads\/2021\/02\/advance-puppy-sensitive-salmon-0-8-kg_14129-200x200.jpg",200,200,true],"woocommerce_single":["https:\/\/back.mascotarea.com\/wp-content\/uploads\/2021\/02\/advance-puppy-sensitive-salmon-0-8-kg_14129-200x250.jpg",200,250,true],"woocommerce_gallery_thumbnail":["https:\/\/back.mascotarea.com\/wp-content\/uploads\/2021\/02\/advance-puppy-sensitive-salmon-0-8-kg_14129-100x100.jpg",100,100,true],"dgwt-wcas-product-suggestion":["https:\/\/back.mascotarea.com\/wp-content\/uploads\/2021\/02\/advance-puppy-sensitive-salmon-0-8-kg_14129-64x80.jpg",64,80,true]},"uagb_author_info":{"display_name":"Roberto","author_link":"https:\/\/back.mascotarea.com\/?author=0"},"uagb_comment_info":0,"uagb_excerpt":"Sensitive PuppyDe los 2 a los 12 mesesADVANCE Sensitive Puppy es un alimento de alta gama especialmente indicado para cachorros de todos los tama\u00f1os de 2 a 12 a\u00f1os con intolerancia a la prote\u00edna de la carne. Su f\u00f3rmula monoprot\u00e9ica, con salm\u00f3n como coma \u00fanica fuente de prote\u00edna y con arroz hacen de Advance Sensitive&hellip;","_links":{"self":[{"href":"https:\/\/back.mascotarea.com\/index.php?rest_route=\/wp\/v2\/product\/6506","targetHints":{"allow":["GET"]}}],"collection":[{"href":"https:\/\/back.mascotarea.com\/index.php?rest_route=\/wp\/v2\/product"}],"about":[{"href":"https:\/\/back.mascotarea.com\/index.php?rest_route=\/wp\/v2\/types\/product"}],"replies":[{"embeddable":true,"href":"https:\/\/back.mascotarea.com\/index.php?rest_route=%2Fwp%2Fv2%2Fcomments&post=6506"}],"wp:featuredmedia":[{"embeddable":true,"href":"https:\/\/back.mascotarea.com\/index.php?rest_route=\/wp\/v2\/media\/6505"}],"wp:attachment":[{"href":"https:\/\/back.mascotarea.com\/index.php?rest_route=%2Fwp%2Fv2%2Fmedia&parent=6506"}],"wp:term":[{"taxonomy":"product_cat","embeddable":true,"href":"https:\/\/back.mascotarea.com\/index.php?rest_route=%2Fwp%2Fv2%2Fproduct_cat&post=6506"},{"taxonomy":"product_tag","embeddable":true,"href":"https:\/\/back.mascotarea.com\/index.php?rest_route=%2Fwp%2Fv2%2Fproduct_tag&post=6506"}],"curies":[{"name":"wp","href":"https:\/\/api.w.org\/{rel}","templated":true}]}}