{"id":6510,"date":"2021-02-04T12:11:30","date_gmt":"2021-02-04T12:11:30","guid":{"rendered":"https:\/\/back.mascotarea.com\/producto\/advance-sensitive-salmon-rice-3-kg\/"},"modified":"2024-07-05T17:26:59","modified_gmt":"2024-07-05T17:26:59","slug":"advance-sensitive-salmon-rice-3-kg","status":"publish","type":"product","link":"https:\/\/back.mascotarea.com\/?product=advance-sensitive-salmon-rice-3-kg","title":{"rendered":"Advance Sensitive Salmon &amp; Rice 3 Kg"},"content":{"rendered":"<p>Ingredientes:<\/p>\n<p>Salm\u00f3n (18%), ma\u00edz, prote\u00edna de ma\u00edz, Arroz (14%), prote\u00ednas deshidratadas de salm\u00f3n, grasa animal,estabilizada con una mezcla de tocoferoles de origen natural, harina de ma\u00edz, saborizante hipoalerg\u00e9nico, pulpa de remolacha, fibra vegetal, cloruro pot\u00e1sico, fructooligosac\u00e1ridos, sal, polifenoles naturales (0.01%), <\/p>\n","protected":false},"excerpt":{"rendered":"<p>Sensitive Medium \/ Maxi<\/p>\n<p>Para medianos y grandes adultos (&gt;12 meses)<\/p>\n<p>ADVANCE Sensitive Medium\/Maxi es un alimento completo y equilibrado especialmente formulado para perros con sensibilidades alimentaria (+10 kg). La sensibilidad alimentaria puede manifestarse a trav\u00e9s malas digestiones y  de forma ocasional a trav\u00e9s de s\u00edntomas cut\u00e1neos.<\/p>\n<p>Su f\u00f3rmula monoprot\u00e9ica, con salm\u00f3n como coma \u00fanica fuente de prote\u00edna y con arroz hacen de Advance Sensitive Medium un alimento f\u00e1cil de digerir que ayuda a reducir el riesgo de intolerancias alimentarias. <\/p>\n<p><\/p>\n","protected":false},"featured_media":6509,"comment_status":"open","ping_status":"closed","template":"","meta":{"_uag_custom_page_level_css":"","_themeisle_gutenberg_block_has_review":false},"product_cat":[226,192],"product_tag":[],"class_list":{"0":"post-6510","1":"product","2":"type-product","3":"status-publish","4":"has-post-thumbnail","6":"product_cat-advance-perro","7":"product_cat-pienso-seco-para-perro","9":"first","10":"instock","11":"taxable","12":"shipping-taxable","13":"purchasable","14":"product-type-simple","15":"customify-col"},"uagb_featured_image_src":{"full":["https:\/\/back.mascotarea.com\/wp-content\/uploads\/2021\/02\/advance-sensitive-salmon-rice-3-kg_15258.jpg",800,1000,false],"thumbnail":["https:\/\/back.mascotarea.com\/wp-content\/uploads\/2021\/02\/advance-sensitive-salmon-rice-3-kg_15258-150x150.jpg",150,150,true],"medium":["https:\/\/back.mascotarea.com\/wp-content\/uploads\/2021\/02\/advance-sensitive-salmon-rice-3-kg_15258-240x300.jpg",240,300,true],"medium_large":["https:\/\/back.mascotarea.com\/wp-content\/uploads\/2021\/02\/advance-sensitive-salmon-rice-3-kg_15258-768x960.jpg",768,960,true],"large":["https:\/\/back.mascotarea.com\/wp-content\/uploads\/2021\/02\/advance-sensitive-salmon-rice-3-kg_15258.jpg",800,1000,false],"1536x1536":["https:\/\/back.mascotarea.com\/wp-content\/uploads\/2021\/02\/advance-sensitive-salmon-rice-3-kg_15258.jpg",800,1000,false],"2048x2048":["https:\/\/back.mascotarea.com\/wp-content\/uploads\/2021\/02\/advance-sensitive-salmon-rice-3-kg_15258.jpg",800,1000,false],"woocommerce_thumbnail":["https:\/\/back.mascotarea.com\/wp-content\/uploads\/2021\/02\/advance-sensitive-salmon-rice-3-kg_15258-200x200.jpg",200,200,true],"woocommerce_single":["https:\/\/back.mascotarea.com\/wp-content\/uploads\/2021\/02\/advance-sensitive-salmon-rice-3-kg_15258-200x250.jpg",200,250,true],"woocommerce_gallery_thumbnail":["https:\/\/back.mascotarea.com\/wp-content\/uploads\/2021\/02\/advance-sensitive-salmon-rice-3-kg_15258-100x100.jpg",100,100,true],"dgwt-wcas-product-suggestion":["https:\/\/back.mascotarea.com\/wp-content\/uploads\/2021\/02\/advance-sensitive-salmon-rice-3-kg_15258-64x80.jpg",64,80,true]},"uagb_author_info":{"display_name":"Roberto","author_link":"https:\/\/back.mascotarea.com\/?author=0"},"uagb_comment_info":0,"uagb_excerpt":"Sensitive Medium \/ MaxiPara medianos y grandes adultos (&gt;12 meses)ADVANCE Sensitive Medium\/Maxi es un alimento completo y equilibrado especialmente formulado para perros con sensibilidades alimentaria (+10 kg). La sensibilidad alimentaria puede manifestarse a trav\u00e9s malas digestiones y de forma ocasional a trav\u00e9s de s\u00edntomas cut\u00e1neos.Su f\u00f3rmula monoprot\u00e9ica, con salm\u00f3n como coma \u00fanica fuente de prote\u00edna&hellip;","_links":{"self":[{"href":"https:\/\/back.mascotarea.com\/index.php?rest_route=\/wp\/v2\/product\/6510","targetHints":{"allow":["GET"]}}],"collection":[{"href":"https:\/\/back.mascotarea.com\/index.php?rest_route=\/wp\/v2\/product"}],"about":[{"href":"https:\/\/back.mascotarea.com\/index.php?rest_route=\/wp\/v2\/types\/product"}],"replies":[{"embeddable":true,"href":"https:\/\/back.mascotarea.com\/index.php?rest_route=%2Fwp%2Fv2%2Fcomments&post=6510"}],"wp:featuredmedia":[{"embeddable":true,"href":"https:\/\/back.mascotarea.com\/index.php?rest_route=\/wp\/v2\/media\/6509"}],"wp:attachment":[{"href":"https:\/\/back.mascotarea.com\/index.php?rest_route=%2Fwp%2Fv2%2Fmedia&parent=6510"}],"wp:term":[{"taxonomy":"product_cat","embeddable":true,"href":"https:\/\/back.mascotarea.com\/index.php?rest_route=%2Fwp%2Fv2%2Fproduct_cat&post=6510"},{"taxonomy":"product_tag","embeddable":true,"href":"https:\/\/back.mascotarea.com\/index.php?rest_route=%2Fwp%2Fv2%2Fproduct_tag&post=6510"}],"curies":[{"name":"wp","href":"https:\/\/api.w.org\/{rel}","templated":true}]}}