{"id":6514,"date":"2021-02-04T12:11:38","date_gmt":"2021-02-04T12:11:38","guid":{"rendered":"https:\/\/back.mascotarea.com\/producto\/advance-sensitive-lamb-rice-3-kg\/"},"modified":"2024-07-15T11:27:22","modified_gmt":"2024-07-15T11:27:22","slug":"advance-sensitive-lamb-rice-3-kg","status":"publish","type":"product","link":"https:\/\/back.mascotarea.com\/?product=advance-sensitive-lamb-rice-3-kg","title":{"rendered":"Advance Sensitive Lamb &amp; Rice 3 Kg"},"content":{"rendered":"<p>Ingredientes:<\/p>\n<p>Cordero (17%), ma\u00edz, prote\u00edna de ma\u00edz, arroz (14%), grasa animal,estabilizada con una mezcla de tocoferoles de origen natural, prote\u00ednas deshidratadas de cordero, harina de ma\u00edz, pulpa de remolacha, saborizante hipoalerg\u00e9nico, aceite de pescado, cloruro pot\u00e1sico, fructooligosac\u00e1ridos, sal, polifenoles naturales(0.01%), <\/p>\n","protected":false},"excerpt":{"rendered":"<p>Sensitive Cordero y Arroz<\/p>\n<p>Para adultos (&gt;12 meses) de todos los tama\u00f1os<\/p>\n<p>ADVANCE Sensitive Alimento completo y equilibrado especialmente formulado para perros con sensibilidades digestivas. Su f\u00f3rmula monoprot\u00e9ica, con cordero como \u00fanica fuente de prote\u00ednas y con arroz como fuente de carbohidratos de Advance Sensitive Cordero &amp; Arroz un alimento altamente digestible. Adem\u00e1s su contenido en inulina para favorece una digesti\u00f3n saludable.<\/p>\n<p><\/p>\n","protected":false},"featured_media":6513,"comment_status":"open","ping_status":"closed","template":"","meta":{"_uag_custom_page_level_css":"","_themeisle_gutenberg_block_has_review":false},"product_cat":[226,192],"product_tag":[],"class_list":{"0":"post-6514","1":"product","2":"type-product","3":"status-publish","4":"has-post-thumbnail","6":"product_cat-advance-perro","7":"product_cat-pienso-seco-para-perro","9":"first","10":"instock","11":"taxable","12":"shipping-taxable","13":"purchasable","14":"product-type-simple","15":"customify-col"},"uagb_featured_image_src":{"full":["https:\/\/back.mascotarea.com\/wp-content\/uploads\/2021\/02\/advance-sensitive-lamb-rice-3-kg_13999.jpg",800,1000,false],"thumbnail":["https:\/\/back.mascotarea.com\/wp-content\/uploads\/2021\/02\/advance-sensitive-lamb-rice-3-kg_13999-150x150.jpg",150,150,true],"medium":["https:\/\/back.mascotarea.com\/wp-content\/uploads\/2021\/02\/advance-sensitive-lamb-rice-3-kg_13999-240x300.jpg",240,300,true],"medium_large":["https:\/\/back.mascotarea.com\/wp-content\/uploads\/2021\/02\/advance-sensitive-lamb-rice-3-kg_13999-768x960.jpg",768,960,true],"large":["https:\/\/back.mascotarea.com\/wp-content\/uploads\/2021\/02\/advance-sensitive-lamb-rice-3-kg_13999.jpg",800,1000,false],"1536x1536":["https:\/\/back.mascotarea.com\/wp-content\/uploads\/2021\/02\/advance-sensitive-lamb-rice-3-kg_13999.jpg",800,1000,false],"2048x2048":["https:\/\/back.mascotarea.com\/wp-content\/uploads\/2021\/02\/advance-sensitive-lamb-rice-3-kg_13999.jpg",800,1000,false],"woocommerce_thumbnail":["https:\/\/back.mascotarea.com\/wp-content\/uploads\/2021\/02\/advance-sensitive-lamb-rice-3-kg_13999-200x200.jpg",200,200,true],"woocommerce_single":["https:\/\/back.mascotarea.com\/wp-content\/uploads\/2021\/02\/advance-sensitive-lamb-rice-3-kg_13999-200x250.jpg",200,250,true],"woocommerce_gallery_thumbnail":["https:\/\/back.mascotarea.com\/wp-content\/uploads\/2021\/02\/advance-sensitive-lamb-rice-3-kg_13999-100x100.jpg",100,100,true],"dgwt-wcas-product-suggestion":["https:\/\/back.mascotarea.com\/wp-content\/uploads\/2021\/02\/advance-sensitive-lamb-rice-3-kg_13999-64x80.jpg",64,80,true]},"uagb_author_info":{"display_name":"Roberto","author_link":"https:\/\/back.mascotarea.com\/?author=0"},"uagb_comment_info":0,"uagb_excerpt":"Sensitive Cordero y ArrozPara adultos (&gt;12 meses) de todos los tama\u00f1osADVANCE Sensitive Alimento completo y equilibrado especialmente formulado para perros con sensibilidades digestivas. Su f\u00f3rmula monoprot\u00e9ica, con cordero como \u00fanica fuente de prote\u00ednas y con arroz como fuente de carbohidratos de Advance Sensitive Cordero &amp; Arroz un alimento altamente digestible. Adem\u00e1s su contenido en inulina&hellip;","_links":{"self":[{"href":"https:\/\/back.mascotarea.com\/index.php?rest_route=\/wp\/v2\/product\/6514","targetHints":{"allow":["GET"]}}],"collection":[{"href":"https:\/\/back.mascotarea.com\/index.php?rest_route=\/wp\/v2\/product"}],"about":[{"href":"https:\/\/back.mascotarea.com\/index.php?rest_route=\/wp\/v2\/types\/product"}],"replies":[{"embeddable":true,"href":"https:\/\/back.mascotarea.com\/index.php?rest_route=%2Fwp%2Fv2%2Fcomments&post=6514"}],"wp:featuredmedia":[{"embeddable":true,"href":"https:\/\/back.mascotarea.com\/index.php?rest_route=\/wp\/v2\/media\/6513"}],"wp:attachment":[{"href":"https:\/\/back.mascotarea.com\/index.php?rest_route=%2Fwp%2Fv2%2Fmedia&parent=6514"}],"wp:term":[{"taxonomy":"product_cat","embeddable":true,"href":"https:\/\/back.mascotarea.com\/index.php?rest_route=%2Fwp%2Fv2%2Fproduct_cat&post=6514"},{"taxonomy":"product_tag","embeddable":true,"href":"https:\/\/back.mascotarea.com\/index.php?rest_route=%2Fwp%2Fv2%2Fproduct_tag&post=6514"}],"curies":[{"name":"wp","href":"https:\/\/api.w.org\/{rel}","templated":true}]}}