{"id":6516,"date":"2021-02-04T12:11:44","date_gmt":"2021-02-04T12:11:44","guid":{"rendered":"https:\/\/back.mascotarea.com\/producto\/advance-puppy-snack-150gr\/"},"modified":"2024-05-14T20:24:29","modified_gmt":"2024-05-14T20:24:29","slug":"advance-puppy-snack-150gr","status":"publish","type":"product","link":"https:\/\/back.mascotarea.com\/?product=advance-puppy-snack-150gr","title":{"rendered":"Advance Puppy Snack 150gr"},"content":{"rendered":"<p><\/p>\n<p>Ingredientes:<\/p>\n<p>Cereales, subproductos de origen vegetal (0,25% inulina), Carnes y subproductos animales, az\u00facares, algas (fuente natural de omega 3), sustancias minerales, levaduras (0,05% nucle\u00f3tidos)., <\/p><\/p>\n","protected":false},"excerpt":{"rendered":"<p>Puppy Snack<\/p>\n<p>Para perros de todos los tama\u00f1os<\/p>\n<p>ADVANCE  Puppy Snack es una galleta blanda y apetitosa que contribuye al desarrollo \u00f3ptimo de tu cachorro gracias a su f\u00f3rmula exclusiva. Contiene nucle\u00f3tidos que estimulan los mecanismos de defensa, lo que favorece el desarrollo del sistema inmunitario. Adem\u00e1s, contribuye al desarrollo cerebral y cognitivo gracias al Omega-3 DHA, y ayuda al desarrollo de una microflora intestinal sana gracias a la inulina con efecto prebi\u00f3tico. <\/p><\/p>\n","protected":false},"featured_media":6515,"comment_status":"open","ping_status":"closed","template":"","meta":{"_uag_custom_page_level_css":"","_themeisle_gutenberg_block_has_review":false},"product_cat":[193],"product_tag":[],"class_list":{"0":"post-6516","1":"product","2":"type-product","3":"status-publish","4":"has-post-thumbnail","6":"product_cat-snack-para-perro","8":"first","9":"outofstock","10":"taxable","11":"shipping-taxable","12":"purchasable","13":"product-type-simple","14":"customify-col"},"uagb_featured_image_src":{"full":["https:\/\/back.mascotarea.com\/wp-content\/uploads\/2021\/02\/advance-puppy-snack-150gr_12557.jpg",800,1000,false],"thumbnail":["https:\/\/back.mascotarea.com\/wp-content\/uploads\/2021\/02\/advance-puppy-snack-150gr_12557-150x150.jpg",150,150,true],"medium":["https:\/\/back.mascotarea.com\/wp-content\/uploads\/2021\/02\/advance-puppy-snack-150gr_12557-240x300.jpg",240,300,true],"medium_large":["https:\/\/back.mascotarea.com\/wp-content\/uploads\/2021\/02\/advance-puppy-snack-150gr_12557-768x960.jpg",768,960,true],"large":["https:\/\/back.mascotarea.com\/wp-content\/uploads\/2021\/02\/advance-puppy-snack-150gr_12557.jpg",800,1000,false],"1536x1536":["https:\/\/back.mascotarea.com\/wp-content\/uploads\/2021\/02\/advance-puppy-snack-150gr_12557.jpg",800,1000,false],"2048x2048":["https:\/\/back.mascotarea.com\/wp-content\/uploads\/2021\/02\/advance-puppy-snack-150gr_12557.jpg",800,1000,false],"woocommerce_thumbnail":["https:\/\/back.mascotarea.com\/wp-content\/uploads\/2021\/02\/advance-puppy-snack-150gr_12557-200x200.jpg",200,200,true],"woocommerce_single":["https:\/\/back.mascotarea.com\/wp-content\/uploads\/2021\/02\/advance-puppy-snack-150gr_12557-200x250.jpg",200,250,true],"woocommerce_gallery_thumbnail":["https:\/\/back.mascotarea.com\/wp-content\/uploads\/2021\/02\/advance-puppy-snack-150gr_12557-100x100.jpg",100,100,true],"dgwt-wcas-product-suggestion":["https:\/\/back.mascotarea.com\/wp-content\/uploads\/2021\/02\/advance-puppy-snack-150gr_12557-64x80.jpg",64,80,true]},"uagb_author_info":{"display_name":"Roberto","author_link":"https:\/\/back.mascotarea.com\/?author=0"},"uagb_comment_info":0,"uagb_excerpt":"Puppy SnackPara perros de todos los tama\u00f1osADVANCE Puppy Snack es una galleta blanda y apetitosa que contribuye al desarrollo \u00f3ptimo de tu cachorro gracias a su f\u00f3rmula exclusiva. Contiene nucle\u00f3tidos que estimulan los mecanismos de defensa, lo que favorece el desarrollo del sistema inmunitario. Adem\u00e1s, contribuye al desarrollo cerebral y cognitivo gracias al Omega-3 DHA,&hellip;","_links":{"self":[{"href":"https:\/\/back.mascotarea.com\/index.php?rest_route=\/wp\/v2\/product\/6516","targetHints":{"allow":["GET"]}}],"collection":[{"href":"https:\/\/back.mascotarea.com\/index.php?rest_route=\/wp\/v2\/product"}],"about":[{"href":"https:\/\/back.mascotarea.com\/index.php?rest_route=\/wp\/v2\/types\/product"}],"replies":[{"embeddable":true,"href":"https:\/\/back.mascotarea.com\/index.php?rest_route=%2Fwp%2Fv2%2Fcomments&post=6516"}],"wp:featuredmedia":[{"embeddable":true,"href":"https:\/\/back.mascotarea.com\/index.php?rest_route=\/wp\/v2\/media\/6515"}],"wp:attachment":[{"href":"https:\/\/back.mascotarea.com\/index.php?rest_route=%2Fwp%2Fv2%2Fmedia&parent=6516"}],"wp:term":[{"taxonomy":"product_cat","embeddable":true,"href":"https:\/\/back.mascotarea.com\/index.php?rest_route=%2Fwp%2Fv2%2Fproduct_cat&post=6516"},{"taxonomy":"product_tag","embeddable":true,"href":"https:\/\/back.mascotarea.com\/index.php?rest_route=%2Fwp%2Fv2%2Fproduct_tag&post=6516"}],"curies":[{"name":"wp","href":"https:\/\/api.w.org\/{rel}","templated":true}]}}