{"id":6518,"date":"2021-02-04T12:11:47","date_gmt":"2021-02-04T12:11:47","guid":{"rendered":"https:\/\/back.mascotarea.com\/producto\/advance-snack-articular-stick-155gr\/"},"modified":"2024-06-14T11:25:58","modified_gmt":"2024-06-14T11:25:58","slug":"advance-snack-articular-stick-155gr","status":"publish","type":"product","link":"https:\/\/back.mascotarea.com\/?product=advance-snack-articular-stick-155gr","title":{"rendered":"Advance Snack Articular Stick 155gr"},"content":{"rendered":"<p><\/p>\n<p>ACIDO HIALURONICO Y OMEGA -3<\/p>\n<p>Contribuyen a mantener las articulaciones correctamente lubricadas y a devolver la movilidad.<\/p>\n<p>COLAGENO CONDROITINA Y GLUCOSAMINA<\/p>\n<p>Estimulan el metabolismo del cart\u00edlago, lo que ayuda a ralentizar su desgaste.<\/p>\n<p><\/p>\n","protected":false},"excerpt":{"rendered":"<p>Articular Snack<\/p>\n<p>Para perros de todos los tama\u00f1os<\/p>\n<p>ADVANCE Articular Stick ayuda a mejorar la movilidad articular de tu perro, con resultados visibles en 6 semanas, gracias a su f\u00f3rmula exclusiva con \u00e1cido hialur\u00f3nico y Omega-3 que contribuyen a mantener las articulaciones de tu perro correctamente lubricadas y a devolver la movilidad. Adem\u00e1s, contienen col\u00e1geno, condroitina y glucosamina que contribuyen a estimular el metabolismo del cart\u00edlago, lo que ayuda a ralentizar su desgaste.<\/p>\n<p><\/p>\n","protected":false},"featured_media":6517,"comment_status":"open","ping_status":"closed","template":"","meta":{"_uag_custom_page_level_css":"","_themeisle_gutenberg_block_has_review":false},"product_cat":[193],"product_tag":[],"class_list":{"0":"post-6518","1":"product","2":"type-product","3":"status-publish","4":"has-post-thumbnail","6":"product_cat-snack-para-perro","8":"first","9":"instock","10":"taxable","11":"shipping-taxable","12":"purchasable","13":"product-type-simple","14":"customify-col"},"uagb_featured_image_src":{"full":["https:\/\/back.mascotarea.com\/wp-content\/uploads\/2021\/02\/advance-snack-articular-stick-155gr_25134.jpg",800,1000,false],"thumbnail":["https:\/\/back.mascotarea.com\/wp-content\/uploads\/2021\/02\/advance-snack-articular-stick-155gr_25134-150x150.jpg",150,150,true],"medium":["https:\/\/back.mascotarea.com\/wp-content\/uploads\/2021\/02\/advance-snack-articular-stick-155gr_25134-240x300.jpg",240,300,true],"medium_large":["https:\/\/back.mascotarea.com\/wp-content\/uploads\/2021\/02\/advance-snack-articular-stick-155gr_25134-768x960.jpg",768,960,true],"large":["https:\/\/back.mascotarea.com\/wp-content\/uploads\/2021\/02\/advance-snack-articular-stick-155gr_25134.jpg",800,1000,false],"1536x1536":["https:\/\/back.mascotarea.com\/wp-content\/uploads\/2021\/02\/advance-snack-articular-stick-155gr_25134.jpg",800,1000,false],"2048x2048":["https:\/\/back.mascotarea.com\/wp-content\/uploads\/2021\/02\/advance-snack-articular-stick-155gr_25134.jpg",800,1000,false],"woocommerce_thumbnail":["https:\/\/back.mascotarea.com\/wp-content\/uploads\/2021\/02\/advance-snack-articular-stick-155gr_25134-200x200.jpg",200,200,true],"woocommerce_single":["https:\/\/back.mascotarea.com\/wp-content\/uploads\/2021\/02\/advance-snack-articular-stick-155gr_25134-200x250.jpg",200,250,true],"woocommerce_gallery_thumbnail":["https:\/\/back.mascotarea.com\/wp-content\/uploads\/2021\/02\/advance-snack-articular-stick-155gr_25134-100x100.jpg",100,100,true],"dgwt-wcas-product-suggestion":["https:\/\/back.mascotarea.com\/wp-content\/uploads\/2021\/02\/advance-snack-articular-stick-155gr_25134-64x80.jpg",64,80,true]},"uagb_author_info":{"display_name":"Roberto","author_link":"https:\/\/back.mascotarea.com\/?author=0"},"uagb_comment_info":0,"uagb_excerpt":"Articular SnackPara perros de todos los tama\u00f1osADVANCE Articular Stick ayuda a mejorar la movilidad articular de tu perro, con resultados visibles en 6 semanas, gracias a su f\u00f3rmula exclusiva con \u00e1cido hialur\u00f3nico y Omega-3 que contribuyen a mantener las articulaciones de tu perro correctamente lubricadas y a devolver la movilidad. Adem\u00e1s, contienen col\u00e1geno, condroitina y&hellip;","_links":{"self":[{"href":"https:\/\/back.mascotarea.com\/index.php?rest_route=\/wp\/v2\/product\/6518","targetHints":{"allow":["GET"]}}],"collection":[{"href":"https:\/\/back.mascotarea.com\/index.php?rest_route=\/wp\/v2\/product"}],"about":[{"href":"https:\/\/back.mascotarea.com\/index.php?rest_route=\/wp\/v2\/types\/product"}],"replies":[{"embeddable":true,"href":"https:\/\/back.mascotarea.com\/index.php?rest_route=%2Fwp%2Fv2%2Fcomments&post=6518"}],"wp:featuredmedia":[{"embeddable":true,"href":"https:\/\/back.mascotarea.com\/index.php?rest_route=\/wp\/v2\/media\/6517"}],"wp:attachment":[{"href":"https:\/\/back.mascotarea.com\/index.php?rest_route=%2Fwp%2Fv2%2Fmedia&parent=6518"}],"wp:term":[{"taxonomy":"product_cat","embeddable":true,"href":"https:\/\/back.mascotarea.com\/index.php?rest_route=%2Fwp%2Fv2%2Fproduct_cat&post=6518"},{"taxonomy":"product_tag","embeddable":true,"href":"https:\/\/back.mascotarea.com\/index.php?rest_route=%2Fwp%2Fv2%2Fproduct_tag&post=6518"}],"curies":[{"name":"wp","href":"https:\/\/api.w.org\/{rel}","templated":true}]}}