{"id":6576,"date":"2021-02-04T12:48:05","date_gmt":"2021-02-04T12:48:05","guid":{"rendered":"https:\/\/back.mascotarea.com\/producto\/arion-dog-friends-senior-light-3kg\/"},"modified":"2023-12-14T11:44:16","modified_gmt":"2023-12-14T11:44:16","slug":"arion-dog-friends-senior-light-3kg","status":"publish","type":"product","link":"https:\/\/back.mascotarea.com\/?product=arion-dog-friends-senior-light-3kg","title":{"rendered":"Arion Dog Friends Senior \/ Light 3kg"},"content":{"rendered":"<p>Ingredientes: <\/p>\n<p>Cereales, carne y derivados de la carne, productos vegetales, aceites, grasas, minerales, levaduras. <\/p>\n","protected":false},"excerpt":{"rendered":"<p>Arion Senior-Light 22\/9<\/p>\n<p>ARION Friends Senior&amp;Light 22\/9 es un alimento completo para perros con m\u00e1s de 7 a\u00f1os o para aquellos que necesitan control de peso. Incorpora las ventajas de un producto light, L-carnitina y un bajo nivel de energ\u00eda, y las de los productos antienvejecimiento como los antioxidantes naturales -vitamina E-, la protecci\u00f3n articular y la baja concentraci\u00f3n de f\u00f3sforo para proteger el sistema renal.<\/p>\n","protected":false},"featured_media":6575,"comment_status":"open","ping_status":"closed","template":"","meta":{"_uag_custom_page_level_css":"","_themeisle_gutenberg_block_has_review":false},"product_cat":[227,192],"product_tag":[],"class_list":{"0":"post-6576","1":"product","2":"type-product","3":"status-publish","4":"has-post-thumbnail","6":"product_cat-arion-perro","7":"product_cat-pienso-seco-para-perro","9":"first","10":"outofstock","11":"taxable","12":"shipping-taxable","13":"purchasable","14":"product-type-simple","15":"customify-col"},"uagb_featured_image_src":{"full":["https:\/\/back.mascotarea.com\/wp-content\/uploads\/2021\/02\/arion-dog-friends-senior-light-3kg_13860.jpg",800,1000,false],"thumbnail":["https:\/\/back.mascotarea.com\/wp-content\/uploads\/2021\/02\/arion-dog-friends-senior-light-3kg_13860-150x150.jpg",150,150,true],"medium":["https:\/\/back.mascotarea.com\/wp-content\/uploads\/2021\/02\/arion-dog-friends-senior-light-3kg_13860-240x300.jpg",240,300,true],"medium_large":["https:\/\/back.mascotarea.com\/wp-content\/uploads\/2021\/02\/arion-dog-friends-senior-light-3kg_13860-768x960.jpg",768,960,true],"large":["https:\/\/back.mascotarea.com\/wp-content\/uploads\/2021\/02\/arion-dog-friends-senior-light-3kg_13860.jpg",800,1000,false],"1536x1536":["https:\/\/back.mascotarea.com\/wp-content\/uploads\/2021\/02\/arion-dog-friends-senior-light-3kg_13860.jpg",800,1000,false],"2048x2048":["https:\/\/back.mascotarea.com\/wp-content\/uploads\/2021\/02\/arion-dog-friends-senior-light-3kg_13860.jpg",800,1000,false],"woocommerce_thumbnail":["https:\/\/back.mascotarea.com\/wp-content\/uploads\/2021\/02\/arion-dog-friends-senior-light-3kg_13860-200x200.jpg",200,200,true],"woocommerce_single":["https:\/\/back.mascotarea.com\/wp-content\/uploads\/2021\/02\/arion-dog-friends-senior-light-3kg_13860-200x250.jpg",200,250,true],"woocommerce_gallery_thumbnail":["https:\/\/back.mascotarea.com\/wp-content\/uploads\/2021\/02\/arion-dog-friends-senior-light-3kg_13860-100x100.jpg",100,100,true],"dgwt-wcas-product-suggestion":["https:\/\/back.mascotarea.com\/wp-content\/uploads\/2021\/02\/arion-dog-friends-senior-light-3kg_13860-64x80.jpg",64,80,true]},"uagb_author_info":{"display_name":"Roberto","author_link":"https:\/\/back.mascotarea.com\/?author=0"},"uagb_comment_info":0,"uagb_excerpt":"Arion Senior-Light 22\/9ARION Friends Senior&amp;Light 22\/9 es un alimento completo para perros con m\u00e1s de 7 a\u00f1os o para aquellos que necesitan control de peso. Incorpora las ventajas de un producto light, L-carnitina y un bajo nivel de energ\u00eda, y las de los productos antienvejecimiento como los antioxidantes naturales -vitamina E-, la protecci\u00f3n articular y&hellip;","_links":{"self":[{"href":"https:\/\/back.mascotarea.com\/index.php?rest_route=\/wp\/v2\/product\/6576","targetHints":{"allow":["GET"]}}],"collection":[{"href":"https:\/\/back.mascotarea.com\/index.php?rest_route=\/wp\/v2\/product"}],"about":[{"href":"https:\/\/back.mascotarea.com\/index.php?rest_route=\/wp\/v2\/types\/product"}],"replies":[{"embeddable":true,"href":"https:\/\/back.mascotarea.com\/index.php?rest_route=%2Fwp%2Fv2%2Fcomments&post=6576"}],"wp:featuredmedia":[{"embeddable":true,"href":"https:\/\/back.mascotarea.com\/index.php?rest_route=\/wp\/v2\/media\/6575"}],"wp:attachment":[{"href":"https:\/\/back.mascotarea.com\/index.php?rest_route=%2Fwp%2Fv2%2Fmedia&parent=6576"}],"wp:term":[{"taxonomy":"product_cat","embeddable":true,"href":"https:\/\/back.mascotarea.com\/index.php?rest_route=%2Fwp%2Fv2%2Fproduct_cat&post=6576"},{"taxonomy":"product_tag","embeddable":true,"href":"https:\/\/back.mascotarea.com\/index.php?rest_route=%2Fwp%2Fv2%2Fproduct_tag&post=6576"}],"curies":[{"name":"wp","href":"https:\/\/api.w.org\/{rel}","templated":true}]}}