{"id":6580,"date":"2021-02-04T12:48:09","date_gmt":"2021-02-04T12:48:09","guid":{"rendered":"https:\/\/back.mascotarea.com\/producto\/arion-dog-multi-vital-3kg\/"},"modified":"2023-12-14T15:19:08","modified_gmt":"2023-12-14T15:19:08","slug":"arion-dog-multi-vital-3kg","status":"publish","type":"product","link":"https:\/\/back.mascotarea.com\/?product=arion-dog-multi-vital-3kg","title":{"rendered":"Arion Dog  Multi &#8211; Vital 3kg"},"content":{"rendered":"<p>Ingredientes: <\/p>\n<p>Productos vegetales, carne y derivados de la carne (14% cordero en la croqueta marr\u00f3n), cereales (14% arroz en la croqueta marr\u00f3n), aceites y grasas, extractos de prote\u00ednas vegetales, minerales, levaduras, huevos y ovoproductos, pescado y derivados del pescado. <\/p>\n","protected":false},"excerpt":{"rendered":"<p>Arion Lamb &amp; Rice Multivital 28\/13<\/p>\n<p>ARION Multivital 28\/13 es un alimento completo de mantenimiento para perros adultos. En su composici\u00f3n incorpora arroz y cordero como fuente de prote\u00edna animal, lo que lo hace muy recomendable para perros con sensibilidad digestiva y para el cuidado del pelo y la piel. Muy apetitoso y atractivo con formato multipart\u00edcula con ocho croquetas diferentes.<\/p>\n","protected":false},"featured_media":6579,"comment_status":"open","ping_status":"closed","template":"","meta":{"_uag_custom_page_level_css":"","_themeisle_gutenberg_block_has_review":false},"product_cat":[227,192],"product_tag":[],"class_list":{"0":"post-6580","1":"product","2":"type-product","3":"status-publish","4":"has-post-thumbnail","6":"product_cat-arion-perro","7":"product_cat-pienso-seco-para-perro","9":"first","10":"outofstock","11":"taxable","12":"shipping-taxable","13":"purchasable","14":"product-type-simple","15":"customify-col"},"uagb_featured_image_src":{"full":["https:\/\/back.mascotarea.com\/wp-content\/uploads\/2021\/02\/arion-dog-multi-vital-3kg_21597.jpg",800,1000,false],"thumbnail":["https:\/\/back.mascotarea.com\/wp-content\/uploads\/2021\/02\/arion-dog-multi-vital-3kg_21597-150x150.jpg",150,150,true],"medium":["https:\/\/back.mascotarea.com\/wp-content\/uploads\/2021\/02\/arion-dog-multi-vital-3kg_21597-240x300.jpg",240,300,true],"medium_large":["https:\/\/back.mascotarea.com\/wp-content\/uploads\/2021\/02\/arion-dog-multi-vital-3kg_21597-768x960.jpg",768,960,true],"large":["https:\/\/back.mascotarea.com\/wp-content\/uploads\/2021\/02\/arion-dog-multi-vital-3kg_21597.jpg",800,1000,false],"1536x1536":["https:\/\/back.mascotarea.com\/wp-content\/uploads\/2021\/02\/arion-dog-multi-vital-3kg_21597.jpg",800,1000,false],"2048x2048":["https:\/\/back.mascotarea.com\/wp-content\/uploads\/2021\/02\/arion-dog-multi-vital-3kg_21597.jpg",800,1000,false],"woocommerce_thumbnail":["https:\/\/back.mascotarea.com\/wp-content\/uploads\/2021\/02\/arion-dog-multi-vital-3kg_21597-200x200.jpg",200,200,true],"woocommerce_single":["https:\/\/back.mascotarea.com\/wp-content\/uploads\/2021\/02\/arion-dog-multi-vital-3kg_21597-200x250.jpg",200,250,true],"woocommerce_gallery_thumbnail":["https:\/\/back.mascotarea.com\/wp-content\/uploads\/2021\/02\/arion-dog-multi-vital-3kg_21597-100x100.jpg",100,100,true],"dgwt-wcas-product-suggestion":["https:\/\/back.mascotarea.com\/wp-content\/uploads\/2021\/02\/arion-dog-multi-vital-3kg_21597-64x80.jpg",64,80,true]},"uagb_author_info":{"display_name":"Roberto","author_link":"https:\/\/back.mascotarea.com\/?author=0"},"uagb_comment_info":0,"uagb_excerpt":"Arion Lamb &amp; Rice Multivital 28\/13ARION Multivital 28\/13 es un alimento completo de mantenimiento para perros adultos. En su composici\u00f3n incorpora arroz y cordero como fuente de prote\u00edna animal, lo que lo hace muy recomendable para perros con sensibilidad digestiva y para el cuidado del pelo y la piel. Muy apetitoso y atractivo con formato&hellip;","_links":{"self":[{"href":"https:\/\/back.mascotarea.com\/index.php?rest_route=\/wp\/v2\/product\/6580","targetHints":{"allow":["GET"]}}],"collection":[{"href":"https:\/\/back.mascotarea.com\/index.php?rest_route=\/wp\/v2\/product"}],"about":[{"href":"https:\/\/back.mascotarea.com\/index.php?rest_route=\/wp\/v2\/types\/product"}],"replies":[{"embeddable":true,"href":"https:\/\/back.mascotarea.com\/index.php?rest_route=%2Fwp%2Fv2%2Fcomments&post=6580"}],"wp:featuredmedia":[{"embeddable":true,"href":"https:\/\/back.mascotarea.com\/index.php?rest_route=\/wp\/v2\/media\/6579"}],"wp:attachment":[{"href":"https:\/\/back.mascotarea.com\/index.php?rest_route=%2Fwp%2Fv2%2Fmedia&parent=6580"}],"wp:term":[{"taxonomy":"product_cat","embeddable":true,"href":"https:\/\/back.mascotarea.com\/index.php?rest_route=%2Fwp%2Fv2%2Fproduct_cat&post=6580"},{"taxonomy":"product_tag","embeddable":true,"href":"https:\/\/back.mascotarea.com\/index.php?rest_route=%2Fwp%2Fv2%2Fproduct_tag&post=6580"}],"curies":[{"name":"wp","href":"https:\/\/api.w.org\/{rel}","templated":true}]}}