{"id":6606,"date":"2021-02-04T12:53:34","date_gmt":"2021-02-04T12:53:34","guid":{"rendered":"https:\/\/back.mascotarea.com\/producto\/arion-huron-ferret-18kg\/"},"modified":"2024-08-13T18:59:36","modified_gmt":"2024-08-13T18:59:36","slug":"arion-huron-ferret-18kg","status":"publish","type":"product","link":"https:\/\/back.mascotarea.com\/?product=arion-huron-ferret-18kg","title":{"rendered":"Arion Hur\u00f3n  Ferret 18kg"},"content":{"rendered":"<p>Ingredientes:<\/p>\n<p>Carne de pollo (min 25%), Trigo, Grasas animales, Harina de carne, Levadura de cerveza, Pulpa de remolacha, Gluten de ma\u00edz, Harina de pescado, Gluten de trigo, Hemoglobina, Prote\u00edna hidrolizada de pollo, Lecitina de soja, Huevo deshidratado, Taurina. Componentes anal\u00edticos Prote\u00edna bruta 35%, Grasa bruta 20 %, Hidratos de carbono 26%, Fibra 1,7%, Humedad 6,5%, Cenizas 8%, Calcio 1,4%, F\u00f3sforo 1,4%.<\/p>\n<p><\/p>\n","protected":false},"excerpt":{"rendered":"<p>Arion Ferret Pienso Hurones Adultos 3Kg<\/p>\n<p>Un nutritivo y sabroso pienso para hurones, de Arion<\/p>\n<p><\/p>\n","protected":false},"featured_media":6605,"comment_status":"open","ping_status":"closed","template":"","meta":{"_uag_custom_page_level_css":"","_themeisle_gutenberg_block_has_review":false},"product_cat":[222],"product_tag":[],"class_list":{"0":"post-6606","1":"product","2":"type-product","3":"status-publish","4":"has-post-thumbnail","6":"product_cat-alimentacion-otros-roedores","8":"first","9":"outofstock","10":"taxable","11":"shipping-taxable","12":"purchasable","13":"product-type-simple","14":"customify-col"},"uagb_featured_image_src":{"full":["https:\/\/back.mascotarea.com\/wp-content\/uploads\/2021\/02\/arion-huron-ferret-18kg_19548.jpg",800,1000,false],"thumbnail":["https:\/\/back.mascotarea.com\/wp-content\/uploads\/2021\/02\/arion-huron-ferret-18kg_19548-150x150.jpg",150,150,true],"medium":["https:\/\/back.mascotarea.com\/wp-content\/uploads\/2021\/02\/arion-huron-ferret-18kg_19548-240x300.jpg",240,300,true],"medium_large":["https:\/\/back.mascotarea.com\/wp-content\/uploads\/2021\/02\/arion-huron-ferret-18kg_19548-768x960.jpg",768,960,true],"large":["https:\/\/back.mascotarea.com\/wp-content\/uploads\/2021\/02\/arion-huron-ferret-18kg_19548.jpg",800,1000,false],"1536x1536":["https:\/\/back.mascotarea.com\/wp-content\/uploads\/2021\/02\/arion-huron-ferret-18kg_19548.jpg",800,1000,false],"2048x2048":["https:\/\/back.mascotarea.com\/wp-content\/uploads\/2021\/02\/arion-huron-ferret-18kg_19548.jpg",800,1000,false],"woocommerce_thumbnail":["https:\/\/back.mascotarea.com\/wp-content\/uploads\/2021\/02\/arion-huron-ferret-18kg_19548-200x200.jpg",200,200,true],"woocommerce_single":["https:\/\/back.mascotarea.com\/wp-content\/uploads\/2021\/02\/arion-huron-ferret-18kg_19548-200x250.jpg",200,250,true],"woocommerce_gallery_thumbnail":["https:\/\/back.mascotarea.com\/wp-content\/uploads\/2021\/02\/arion-huron-ferret-18kg_19548-100x100.jpg",100,100,true],"dgwt-wcas-product-suggestion":["https:\/\/back.mascotarea.com\/wp-content\/uploads\/2021\/02\/arion-huron-ferret-18kg_19548-64x80.jpg",64,80,true]},"uagb_author_info":{"display_name":"Roberto","author_link":"https:\/\/back.mascotarea.com\/?author=0"},"uagb_comment_info":0,"uagb_excerpt":"Arion Ferret Pienso Hurones Adultos 3KgUn nutritivo y sabroso pienso para hurones, de Arion","_links":{"self":[{"href":"https:\/\/back.mascotarea.com\/index.php?rest_route=\/wp\/v2\/product\/6606","targetHints":{"allow":["GET"]}}],"collection":[{"href":"https:\/\/back.mascotarea.com\/index.php?rest_route=\/wp\/v2\/product"}],"about":[{"href":"https:\/\/back.mascotarea.com\/index.php?rest_route=\/wp\/v2\/types\/product"}],"replies":[{"embeddable":true,"href":"https:\/\/back.mascotarea.com\/index.php?rest_route=%2Fwp%2Fv2%2Fcomments&post=6606"}],"wp:featuredmedia":[{"embeddable":true,"href":"https:\/\/back.mascotarea.com\/index.php?rest_route=\/wp\/v2\/media\/6605"}],"wp:attachment":[{"href":"https:\/\/back.mascotarea.com\/index.php?rest_route=%2Fwp%2Fv2%2Fmedia&parent=6606"}],"wp:term":[{"taxonomy":"product_cat","embeddable":true,"href":"https:\/\/back.mascotarea.com\/index.php?rest_route=%2Fwp%2Fv2%2Fproduct_cat&post=6606"},{"taxonomy":"product_tag","embeddable":true,"href":"https:\/\/back.mascotarea.com\/index.php?rest_route=%2Fwp%2Fv2%2Fproduct_tag&post=6606"}],"curies":[{"name":"wp","href":"https:\/\/api.w.org\/{rel}","templated":true}]}}