{"id":6622,"date":"2021-02-04T13:06:56","date_gmt":"2021-02-04T13:06:56","guid":{"rendered":"https:\/\/back.mascotarea.com\/producto\/avet-atopic-trucha12-kg\/"},"modified":"2024-04-19T10:59:32","modified_gmt":"2024-04-19T10:59:32","slug":"avet-atopic-trucha12-kg","status":"publish","type":"product","link":"https:\/\/back.mascotarea.com\/?product=avet-atopic-trucha12-kg","title":{"rendered":"Advance Veterinary Diet Atopic Trucha12 Kg"},"content":{"rendered":"<p>Ingredientes:<\/p>\n<p>Ma\u00edz, trucha(17%), arroz, prote\u00edna de ma\u00edz, prote\u00ednas deshidratadas de trucha (7%), grasa animal,estabilizada con una mezcla de tocoferoles de origen natural, prote\u00edna de patata(4%), pulpa de remolacha, prote\u00ednas animales hidrolizadas, col\u00e1geno hidrolizado (2.6%), levadura, aceite de pescado, fibra vegetal, aceite de soja, fosfato monoc\u00e1lcico, carbonato de calcio, cloruro pot\u00e1sico, sal, extracto de hoja de olivo (0.05%), aloe vera (50 mg\/kg), Fuentes de prote\u00ednas: ma\u00edz, trucha, patata y levadura., <\/p>\n","protected":false},"excerpt":{"rendered":"<p>Atopic Medium \/ Maxi<\/p>\n<p>Dieta Veterinaria para piel at\u00f3pica<\/p>\n<p>ADVANCE VETERINARY DIETS ATOPIC MEDIUM\/MAXI es un alimento diete\u0301tico completo y equilibrado para perros adultos (+10kg), formulado para cuidar de la piel en caso de dermatitis y pe\u0301rdida de pelo excesiva, asi\u0301 como para reducir de intolerancias a ingredientes y nutrientes.<\/p>\n<p>Gracias a su fo\u0301rmula, ADVANCE VETERINARY DIETS ATOPIC MEDIUM\/MAXI ayuda a proteger la piel en perros con dermatitis ato\u0301pica, a reducir el picor, y a restaurar la barrera cuta\u0301nea, ayudando a controlar los brotes ato\u0301picos.<\/p>\n<p>Adema\u0301s, la f\u00f3rmula de ADVANCE VETERINARY DIETS ATOPIC MEDIUM\/MAXI tiene trucha y patatas como ingredientes principales que ayudan a disminuir el riesgo de posibles reacciones adversas al alimento. ADVANCE VETERINARY DIETS ATOPIC MEDIUM\/MAXI contiene croquetas especi\u0301ficamente adaptadas al taman\u0303o y necesidades de tu perro medium maxi(&gt;10kg).<\/p>\n<p><\/p>\n","protected":false},"featured_media":6621,"comment_status":"open","ping_status":"closed","template":"","meta":{"_uag_custom_page_level_css":"","_themeisle_gutenberg_block_has_review":false},"product_cat":[211],"product_tag":[],"class_list":{"0":"post-6622","1":"product","2":"type-product","3":"status-publish","4":"has-post-thumbnail","6":"product_cat-dieta-veterinaria-para-perro","8":"first","9":"instock","10":"taxable","11":"shipping-taxable","12":"purchasable","13":"product-type-simple","14":"customify-col"},"uagb_featured_image_src":{"full":["https:\/\/back.mascotarea.com\/wp-content\/uploads\/2021\/02\/advance-veterinary-diet-atopic-trucha12-kg_10049.jpg",800,1000,false],"thumbnail":["https:\/\/back.mascotarea.com\/wp-content\/uploads\/2021\/02\/advance-veterinary-diet-atopic-trucha12-kg_10049-150x150.jpg",150,150,true],"medium":["https:\/\/back.mascotarea.com\/wp-content\/uploads\/2021\/02\/advance-veterinary-diet-atopic-trucha12-kg_10049-240x300.jpg",240,300,true],"medium_large":["https:\/\/back.mascotarea.com\/wp-content\/uploads\/2021\/02\/advance-veterinary-diet-atopic-trucha12-kg_10049-768x960.jpg",768,960,true],"large":["https:\/\/back.mascotarea.com\/wp-content\/uploads\/2021\/02\/advance-veterinary-diet-atopic-trucha12-kg_10049.jpg",800,1000,false],"1536x1536":["https:\/\/back.mascotarea.com\/wp-content\/uploads\/2021\/02\/advance-veterinary-diet-atopic-trucha12-kg_10049.jpg",800,1000,false],"2048x2048":["https:\/\/back.mascotarea.com\/wp-content\/uploads\/2021\/02\/advance-veterinary-diet-atopic-trucha12-kg_10049.jpg",800,1000,false],"woocommerce_thumbnail":["https:\/\/back.mascotarea.com\/wp-content\/uploads\/2021\/02\/advance-veterinary-diet-atopic-trucha12-kg_10049-200x200.jpg",200,200,true],"woocommerce_single":["https:\/\/back.mascotarea.com\/wp-content\/uploads\/2021\/02\/advance-veterinary-diet-atopic-trucha12-kg_10049-200x250.jpg",200,250,true],"woocommerce_gallery_thumbnail":["https:\/\/back.mascotarea.com\/wp-content\/uploads\/2021\/02\/advance-veterinary-diet-atopic-trucha12-kg_10049-100x100.jpg",100,100,true],"dgwt-wcas-product-suggestion":["https:\/\/back.mascotarea.com\/wp-content\/uploads\/2021\/02\/advance-veterinary-diet-atopic-trucha12-kg_10049-64x80.jpg",64,80,true]},"uagb_author_info":{"display_name":"Roberto","author_link":"https:\/\/back.mascotarea.com\/?author=0"},"uagb_comment_info":0,"uagb_excerpt":"Atopic Medium \/ MaxiDieta Veterinaria para piel at\u00f3picaADVANCE VETERINARY DIETS ATOPIC MEDIUM\/MAXI es un alimento diete\u0301tico completo y equilibrado para perros adultos (+10kg), formulado para cuidar de la piel en caso de dermatitis y pe\u0301rdida de pelo excesiva, asi\u0301 como para reducir de intolerancias a ingredientes y nutrientes.Gracias a su fo\u0301rmula, ADVANCE VETERINARY DIETS ATOPIC&hellip;","_links":{"self":[{"href":"https:\/\/back.mascotarea.com\/index.php?rest_route=\/wp\/v2\/product\/6622","targetHints":{"allow":["GET"]}}],"collection":[{"href":"https:\/\/back.mascotarea.com\/index.php?rest_route=\/wp\/v2\/product"}],"about":[{"href":"https:\/\/back.mascotarea.com\/index.php?rest_route=\/wp\/v2\/types\/product"}],"replies":[{"embeddable":true,"href":"https:\/\/back.mascotarea.com\/index.php?rest_route=%2Fwp%2Fv2%2Fcomments&post=6622"}],"wp:featuredmedia":[{"embeddable":true,"href":"https:\/\/back.mascotarea.com\/index.php?rest_route=\/wp\/v2\/media\/6621"}],"wp:attachment":[{"href":"https:\/\/back.mascotarea.com\/index.php?rest_route=%2Fwp%2Fv2%2Fmedia&parent=6622"}],"wp:term":[{"taxonomy":"product_cat","embeddable":true,"href":"https:\/\/back.mascotarea.com\/index.php?rest_route=%2Fwp%2Fv2%2Fproduct_cat&post=6622"},{"taxonomy":"product_tag","embeddable":true,"href":"https:\/\/back.mascotarea.com\/index.php?rest_route=%2Fwp%2Fv2%2Fproduct_tag&post=6622"}],"curies":[{"name":"wp","href":"https:\/\/api.w.org\/{rel}","templated":true}]}}