{"id":6648,"date":"2021-02-04T13:23:42","date_gmt":"2021-02-04T13:23:42","guid":{"rendered":"https:\/\/back.mascotarea.com\/producto\/avet-hypoallergenic-canine-10-kg\/"},"modified":"2024-07-19T17:27:36","modified_gmt":"2024-07-19T17:27:36","slug":"avet-hypoallergenic-canine-10-kg","status":"publish","type":"product","link":"https:\/\/back.mascotarea.com\/?product=avet-hypoallergenic-canine-10-kg","title":{"rendered":"Advance Veterinary Diet Hypoallergenic Canine 10 Kg"},"content":{"rendered":"<p>Ingredientes:<\/p>\n<p>Almid\u00f3n vegetal purificado, prote\u00edna vegetal hidrolizada, grasa animal (estabilizada con una mezcla de tocoferoles de origen natural), saborizante hipoalerg\u00e9nico, celulosa, aceite de coco, fosfato monoc\u00e1lcico, carbonato de calcio, fibra fermentable purificada, cloruro pot\u00e1sico, aceite de colza, sal, \u00f3xido de magnesio, <\/p>\n","protected":false},"excerpt":{"rendered":"<p>Hypoallergenic<\/p>\n<p>Dieta Veteriania para intolerancias<\/p>\n<p>ADVANCE VETERINARY DIETS  &#8211; Hypoallergenic es un alimento diet\u00e9tico completo para cachorros y perros adultos, creado para reducir las intolerancias a ingredientes y nutrientes, con una \u00fanica fuente seleccionada de prote\u00edna y una sola fuente seleccionada de hidratos de carbono.<\/p>\n<p>Con prote\u00edna de soja hidrolizada de muy bajo peso molecular como \u00fanica fuente de prote\u00edna y almid\u00f3n purificado como \u00fanica fuente de carbohidratos, ADVANCE VETERINARY DIETS  &#8211; Hypoallergenic facilita la digesti\u00f3n de los perros que sufren alergias e intolerancias alimentarias. Adem\u00e1s, gracias a su recubrimiento hipoal\u00e9rgenico tiene un sabor superior. <\/p>\n<p>ADVANCE VETERINARY DIETS  &#8211; Hypoallergenic es una dieta de exclusi\u00f3n indicada para reacciones adversas a la comida.<\/p>\n<p><\/p>\n","protected":false},"featured_media":6647,"comment_status":"open","ping_status":"closed","template":"","meta":{"_uag_custom_page_level_css":"","_themeisle_gutenberg_block_has_review":false},"product_cat":[211],"product_tag":[],"class_list":{"0":"post-6648","1":"product","2":"type-product","3":"status-publish","4":"has-post-thumbnail","6":"product_cat-dieta-veterinaria-para-perro","8":"first","9":"instock","10":"taxable","11":"shipping-taxable","12":"purchasable","13":"product-type-simple","14":"customify-col"},"uagb_featured_image_src":{"full":["https:\/\/back.mascotarea.com\/wp-content\/uploads\/2021\/02\/advance-veterinary-diet-hypoallergenic-canine-10-kg_2560.jpg",800,1000,false],"thumbnail":["https:\/\/back.mascotarea.com\/wp-content\/uploads\/2021\/02\/advance-veterinary-diet-hypoallergenic-canine-10-kg_2560-150x150.jpg",150,150,true],"medium":["https:\/\/back.mascotarea.com\/wp-content\/uploads\/2021\/02\/advance-veterinary-diet-hypoallergenic-canine-10-kg_2560-240x300.jpg",240,300,true],"medium_large":["https:\/\/back.mascotarea.com\/wp-content\/uploads\/2021\/02\/advance-veterinary-diet-hypoallergenic-canine-10-kg_2560-768x960.jpg",768,960,true],"large":["https:\/\/back.mascotarea.com\/wp-content\/uploads\/2021\/02\/advance-veterinary-diet-hypoallergenic-canine-10-kg_2560.jpg",800,1000,false],"1536x1536":["https:\/\/back.mascotarea.com\/wp-content\/uploads\/2021\/02\/advance-veterinary-diet-hypoallergenic-canine-10-kg_2560.jpg",800,1000,false],"2048x2048":["https:\/\/back.mascotarea.com\/wp-content\/uploads\/2021\/02\/advance-veterinary-diet-hypoallergenic-canine-10-kg_2560.jpg",800,1000,false],"woocommerce_thumbnail":["https:\/\/back.mascotarea.com\/wp-content\/uploads\/2021\/02\/advance-veterinary-diet-hypoallergenic-canine-10-kg_2560-200x200.jpg",200,200,true],"woocommerce_single":["https:\/\/back.mascotarea.com\/wp-content\/uploads\/2021\/02\/advance-veterinary-diet-hypoallergenic-canine-10-kg_2560-200x250.jpg",200,250,true],"woocommerce_gallery_thumbnail":["https:\/\/back.mascotarea.com\/wp-content\/uploads\/2021\/02\/advance-veterinary-diet-hypoallergenic-canine-10-kg_2560-100x100.jpg",100,100,true],"dgwt-wcas-product-suggestion":["https:\/\/back.mascotarea.com\/wp-content\/uploads\/2021\/02\/advance-veterinary-diet-hypoallergenic-canine-10-kg_2560-64x80.jpg",64,80,true]},"uagb_author_info":{"display_name":"Roberto","author_link":"https:\/\/back.mascotarea.com\/?author=0"},"uagb_comment_info":0,"uagb_excerpt":"HypoallergenicDieta Veteriania para intoleranciasADVANCE VETERINARY DIETS - Hypoallergenic es un alimento diet\u00e9tico completo para cachorros y perros adultos, creado para reducir las intolerancias a ingredientes y nutrientes, con una \u00fanica fuente seleccionada de prote\u00edna y una sola fuente seleccionada de hidratos de carbono.Con prote\u00edna de soja hidrolizada de muy bajo peso molecular como \u00fanica fuente&hellip;","_links":{"self":[{"href":"https:\/\/back.mascotarea.com\/index.php?rest_route=\/wp\/v2\/product\/6648","targetHints":{"allow":["GET"]}}],"collection":[{"href":"https:\/\/back.mascotarea.com\/index.php?rest_route=\/wp\/v2\/product"}],"about":[{"href":"https:\/\/back.mascotarea.com\/index.php?rest_route=\/wp\/v2\/types\/product"}],"replies":[{"embeddable":true,"href":"https:\/\/back.mascotarea.com\/index.php?rest_route=%2Fwp%2Fv2%2Fcomments&post=6648"}],"wp:featuredmedia":[{"embeddable":true,"href":"https:\/\/back.mascotarea.com\/index.php?rest_route=\/wp\/v2\/media\/6647"}],"wp:attachment":[{"href":"https:\/\/back.mascotarea.com\/index.php?rest_route=%2Fwp%2Fv2%2Fmedia&parent=6648"}],"wp:term":[{"taxonomy":"product_cat","embeddable":true,"href":"https:\/\/back.mascotarea.com\/index.php?rest_route=%2Fwp%2Fv2%2Fproduct_cat&post=6648"},{"taxonomy":"product_tag","embeddable":true,"href":"https:\/\/back.mascotarea.com\/index.php?rest_route=%2Fwp%2Fv2%2Fproduct_tag&post=6648"}],"curies":[{"name":"wp","href":"https:\/\/api.w.org\/{rel}","templated":true}]}}