{"id":6660,"date":"2021-02-04T13:28:04","date_gmt":"2021-02-04T13:28:04","guid":{"rendered":"https:\/\/back.mascotarea.com\/producto\/avet-renal-failure-canine-12-kg\/"},"modified":"2024-06-28T11:26:41","modified_gmt":"2024-06-28T11:26:41","slug":"avet-renal-failure-canine-12-kg","status":"publish","type":"product","link":"https:\/\/back.mascotarea.com\/?product=avet-renal-failure-canine-12-kg","title":{"rendered":"Advance Veterinary Diet Renal Failure Canine 12 Kg"},"content":{"rendered":"<p>Ingredientes:<\/p>\n<p>Ma\u00edz, arroz, grasa animal,estabilizada con una mezcla de tocoferoles de origen natural, huevo deshidratado, prote\u00edna de ma\u00edz, prote\u00ednas animales hidrolizadas, az\u00facar, pulpa de remolacha, aceite de pescado, fibras vegetales, carbonato de calcio, suero de leche deshidratado, caseinato, fibra vegetal purificada, inulina, citrato pot\u00e1sico, cloruro pot\u00e1sico, sal, \u00f3xido de magnesio, Fuentes de prote\u00ednas: Huevo deshidratado, prote\u00edna de ma\u00edz, prote\u00ednas animales hidrolizadas, caseinato de sodio y suero de leche deshidratado, <\/p>\n","protected":false},"excerpt":{"rendered":"<p>ADVANCE VETERINARY DIETS RENAL  un alimento diet\u00e9tico completo para perros adultos, con un nivel limitado de prote\u00ednas, pero de alta calidad y con un bajo contenido en sodio, est\u00e1 especialmente indicado para apoyar el funcionamiento del sistema renal de tu perro en caso de insuficiencia renal cr\u00f3nica.<\/p>\n<p>Con un alto contenido en fibra soluble, bajo en f\u00f3sforo y PH neutro ayuda a disminuir el progreso de un fallo renal. <\/p>\n<p>Apoyo de la funci\u00f3n renal en caso de insuficiencia renal cr\u00f3nica.<\/p>\n<p><\/p>\n","protected":false},"featured_media":6659,"comment_status":"open","ping_status":"closed","template":"","meta":{"_uag_custom_page_level_css":"","_themeisle_gutenberg_block_has_review":false},"product_cat":[211],"product_tag":[],"class_list":{"0":"post-6660","1":"product","2":"type-product","3":"status-publish","4":"has-post-thumbnail","6":"product_cat-dieta-veterinaria-para-perro","8":"first","9":"instock","10":"taxable","11":"shipping-taxable","12":"purchasable","13":"product-type-simple","14":"customify-col"},"uagb_featured_image_src":{"full":["https:\/\/back.mascotarea.com\/wp-content\/uploads\/2021\/02\/advance-veterinary-diet-renal-failure-canine-12-kg_28420.jpg",800,1000,false],"thumbnail":["https:\/\/back.mascotarea.com\/wp-content\/uploads\/2021\/02\/advance-veterinary-diet-renal-failure-canine-12-kg_28420-150x150.jpg",150,150,true],"medium":["https:\/\/back.mascotarea.com\/wp-content\/uploads\/2021\/02\/advance-veterinary-diet-renal-failure-canine-12-kg_28420-240x300.jpg",240,300,true],"medium_large":["https:\/\/back.mascotarea.com\/wp-content\/uploads\/2021\/02\/advance-veterinary-diet-renal-failure-canine-12-kg_28420-768x960.jpg",768,960,true],"large":["https:\/\/back.mascotarea.com\/wp-content\/uploads\/2021\/02\/advance-veterinary-diet-renal-failure-canine-12-kg_28420.jpg",800,1000,false],"1536x1536":["https:\/\/back.mascotarea.com\/wp-content\/uploads\/2021\/02\/advance-veterinary-diet-renal-failure-canine-12-kg_28420.jpg",800,1000,false],"2048x2048":["https:\/\/back.mascotarea.com\/wp-content\/uploads\/2021\/02\/advance-veterinary-diet-renal-failure-canine-12-kg_28420.jpg",800,1000,false],"woocommerce_thumbnail":["https:\/\/back.mascotarea.com\/wp-content\/uploads\/2021\/02\/advance-veterinary-diet-renal-failure-canine-12-kg_28420-200x200.jpg",200,200,true],"woocommerce_single":["https:\/\/back.mascotarea.com\/wp-content\/uploads\/2021\/02\/advance-veterinary-diet-renal-failure-canine-12-kg_28420-200x250.jpg",200,250,true],"woocommerce_gallery_thumbnail":["https:\/\/back.mascotarea.com\/wp-content\/uploads\/2021\/02\/advance-veterinary-diet-renal-failure-canine-12-kg_28420-100x100.jpg",100,100,true],"dgwt-wcas-product-suggestion":["https:\/\/back.mascotarea.com\/wp-content\/uploads\/2021\/02\/advance-veterinary-diet-renal-failure-canine-12-kg_28420-64x80.jpg",64,80,true]},"uagb_author_info":{"display_name":"Roberto","author_link":"https:\/\/back.mascotarea.com\/?author=0"},"uagb_comment_info":0,"uagb_excerpt":"ADVANCE VETERINARY DIETS RENAL un alimento diet\u00e9tico completo para perros adultos, con un nivel limitado de prote\u00ednas, pero de alta calidad y con un bajo contenido en sodio, est\u00e1 especialmente indicado para apoyar el funcionamiento del sistema renal de tu perro en caso de insuficiencia renal cr\u00f3nica.Con un alto contenido en fibra soluble, bajo en&hellip;","_links":{"self":[{"href":"https:\/\/back.mascotarea.com\/index.php?rest_route=\/wp\/v2\/product\/6660","targetHints":{"allow":["GET"]}}],"collection":[{"href":"https:\/\/back.mascotarea.com\/index.php?rest_route=\/wp\/v2\/product"}],"about":[{"href":"https:\/\/back.mascotarea.com\/index.php?rest_route=\/wp\/v2\/types\/product"}],"replies":[{"embeddable":true,"href":"https:\/\/back.mascotarea.com\/index.php?rest_route=%2Fwp%2Fv2%2Fcomments&post=6660"}],"wp:featuredmedia":[{"embeddable":true,"href":"https:\/\/back.mascotarea.com\/index.php?rest_route=\/wp\/v2\/media\/6659"}],"wp:attachment":[{"href":"https:\/\/back.mascotarea.com\/index.php?rest_route=%2Fwp%2Fv2%2Fmedia&parent=6660"}],"wp:term":[{"taxonomy":"product_cat","embeddable":true,"href":"https:\/\/back.mascotarea.com\/index.php?rest_route=%2Fwp%2Fv2%2Fproduct_cat&post=6660"},{"taxonomy":"product_tag","embeddable":true,"href":"https:\/\/back.mascotarea.com\/index.php?rest_route=%2Fwp%2Fv2%2Fproduct_tag&post=6660"}],"curies":[{"name":"wp","href":"https:\/\/api.w.org\/{rel}","templated":true}]}}