{"id":6674,"date":"2021-02-04T13:51:50","date_gmt":"2021-02-04T13:51:50","guid":{"rendered":"https:\/\/back.mascotarea.com\/producto\/avet-weight-balance-feline-3-kg\/"},"modified":"2024-06-28T11:26:40","modified_gmt":"2024-06-28T11:26:40","slug":"avet-weight-balance-feline-3-kg","status":"publish","type":"product","link":"https:\/\/back.mascotarea.com\/?product=avet-weight-balance-feline-3-kg","title":{"rendered":"Advance Veterinary Diet Weight Balance Feline 3 Kg"},"content":{"rendered":"<p>Ingredientes:<\/p>\n<p>Prote\u00edna de ma\u00edz, prote\u00ednas deshidratadas de ave, ma\u00edz, fibra vegetal, trigo, prote\u00edna de trigo, prote\u00edna de patata, cebada, prote\u00ednas deshidratadas de cerdo, fibra de guisante, prote\u00ednas animales hidrolizadas, grasa animal,estabilizada con una mezcla de tocoferoles de origen natural, pulpa de remolacha, cloruro pot\u00e1sico, sal, carbonato de calcio, aceite de pescado, semillas de lino, aceite de oliva, polifenoles naturales, <\/p>\n","protected":false},"excerpt":{"rendered":"<p>ADVANCE VETERINARY DIETS WEIGHT BALANCE FELINE es un alimento diet\u00e9tico completo para gatos adultos, formulado para reducir el exceso de peso y regular el metabolismo lip\u00eddico en caso de hiperlipidemia, con niveles bajos de energ\u00eda, bajo contenido de grasa y elevado contenido de \u00e1cidos grasos esenciales. Los resultados de ADVANCE VETERINARY DIETS WEIGHT BALANCE FELINE est\u00e1n cl\u00ednicamente probados, el 83% de los gatos reducen su peso en 3 meses<\/p>\n","protected":false},"featured_media":6673,"comment_status":"open","ping_status":"closed","template":"","meta":{"_uag_custom_page_level_css":"","_themeisle_gutenberg_block_has_review":false},"product_cat":[202],"product_tag":[],"class_list":{"0":"post-6674","1":"product","2":"type-product","3":"status-publish","4":"has-post-thumbnail","6":"product_cat-pienso-veterinario-seco-para-gato","8":"first","9":"instock","10":"taxable","11":"shipping-taxable","12":"purchasable","13":"product-type-simple","14":"customify-col"},"uagb_featured_image_src":{"full":["https:\/\/back.mascotarea.com\/wp-content\/uploads\/2021\/02\/advance-veterinary-diet-weight-balance-feline-3-kg_18427.jpg",800,1000,false],"thumbnail":["https:\/\/back.mascotarea.com\/wp-content\/uploads\/2021\/02\/advance-veterinary-diet-weight-balance-feline-3-kg_18427-150x150.jpg",150,150,true],"medium":["https:\/\/back.mascotarea.com\/wp-content\/uploads\/2021\/02\/advance-veterinary-diet-weight-balance-feline-3-kg_18427-240x300.jpg",240,300,true],"medium_large":["https:\/\/back.mascotarea.com\/wp-content\/uploads\/2021\/02\/advance-veterinary-diet-weight-balance-feline-3-kg_18427-768x960.jpg",768,960,true],"large":["https:\/\/back.mascotarea.com\/wp-content\/uploads\/2021\/02\/advance-veterinary-diet-weight-balance-feline-3-kg_18427.jpg",800,1000,false],"1536x1536":["https:\/\/back.mascotarea.com\/wp-content\/uploads\/2021\/02\/advance-veterinary-diet-weight-balance-feline-3-kg_18427.jpg",800,1000,false],"2048x2048":["https:\/\/back.mascotarea.com\/wp-content\/uploads\/2021\/02\/advance-veterinary-diet-weight-balance-feline-3-kg_18427.jpg",800,1000,false],"woocommerce_thumbnail":["https:\/\/back.mascotarea.com\/wp-content\/uploads\/2021\/02\/advance-veterinary-diet-weight-balance-feline-3-kg_18427-200x200.jpg",200,200,true],"woocommerce_single":["https:\/\/back.mascotarea.com\/wp-content\/uploads\/2021\/02\/advance-veterinary-diet-weight-balance-feline-3-kg_18427-200x250.jpg",200,250,true],"woocommerce_gallery_thumbnail":["https:\/\/back.mascotarea.com\/wp-content\/uploads\/2021\/02\/advance-veterinary-diet-weight-balance-feline-3-kg_18427-100x100.jpg",100,100,true],"dgwt-wcas-product-suggestion":["https:\/\/back.mascotarea.com\/wp-content\/uploads\/2021\/02\/advance-veterinary-diet-weight-balance-feline-3-kg_18427-64x80.jpg",64,80,true]},"uagb_author_info":{"display_name":"Roberto","author_link":"https:\/\/back.mascotarea.com\/?author=0"},"uagb_comment_info":0,"uagb_excerpt":"ADVANCE VETERINARY DIETS WEIGHT BALANCE FELINE es un alimento diet\u00e9tico completo para gatos adultos, formulado para reducir el exceso de peso y regular el metabolismo lip\u00eddico en caso de hiperlipidemia, con niveles bajos de energ\u00eda, bajo contenido de grasa y elevado contenido de \u00e1cidos grasos esenciales. Los resultados de ADVANCE VETERINARY DIETS WEIGHT BALANCE FELINE&hellip;","_links":{"self":[{"href":"https:\/\/back.mascotarea.com\/index.php?rest_route=\/wp\/v2\/product\/6674","targetHints":{"allow":["GET"]}}],"collection":[{"href":"https:\/\/back.mascotarea.com\/index.php?rest_route=\/wp\/v2\/product"}],"about":[{"href":"https:\/\/back.mascotarea.com\/index.php?rest_route=\/wp\/v2\/types\/product"}],"replies":[{"embeddable":true,"href":"https:\/\/back.mascotarea.com\/index.php?rest_route=%2Fwp%2Fv2%2Fcomments&post=6674"}],"wp:featuredmedia":[{"embeddable":true,"href":"https:\/\/back.mascotarea.com\/index.php?rest_route=\/wp\/v2\/media\/6673"}],"wp:attachment":[{"href":"https:\/\/back.mascotarea.com\/index.php?rest_route=%2Fwp%2Fv2%2Fmedia&parent=6674"}],"wp:term":[{"taxonomy":"product_cat","embeddable":true,"href":"https:\/\/back.mascotarea.com\/index.php?rest_route=%2Fwp%2Fv2%2Fproduct_cat&post=6674"},{"taxonomy":"product_tag","embeddable":true,"href":"https:\/\/back.mascotarea.com\/index.php?rest_route=%2Fwp%2Fv2%2Fproduct_tag&post=6674"}],"curies":[{"name":"wp","href":"https:\/\/api.w.org\/{rel}","templated":true}]}}