{"id":7129,"date":"2021-02-05T15:38:44","date_gmt":"2021-02-05T15:38:44","guid":{"rendered":"https:\/\/back.mascotarea.com\/producto\/royal-canin-setter-adult-12kg\/"},"modified":"2023-06-04T06:09:39","modified_gmt":"2023-06-04T06:09:39","slug":"royal-canin-setter-adult-12kg","status":"publish","type":"product","link":"https:\/\/back.mascotarea.com\/?product=royal-canin-setter-adult-12kg","title":{"rendered":"Royal Canin  Setter Adult 12kg"},"content":{"rendered":"<p>Composici\u00f3n: <\/p>\n<p>Arroz, grasas animales, prote\u00ednas de ave deshidratadas, ma\u00edz, prote\u00ednas de cerdo deshidratadas*, aislado de prote\u00ednas vegetales*, hidrolizado de prote\u00ednas animales, fibras vegetales, pulpa de remolacha, aceite de pescado, aceite de soja, minerales, fructo-oligosac\u00e1ridos, hidrolizado de levaduras (fuente de manano-oligosac\u00e1ridos), hidrolizado de crust\u00e1ceo (fuente de glucosamina), aceite de borraja (0,1%), extracto de rosa de la India (fuente de lute\u00edna), hidrolizado de cart\u00edlago (fuente de condroitina).<\/p>\n<p><\/p>\n<p>Aditivos (por kg): Aditivos nutricionales: Vitamina A: 29500 UI, Vitamina D3: 800 UI, E1 (Hierro): 57 mg, E2 (Yodo): 5,1 mg, E4 (Cobre): 14 mg, E5 (Manganeso): 64 mg, E6 (Zinc): 143 mg, E8 (Selenio): 0,15 mg, L-carnitina: 150 mg &#8211; Aditivos tecnol\u00f3gicos: Clinoptilolita de origen sedimentario: 10 g &#8211; Aditivos organol\u00e9pticos: Extracto de t\u00e9 (fuente de polifenoles): 150 mg &#8211; Conservantes &#8211; Antioxidantes.<\/p>\n<p><\/p>\n<\/p>\n<p>COMPONENTES ANAL\u00cdTICOS: Prote\u00edna bruta: 27,0% &#8211; Grasa bruta: 20,0% &#8211; Ceniza bruta: 5,6% &#8211; Fibra bruta: 2,1% &#8211; EPA\/DHA: 4 g\/kg.<\/p>\n","protected":false},"excerpt":{"rendered":"<p>Alimento completo para perros &#8211; Especial para el Setter adulto y maduro &#8211; A partir de los 12 meses de edad.<\/p>\n","protected":false},"featured_media":7128,"comment_status":"open","ping_status":"closed","template":"","meta":{"_uag_custom_page_level_css":"","_themeisle_gutenberg_block_has_review":false},"product_cat":[192],"product_tag":[],"class_list":{"0":"post-7129","1":"product","2":"type-product","3":"status-publish","4":"has-post-thumbnail","6":"product_cat-pienso-seco-para-perro","8":"first","9":"outofstock","10":"taxable","11":"shipping-taxable","12":"purchasable","13":"product-type-simple","14":"customify-col"},"uagb_featured_image_src":{"full":["https:\/\/back.mascotarea.com\/wp-content\/uploads\/2021\/02\/royal-canin-setter-adult-12kg_7321.jpg",800,1000,false],"thumbnail":["https:\/\/back.mascotarea.com\/wp-content\/uploads\/2021\/02\/royal-canin-setter-adult-12kg_7321-150x150.jpg",150,150,true],"medium":["https:\/\/back.mascotarea.com\/wp-content\/uploads\/2021\/02\/royal-canin-setter-adult-12kg_7321-240x300.jpg",240,300,true],"medium_large":["https:\/\/back.mascotarea.com\/wp-content\/uploads\/2021\/02\/royal-canin-setter-adult-12kg_7321-768x960.jpg",768,960,true],"large":["https:\/\/back.mascotarea.com\/wp-content\/uploads\/2021\/02\/royal-canin-setter-adult-12kg_7321.jpg",800,1000,false],"1536x1536":["https:\/\/back.mascotarea.com\/wp-content\/uploads\/2021\/02\/royal-canin-setter-adult-12kg_7321.jpg",800,1000,false],"2048x2048":["https:\/\/back.mascotarea.com\/wp-content\/uploads\/2021\/02\/royal-canin-setter-adult-12kg_7321.jpg",800,1000,false],"woocommerce_thumbnail":["https:\/\/back.mascotarea.com\/wp-content\/uploads\/2021\/02\/royal-canin-setter-adult-12kg_7321-200x200.jpg",200,200,true],"woocommerce_single":["https:\/\/back.mascotarea.com\/wp-content\/uploads\/2021\/02\/royal-canin-setter-adult-12kg_7321-200x250.jpg",200,250,true],"woocommerce_gallery_thumbnail":["https:\/\/back.mascotarea.com\/wp-content\/uploads\/2021\/02\/royal-canin-setter-adult-12kg_7321-100x100.jpg",100,100,true],"dgwt-wcas-product-suggestion":["https:\/\/back.mascotarea.com\/wp-content\/uploads\/2021\/02\/royal-canin-setter-adult-12kg_7321-64x80.jpg",64,80,true]},"uagb_author_info":{"display_name":"Roberto","author_link":"https:\/\/back.mascotarea.com\/?author=0"},"uagb_comment_info":0,"uagb_excerpt":"Alimento completo para perros - Especial para el Setter adulto y maduro - A partir de los 12 meses de edad.","_links":{"self":[{"href":"https:\/\/back.mascotarea.com\/index.php?rest_route=\/wp\/v2\/product\/7129","targetHints":{"allow":["GET"]}}],"collection":[{"href":"https:\/\/back.mascotarea.com\/index.php?rest_route=\/wp\/v2\/product"}],"about":[{"href":"https:\/\/back.mascotarea.com\/index.php?rest_route=\/wp\/v2\/types\/product"}],"replies":[{"embeddable":true,"href":"https:\/\/back.mascotarea.com\/index.php?rest_route=%2Fwp%2Fv2%2Fcomments&post=7129"}],"wp:featuredmedia":[{"embeddable":true,"href":"https:\/\/back.mascotarea.com\/index.php?rest_route=\/wp\/v2\/media\/7128"}],"wp:attachment":[{"href":"https:\/\/back.mascotarea.com\/index.php?rest_route=%2Fwp%2Fv2%2Fmedia&parent=7129"}],"wp:term":[{"taxonomy":"product_cat","embeddable":true,"href":"https:\/\/back.mascotarea.com\/index.php?rest_route=%2Fwp%2Fv2%2Fproduct_cat&post=7129"},{"taxonomy":"product_tag","embeddable":true,"href":"https:\/\/back.mascotarea.com\/index.php?rest_route=%2Fwp%2Fv2%2Fproduct_tag&post=7129"}],"curies":[{"name":"wp","href":"https:\/\/api.w.org\/{rel}","templated":true}]}}