{"id":7138,"date":"2021-02-05T15:56:22","date_gmt":"2021-02-05T15:56:22","guid":{"rendered":"https:\/\/back.mascotarea.com\/producto\/royal-canin-west-highland-white-terrier-adult-3kg\/"},"modified":"2024-06-12T20:25:51","modified_gmt":"2024-06-12T20:25:51","slug":"royal-canin-west-highland-white-terrier-adult-3kg","status":"publish","type":"product","link":"https:\/\/back.mascotarea.com\/?product=royal-canin-west-highland-white-terrier-adult-3kg","title":{"rendered":"Royal Canin  West Highland White Terrier Adult 3kg"},"content":{"rendered":"<p>Composici\u00f3n: harina de ma\u00edz, prote\u00ednas de ave deshidratadas, arroz, ma\u00edz, grasas animales, hidrolizado de prote\u00ednas animales, prote\u00ednas de cerdo deshidratadas*, trigo, pulpa de achicoria, aceite de soja, aceite de pescado, minerales, semillas de lino (0,5%), fructo-oligosac\u00e1ridos, aceite de borraja (0,1%), extracto de rosa de la India (fuente de lute\u00edna), hidrolizado de crust\u00e1ceo (fuente de glucosamina), hidrolizado de cart\u00edlago (fuente de condroitina).<\/p>\n<p><\/p>\n<p>Aditivos (por kg): Aditivos nutricionales: Vitamina A: 29500 UI, Vitamina D3: 800 UI, E1 (Hierro): 98 mg, E2 (Yodo): 5,8 mg, E4 (Cobre): 6 mg, E5 (Manganeso): 63 mg, E6 (Zinc): 142 mg, E8 (Selenio): 0,31 mg &#8211; Aditivos tecnol\u00f3gicos: Clinoptilolita de origen sedimentario: 10 g &#8211; Aditivos organol\u00e9pticos: Extracto de t\u00e9 (fuente de polifenoles): 150 mg &#8211; Conservantes &#8211; Antioxidantes.<\/p>\n<p><\/p>\n<p>Componentes anal\u00edticos: Prote\u00edna bruta: 21,0% &#8211; Grasa bruta: 16,0% &#8211; Ceniza bruta: 6,0% &#8211; Fibra bruta: 1,4% &#8211; Por kg: EPA\/DHA: 3 g &#8211; Trifosfato pentas\u00f3dico: 3,5 g.<\/p>\n","protected":false},"excerpt":{"rendered":"<p><\/p>\n<p>Alimento completo para perros &#8211; Especial para el West Highland White Terrier adulto y maduro &#8211; A partir de los 10 meses de edad.<\/p>\n","protected":false},"featured_media":7485,"comment_status":"open","ping_status":"closed","template":"","meta":{"_uag_custom_page_level_css":"","_themeisle_gutenberg_block_has_review":false},"product_cat":[192],"product_tag":[],"class_list":{"0":"post-7138","1":"product","2":"type-product","3":"status-publish","4":"has-post-thumbnail","6":"product_cat-pienso-seco-para-perro","8":"first","9":"instock","10":"taxable","11":"shipping-taxable","12":"purchasable","13":"product-type-simple","14":"customify-col"},"uagb_featured_image_src":{"full":["https:\/\/back.mascotarea.com\/wp-content\/uploads\/2021\/02\/royal-canin-west-highland-white-terrier-adult-3kg_29991.jpg",800,1000,false],"thumbnail":["https:\/\/back.mascotarea.com\/wp-content\/uploads\/2021\/02\/royal-canin-west-highland-white-terrier-adult-3kg_29991-150x150.jpg",150,150,true],"medium":["https:\/\/back.mascotarea.com\/wp-content\/uploads\/2021\/02\/royal-canin-west-highland-white-terrier-adult-3kg_29991-240x300.jpg",240,300,true],"medium_large":["https:\/\/back.mascotarea.com\/wp-content\/uploads\/2021\/02\/royal-canin-west-highland-white-terrier-adult-3kg_29991-768x960.jpg",768,960,true],"large":["https:\/\/back.mascotarea.com\/wp-content\/uploads\/2021\/02\/royal-canin-west-highland-white-terrier-adult-3kg_29991.jpg",800,1000,false],"1536x1536":["https:\/\/back.mascotarea.com\/wp-content\/uploads\/2021\/02\/royal-canin-west-highland-white-terrier-adult-3kg_29991.jpg",800,1000,false],"2048x2048":["https:\/\/back.mascotarea.com\/wp-content\/uploads\/2021\/02\/royal-canin-west-highland-white-terrier-adult-3kg_29991.jpg",800,1000,false],"woocommerce_thumbnail":["https:\/\/back.mascotarea.com\/wp-content\/uploads\/2021\/02\/royal-canin-west-highland-white-terrier-adult-3kg_29991-200x200.jpg",200,200,true],"woocommerce_single":["https:\/\/back.mascotarea.com\/wp-content\/uploads\/2021\/02\/royal-canin-west-highland-white-terrier-adult-3kg_29991-200x250.jpg",200,250,true],"woocommerce_gallery_thumbnail":["https:\/\/back.mascotarea.com\/wp-content\/uploads\/2021\/02\/royal-canin-west-highland-white-terrier-adult-3kg_29991-100x100.jpg",100,100,true],"dgwt-wcas-product-suggestion":["https:\/\/back.mascotarea.com\/wp-content\/uploads\/2021\/02\/royal-canin-west-highland-white-terrier-adult-3kg_29991-64x80.jpg",64,80,true]},"uagb_author_info":{"display_name":"Roberto","author_link":"https:\/\/back.mascotarea.com\/?author=0"},"uagb_comment_info":0,"uagb_excerpt":"Alimento completo para perros - Especial para el West Highland White Terrier adulto y maduro - A partir de los 10 meses de edad.","_links":{"self":[{"href":"https:\/\/back.mascotarea.com\/index.php?rest_route=\/wp\/v2\/product\/7138","targetHints":{"allow":["GET"]}}],"collection":[{"href":"https:\/\/back.mascotarea.com\/index.php?rest_route=\/wp\/v2\/product"}],"about":[{"href":"https:\/\/back.mascotarea.com\/index.php?rest_route=\/wp\/v2\/types\/product"}],"replies":[{"embeddable":true,"href":"https:\/\/back.mascotarea.com\/index.php?rest_route=%2Fwp%2Fv2%2Fcomments&post=7138"}],"wp:featuredmedia":[{"embeddable":true,"href":"https:\/\/back.mascotarea.com\/index.php?rest_route=\/wp\/v2\/media\/7485"}],"wp:attachment":[{"href":"https:\/\/back.mascotarea.com\/index.php?rest_route=%2Fwp%2Fv2%2Fmedia&parent=7138"}],"wp:term":[{"taxonomy":"product_cat","embeddable":true,"href":"https:\/\/back.mascotarea.com\/index.php?rest_route=%2Fwp%2Fv2%2Fproduct_cat&post=7138"},{"taxonomy":"product_tag","embeddable":true,"href":"https:\/\/back.mascotarea.com\/index.php?rest_route=%2Fwp%2Fv2%2Fproduct_tag&post=7138"}],"curies":[{"name":"wp","href":"https:\/\/api.w.org\/{rel}","templated":true}]}}