{"id":7140,"date":"2021-02-05T15:56:23","date_gmt":"2021-02-05T15:56:23","guid":{"rendered":"https:\/\/back.mascotarea.com\/producto\/royal-canin-x-small-adult-3kg\/"},"modified":"2024-04-11T12:26:25","modified_gmt":"2024-04-11T12:26:25","slug":"royal-canin-x-small-adult-3kg","status":"publish","type":"product","link":"https:\/\/back.mascotarea.com\/?product=royal-canin-x-small-adult-3kg","title":{"rendered":"Royal Canin  X-Small Adult 3kg"},"content":{"rendered":"<p>Composici\u00f3n: arroz, prote\u00ednas de ave deshidratadas, ma\u00edz, grasas animales, harina de ma\u00edz, gluten de ma\u00edz, hidrolizado de prote\u00ednas animales, aislado de prote\u00ednas vegetales*, pulpa de achicoria, minerales, aceite de soja, aceite de pescado, semillas e integumentos de psyllium (1%), levaduras completas y partes de las mismas, fructo-oligosac\u00e1ridos.<\/p>\n<p><\/p>\n<p>Aditivos (por kg): Aditivos nutricionales: Vitamina A: 22000 UI, Vitamina D3: 1000 UI, E1 (Hierro): 44 mg, E2 (Yodo): 4,5 mg, E4 (Cobre): 14 mg, E5 (Manganeso): 58 mg, E6 (Zinc): 142 mg, E8 (Selenio): 0,05 mg &#8211; Conservantes &#8211; Antioxidantes.<\/p>\n<p><\/p>\n<p>Componentes anal\u00edticos: Prote\u00edna bruta: 24,0% &#8211; Grasa bruta: 18,0% &#8211; Ceniza bruta: 5,9% &#8211; Fibra bruta: 1,7% &#8211; EPA &amp; DHA: 2,5 g\/kg. <\/p>\n","protected":false},"excerpt":{"rendered":"<p><\/p>\n<p>Alimento completo para perros adultos de razas muy peque\u00f1as (hasta 4 kg de peso) &#8211; A partir de los 10 meses de edad.<\/p>\n","protected":false},"featured_media":7139,"comment_status":"open","ping_status":"closed","template":"","meta":{"_uag_custom_page_level_css":"","_themeisle_gutenberg_block_has_review":false},"product_cat":[192],"product_tag":[],"class_list":{"0":"post-7140","1":"product","2":"type-product","3":"status-publish","4":"has-post-thumbnail","6":"product_cat-pienso-seco-para-perro","8":"first","9":"instock","10":"taxable","11":"shipping-taxable","12":"purchasable","13":"product-type-simple","14":"customify-col"},"uagb_featured_image_src":{"full":["https:\/\/back.mascotarea.com\/wp-content\/uploads\/2021\/02\/royal-canin-x-small-adult-3kg_2753.jpg",800,1000,false],"thumbnail":["https:\/\/back.mascotarea.com\/wp-content\/uploads\/2021\/02\/royal-canin-x-small-adult-3kg_2753-150x150.jpg",150,150,true],"medium":["https:\/\/back.mascotarea.com\/wp-content\/uploads\/2021\/02\/royal-canin-x-small-adult-3kg_2753-240x300.jpg",240,300,true],"medium_large":["https:\/\/back.mascotarea.com\/wp-content\/uploads\/2021\/02\/royal-canin-x-small-adult-3kg_2753-768x960.jpg",768,960,true],"large":["https:\/\/back.mascotarea.com\/wp-content\/uploads\/2021\/02\/royal-canin-x-small-adult-3kg_2753.jpg",800,1000,false],"1536x1536":["https:\/\/back.mascotarea.com\/wp-content\/uploads\/2021\/02\/royal-canin-x-small-adult-3kg_2753.jpg",800,1000,false],"2048x2048":["https:\/\/back.mascotarea.com\/wp-content\/uploads\/2021\/02\/royal-canin-x-small-adult-3kg_2753.jpg",800,1000,false],"woocommerce_thumbnail":["https:\/\/back.mascotarea.com\/wp-content\/uploads\/2021\/02\/royal-canin-x-small-adult-3kg_2753-200x200.jpg",200,200,true],"woocommerce_single":["https:\/\/back.mascotarea.com\/wp-content\/uploads\/2021\/02\/royal-canin-x-small-adult-3kg_2753-200x250.jpg",200,250,true],"woocommerce_gallery_thumbnail":["https:\/\/back.mascotarea.com\/wp-content\/uploads\/2021\/02\/royal-canin-x-small-adult-3kg_2753-100x100.jpg",100,100,true],"dgwt-wcas-product-suggestion":["https:\/\/back.mascotarea.com\/wp-content\/uploads\/2021\/02\/royal-canin-x-small-adult-3kg_2753-64x80.jpg",64,80,true]},"uagb_author_info":{"display_name":"Roberto","author_link":"https:\/\/back.mascotarea.com\/?author=0"},"uagb_comment_info":0,"uagb_excerpt":"Alimento completo para perros adultos de razas muy peque\u00f1as (hasta 4 kg de peso) - A partir de los 10 meses de edad.","_links":{"self":[{"href":"https:\/\/back.mascotarea.com\/index.php?rest_route=\/wp\/v2\/product\/7140","targetHints":{"allow":["GET"]}}],"collection":[{"href":"https:\/\/back.mascotarea.com\/index.php?rest_route=\/wp\/v2\/product"}],"about":[{"href":"https:\/\/back.mascotarea.com\/index.php?rest_route=\/wp\/v2\/types\/product"}],"replies":[{"embeddable":true,"href":"https:\/\/back.mascotarea.com\/index.php?rest_route=%2Fwp%2Fv2%2Fcomments&post=7140"}],"wp:featuredmedia":[{"embeddable":true,"href":"https:\/\/back.mascotarea.com\/index.php?rest_route=\/wp\/v2\/media\/7139"}],"wp:attachment":[{"href":"https:\/\/back.mascotarea.com\/index.php?rest_route=%2Fwp%2Fv2%2Fmedia&parent=7140"}],"wp:term":[{"taxonomy":"product_cat","embeddable":true,"href":"https:\/\/back.mascotarea.com\/index.php?rest_route=%2Fwp%2Fv2%2Fproduct_cat&post=7140"},{"taxonomy":"product_tag","embeddable":true,"href":"https:\/\/back.mascotarea.com\/index.php?rest_route=%2Fwp%2Fv2%2Fproduct_tag&post=7140"}],"curies":[{"name":"wp","href":"https:\/\/api.w.org\/{rel}","templated":true}]}}