{"id":7164,"date":"2021-02-05T16:03:53","date_gmt":"2021-02-05T16:03:53","guid":{"rendered":"https:\/\/back.mascotarea.com\/producto\/royal-canin-x-small-sterilised-1-5kg\/"},"modified":"2024-05-30T11:25:16","modified_gmt":"2024-05-30T11:25:16","slug":"royal-canin-x-small-sterilised-1-5kg","status":"publish","type":"product","link":"https:\/\/back.mascotarea.com\/?product=royal-canin-x-small-sterilised-1-5kg","title":{"rendered":"Royal Canin  X-Small Sterilised 1,5kg"},"content":{"rendered":"<p><\/p>\n<p>Composici\u00f3n: ma\u00edz, prote\u00ednas de ave deshidratadas, hidrolizado de prote\u00ednas animales, aislado de prote\u00ednas vegetales*, grasas animales, gluten de ma\u00edz, fibras vegetales, trigo, pulpa de achicoria, aceite de soja, minerales, aceite de pescado, semillas e integumentos de psyllium, levaduras completas y partes de las mismas, fructo-oligosac\u00e1ridos, aceite de borraja, extracto de rosa de la India (fuente de lute\u00edna).<\/p>\n<p><\/p>\n<p>Aditivos (por kg): Aditivos nutricionales: Vitamina A: 22000 UI, Vitamina D3: 1000 UI, E1 (Hierro): 39 mg, E2 (Yodo): 3,9 mg, E4 (Cobre): 12 mg, E5 (Manganeso): 51 mg, E6 (Zinc): 140 mg, E8 (Selenio): 0,07 mg, L-carnitina: 200 mg &#8211; Aditivos tecnol\u00f3gicos: Clinoptilolita de origen sedimentario: 5 g &#8211; Conservantes &#8211; Antioxidantes.<\/p>\n<p><\/p>\n<p>Componentes anal\u00edticos: Prote\u00edna bruta: 26,0% &#8211; Grasa bruta: 14,0% &#8211; Ceniza bruta: 5,5% &#8211; Fibra bruta: 5,3%. <\/p>\n","protected":false},"excerpt":{"rendered":"<p><\/p>\n<p>Alimento completo para perros &#8211; Para perros adultos esterilizados de razas muy peque\u00f1as (hasta 4 kg de peso) &#8211; A partir de los 10 meses de edad &#8211; Perros con tendencia al aumento de peso.<\/p>\n","protected":false},"featured_media":7163,"comment_status":"open","ping_status":"closed","template":"","meta":{"_uag_custom_page_level_css":"","_themeisle_gutenberg_block_has_review":false},"product_cat":[192],"product_tag":[],"class_list":{"0":"post-7164","1":"product","2":"type-product","3":"status-publish","4":"has-post-thumbnail","6":"product_cat-pienso-seco-para-perro","8":"first","9":"instock","10":"taxable","11":"shipping-taxable","12":"purchasable","13":"product-type-simple","14":"customify-col"},"uagb_featured_image_src":{"full":["https:\/\/back.mascotarea.com\/wp-content\/uploads\/2021\/02\/royal-canin-x-small-sterilised-1-5kg_21491.jpg",800,1000,false],"thumbnail":["https:\/\/back.mascotarea.com\/wp-content\/uploads\/2021\/02\/royal-canin-x-small-sterilised-1-5kg_21491-150x150.jpg",150,150,true],"medium":["https:\/\/back.mascotarea.com\/wp-content\/uploads\/2021\/02\/royal-canin-x-small-sterilised-1-5kg_21491-240x300.jpg",240,300,true],"medium_large":["https:\/\/back.mascotarea.com\/wp-content\/uploads\/2021\/02\/royal-canin-x-small-sterilised-1-5kg_21491-768x960.jpg",768,960,true],"large":["https:\/\/back.mascotarea.com\/wp-content\/uploads\/2021\/02\/royal-canin-x-small-sterilised-1-5kg_21491.jpg",800,1000,false],"1536x1536":["https:\/\/back.mascotarea.com\/wp-content\/uploads\/2021\/02\/royal-canin-x-small-sterilised-1-5kg_21491.jpg",800,1000,false],"2048x2048":["https:\/\/back.mascotarea.com\/wp-content\/uploads\/2021\/02\/royal-canin-x-small-sterilised-1-5kg_21491.jpg",800,1000,false],"woocommerce_thumbnail":["https:\/\/back.mascotarea.com\/wp-content\/uploads\/2021\/02\/royal-canin-x-small-sterilised-1-5kg_21491-200x200.jpg",200,200,true],"woocommerce_single":["https:\/\/back.mascotarea.com\/wp-content\/uploads\/2021\/02\/royal-canin-x-small-sterilised-1-5kg_21491-200x250.jpg",200,250,true],"woocommerce_gallery_thumbnail":["https:\/\/back.mascotarea.com\/wp-content\/uploads\/2021\/02\/royal-canin-x-small-sterilised-1-5kg_21491-100x100.jpg",100,100,true],"dgwt-wcas-product-suggestion":["https:\/\/back.mascotarea.com\/wp-content\/uploads\/2021\/02\/royal-canin-x-small-sterilised-1-5kg_21491-64x80.jpg",64,80,true]},"uagb_author_info":{"display_name":"Roberto","author_link":"https:\/\/back.mascotarea.com\/?author=0"},"uagb_comment_info":0,"uagb_excerpt":"Alimento completo para perros - Para perros adultos esterilizados de razas muy peque\u00f1as (hasta 4 kg de peso) - A partir de los 10 meses de edad - Perros con tendencia al aumento de peso.","_links":{"self":[{"href":"https:\/\/back.mascotarea.com\/index.php?rest_route=\/wp\/v2\/product\/7164","targetHints":{"allow":["GET"]}}],"collection":[{"href":"https:\/\/back.mascotarea.com\/index.php?rest_route=\/wp\/v2\/product"}],"about":[{"href":"https:\/\/back.mascotarea.com\/index.php?rest_route=\/wp\/v2\/types\/product"}],"replies":[{"embeddable":true,"href":"https:\/\/back.mascotarea.com\/index.php?rest_route=%2Fwp%2Fv2%2Fcomments&post=7164"}],"wp:featuredmedia":[{"embeddable":true,"href":"https:\/\/back.mascotarea.com\/index.php?rest_route=\/wp\/v2\/media\/7163"}],"wp:attachment":[{"href":"https:\/\/back.mascotarea.com\/index.php?rest_route=%2Fwp%2Fv2%2Fmedia&parent=7164"}],"wp:term":[{"taxonomy":"product_cat","embeddable":true,"href":"https:\/\/back.mascotarea.com\/index.php?rest_route=%2Fwp%2Fv2%2Fproduct_cat&post=7164"},{"taxonomy":"product_tag","embeddable":true,"href":"https:\/\/back.mascotarea.com\/index.php?rest_route=%2Fwp%2Fv2%2Fproduct_tag&post=7164"}],"curies":[{"name":"wp","href":"https:\/\/api.w.org\/{rel}","templated":true}]}}