{"id":7168,"date":"2021-02-05T16:07:35","date_gmt":"2021-02-05T16:07:35","guid":{"rendered":"https:\/\/back.mascotarea.com\/producto\/royal-canin-yorkshire-terrier-puppy-1-5kg\/"},"modified":"2023-06-04T06:09:24","modified_gmt":"2023-06-04T06:09:24","slug":"royal-canin-yorkshire-terrier-puppy-1-5kg","status":"publish","type":"product","link":"https:\/\/back.mascotarea.com\/?product=royal-canin-yorkshire-terrier-puppy-1-5kg","title":{"rendered":"Royal Canin  Yorkshire Terrier Puppy 1,5kg"},"content":{"rendered":"<p>Composici\u00f3n: prote\u00ednas de ave deshidratadas, arroz, harina de ma\u00edz, grasas animales, aislado de prote\u00ednas vegetales*, pulpa de remolacha, hidrolizado de prote\u00ednas animales, minerales, aceite de soja, aceite de pescado, levaduras completas y partes de las mismas, fructo-oligosac\u00e1ridos (0,34%), hidrolizado de levaduras (fuente de manano-oligosac\u00e1ridos), aceite de borraja, extracto de levaduras (fuente de betaglucanos), extracto de rosa de la India (fuente de lute\u00edna).<\/p>\n<p><\/p>\n<p>Aditivos (por kg): Aditivos nutricionales: Vitamina A: 29000 UI, Vitamina D3: 800 UI, Vitamina E: 590 mg, E1 (Hierro): 39 mg, E2 (Yodo): 3,9 mg, E4 (Cobre): 12 mg, E5 (Manganeso): 51 mg, E6 (Zinc): 106 mg, E8 (Selenio): 0,08 mg &#8211; Aditivos tecnol\u00f3gicos: Clinoptilolita de origen sedimentario: 10 g &#8211; Aditivos organol\u00e9pticos: Extracto de yuca: 125 mg &#8211; Conservantes &#8211; Antioxidantes.<\/p>\n<p><\/p>\n<p>Componentes anal\u00edticos: Prote\u00edna bruta: 29,0% &#8211; Grasa bruta: 20,0% &#8211; Ceniza bruta: 7,7% &#8211; Fibra bruta: 1,3% &#8211; EPA\/DHA: 3,0 g\/kg.<\/p>\n","protected":false},"excerpt":{"rendered":"<p><\/p>\n<p>Alimento completo para perros- Especial para cachorros de raza Yorkshire Terrier &#8211; Hasta los 10 meses de edad.<\/p>\n","protected":false},"featured_media":7167,"comment_status":"open","ping_status":"closed","template":"","meta":{"_uag_custom_page_level_css":"","_themeisle_gutenberg_block_has_review":false},"product_cat":[192],"product_tag":[],"class_list":{"0":"post-7168","1":"product","2":"type-product","3":"status-publish","4":"has-post-thumbnail","6":"product_cat-pienso-seco-para-perro","8":"first","9":"outofstock","10":"taxable","11":"shipping-taxable","12":"purchasable","13":"product-type-simple","14":"customify-col"},"uagb_featured_image_src":{"full":["https:\/\/back.mascotarea.com\/wp-content\/uploads\/2021\/02\/royal-canin-yorkshire-terrier-puppy-1-5kg_22699.jpg",800,1000,false],"thumbnail":["https:\/\/back.mascotarea.com\/wp-content\/uploads\/2021\/02\/royal-canin-yorkshire-terrier-puppy-1-5kg_22699-150x150.jpg",150,150,true],"medium":["https:\/\/back.mascotarea.com\/wp-content\/uploads\/2021\/02\/royal-canin-yorkshire-terrier-puppy-1-5kg_22699-240x300.jpg",240,300,true],"medium_large":["https:\/\/back.mascotarea.com\/wp-content\/uploads\/2021\/02\/royal-canin-yorkshire-terrier-puppy-1-5kg_22699-768x960.jpg",768,960,true],"large":["https:\/\/back.mascotarea.com\/wp-content\/uploads\/2021\/02\/royal-canin-yorkshire-terrier-puppy-1-5kg_22699.jpg",800,1000,false],"1536x1536":["https:\/\/back.mascotarea.com\/wp-content\/uploads\/2021\/02\/royal-canin-yorkshire-terrier-puppy-1-5kg_22699.jpg",800,1000,false],"2048x2048":["https:\/\/back.mascotarea.com\/wp-content\/uploads\/2021\/02\/royal-canin-yorkshire-terrier-puppy-1-5kg_22699.jpg",800,1000,false],"woocommerce_thumbnail":["https:\/\/back.mascotarea.com\/wp-content\/uploads\/2021\/02\/royal-canin-yorkshire-terrier-puppy-1-5kg_22699-200x200.jpg",200,200,true],"woocommerce_single":["https:\/\/back.mascotarea.com\/wp-content\/uploads\/2021\/02\/royal-canin-yorkshire-terrier-puppy-1-5kg_22699-200x250.jpg",200,250,true],"woocommerce_gallery_thumbnail":["https:\/\/back.mascotarea.com\/wp-content\/uploads\/2021\/02\/royal-canin-yorkshire-terrier-puppy-1-5kg_22699-100x100.jpg",100,100,true],"dgwt-wcas-product-suggestion":["https:\/\/back.mascotarea.com\/wp-content\/uploads\/2021\/02\/royal-canin-yorkshire-terrier-puppy-1-5kg_22699-64x80.jpg",64,80,true]},"uagb_author_info":{"display_name":"Roberto","author_link":"https:\/\/back.mascotarea.com\/?author=0"},"uagb_comment_info":0,"uagb_excerpt":"Alimento completo para perros- Especial para cachorros de raza Yorkshire Terrier - Hasta los 10 meses de edad.","_links":{"self":[{"href":"https:\/\/back.mascotarea.com\/index.php?rest_route=\/wp\/v2\/product\/7168","targetHints":{"allow":["GET"]}}],"collection":[{"href":"https:\/\/back.mascotarea.com\/index.php?rest_route=\/wp\/v2\/product"}],"about":[{"href":"https:\/\/back.mascotarea.com\/index.php?rest_route=\/wp\/v2\/types\/product"}],"replies":[{"embeddable":true,"href":"https:\/\/back.mascotarea.com\/index.php?rest_route=%2Fwp%2Fv2%2Fcomments&post=7168"}],"wp:featuredmedia":[{"embeddable":true,"href":"https:\/\/back.mascotarea.com\/index.php?rest_route=\/wp\/v2\/media\/7167"}],"wp:attachment":[{"href":"https:\/\/back.mascotarea.com\/index.php?rest_route=%2Fwp%2Fv2%2Fmedia&parent=7168"}],"wp:term":[{"taxonomy":"product_cat","embeddable":true,"href":"https:\/\/back.mascotarea.com\/index.php?rest_route=%2Fwp%2Fv2%2Fproduct_cat&post=7168"},{"taxonomy":"product_tag","embeddable":true,"href":"https:\/\/back.mascotarea.com\/index.php?rest_route=%2Fwp%2Fv2%2Fproduct_tag&post=7168"}],"curies":[{"name":"wp","href":"https:\/\/api.w.org\/{rel}","templated":true}]}}