{"id":7172,"date":"2021-02-05T16:07:40","date_gmt":"2021-02-05T16:07:40","guid":{"rendered":"https:\/\/back.mascotarea.com\/producto\/royal-canin-yorkshire-terrier-adult-7-5kg\/"},"modified":"2023-06-04T06:09:38","modified_gmt":"2023-06-04T06:09:38","slug":"royal-canin-yorkshire-terrier-adult-7-5kg","status":"publish","type":"product","link":"https:\/\/back.mascotarea.com\/?product=royal-canin-yorkshire-terrier-adult-7-5kg","title":{"rendered":"Royal Canin  Yorkshire Terrier Adult 7,5kg"},"content":{"rendered":"<p>Composici\u00f3n: prote\u00ednas de ave deshidratadas, harina de ma\u00edz, arroz, grasas animales, aislado de prote\u00ednas vegetales*, ma\u00edz, hidrolizado de prote\u00ednas animales, gluten de ma\u00edz, fibras vegetales, pulpa de remolacha, aceite de pescado, minerales, aceite de soja, levaduras completas y partes de las mismas, fructo-oligosac\u00e1ridos, hidrolizado de levaduras (fuente de manano-oligosac\u00e1ridos), aceite de borraja (0,1%), hidrolizado de crust\u00e1ceo (fuente de glucosamina), extracto de rosa de la India (fuente de lute\u00edna), hidrolizado de cart\u00edlago (fuente de condroitina).<\/p>\n<p><\/p>\n<p>Aditivos (por kg): Aditivos nutricionales: Vitamina A: 29500 UI, Vitamina D3: 800 UI, Biotina: 3 mg, E1 (Hierro): 45 mg, E2 (Yodo): 4,5 mg, E4 (Cobre): 14 mg, E5 (Manganeso): 58 mg, E6 (Zinc): 137 mg, E8 (Selenio): 0,1 mg &#8211; Aditivos tecnol\u00f3gicos: Clinoptilolita de origen sedimentario: 5 g &#8211; Aditivos organol\u00e9pticos: Extracto de t\u00e9 (fuente de polifenoles): 150 mg &#8211; Conservantes &#8211; Antioxidantes.<\/p>\n<p><\/p>\n<p>Componentes anal\u00edticos: Prote\u00edna bruta: 28,0% &#8211; Grasa bruta: 18,0% &#8211; Ceniza bruta: 5,1% &#8211; Fibra bruta: 3,0% &#8211; Por kg: \u00c1cidos grasos omega 6: 33,7 g &#8211; \u00c1cidos grasos omega 3: 7,5 g incluyendo EPA\/DHA: 3 g &#8211; Trifosfato pentas\u00f3dico: 3,5 g. <\/p>\n","protected":false},"excerpt":{"rendered":"<p><\/p>\n<p>Alimento completo para el perro Yorkshire Terrier adulto y maduro &#8211; A partir de los 10 meses de edad.<\/p>\n","protected":false},"featured_media":7171,"comment_status":"open","ping_status":"closed","template":"","meta":{"_uag_custom_page_level_css":"","_themeisle_gutenberg_block_has_review":false},"product_cat":[192],"product_tag":[],"class_list":{"0":"post-7172","1":"product","2":"type-product","3":"status-publish","4":"has-post-thumbnail","6":"product_cat-pienso-seco-para-perro","8":"first","9":"outofstock","10":"taxable","11":"shipping-taxable","12":"purchasable","13":"product-type-simple","14":"customify-col"},"uagb_featured_image_src":{"full":["https:\/\/back.mascotarea.com\/wp-content\/uploads\/2021\/02\/royal-canin-yorkshire-terrier-adult-7-5kg_6188.jpg",800,1000,false],"thumbnail":["https:\/\/back.mascotarea.com\/wp-content\/uploads\/2021\/02\/royal-canin-yorkshire-terrier-adult-7-5kg_6188-150x150.jpg",150,150,true],"medium":["https:\/\/back.mascotarea.com\/wp-content\/uploads\/2021\/02\/royal-canin-yorkshire-terrier-adult-7-5kg_6188-240x300.jpg",240,300,true],"medium_large":["https:\/\/back.mascotarea.com\/wp-content\/uploads\/2021\/02\/royal-canin-yorkshire-terrier-adult-7-5kg_6188-768x960.jpg",768,960,true],"large":["https:\/\/back.mascotarea.com\/wp-content\/uploads\/2021\/02\/royal-canin-yorkshire-terrier-adult-7-5kg_6188.jpg",800,1000,false],"1536x1536":["https:\/\/back.mascotarea.com\/wp-content\/uploads\/2021\/02\/royal-canin-yorkshire-terrier-adult-7-5kg_6188.jpg",800,1000,false],"2048x2048":["https:\/\/back.mascotarea.com\/wp-content\/uploads\/2021\/02\/royal-canin-yorkshire-terrier-adult-7-5kg_6188.jpg",800,1000,false],"woocommerce_thumbnail":["https:\/\/back.mascotarea.com\/wp-content\/uploads\/2021\/02\/royal-canin-yorkshire-terrier-adult-7-5kg_6188-200x200.jpg",200,200,true],"woocommerce_single":["https:\/\/back.mascotarea.com\/wp-content\/uploads\/2021\/02\/royal-canin-yorkshire-terrier-adult-7-5kg_6188-200x250.jpg",200,250,true],"woocommerce_gallery_thumbnail":["https:\/\/back.mascotarea.com\/wp-content\/uploads\/2021\/02\/royal-canin-yorkshire-terrier-adult-7-5kg_6188-100x100.jpg",100,100,true],"dgwt-wcas-product-suggestion":["https:\/\/back.mascotarea.com\/wp-content\/uploads\/2021\/02\/royal-canin-yorkshire-terrier-adult-7-5kg_6188-64x80.jpg",64,80,true]},"uagb_author_info":{"display_name":"Roberto","author_link":"https:\/\/back.mascotarea.com\/?author=0"},"uagb_comment_info":0,"uagb_excerpt":"Alimento completo para el perro Yorkshire Terrier adulto y maduro - A partir de los 10 meses de edad.","_links":{"self":[{"href":"https:\/\/back.mascotarea.com\/index.php?rest_route=\/wp\/v2\/product\/7172","targetHints":{"allow":["GET"]}}],"collection":[{"href":"https:\/\/back.mascotarea.com\/index.php?rest_route=\/wp\/v2\/product"}],"about":[{"href":"https:\/\/back.mascotarea.com\/index.php?rest_route=\/wp\/v2\/types\/product"}],"replies":[{"embeddable":true,"href":"https:\/\/back.mascotarea.com\/index.php?rest_route=%2Fwp%2Fv2%2Fcomments&post=7172"}],"wp:featuredmedia":[{"embeddable":true,"href":"https:\/\/back.mascotarea.com\/index.php?rest_route=\/wp\/v2\/media\/7171"}],"wp:attachment":[{"href":"https:\/\/back.mascotarea.com\/index.php?rest_route=%2Fwp%2Fv2%2Fmedia&parent=7172"}],"wp:term":[{"taxonomy":"product_cat","embeddable":true,"href":"https:\/\/back.mascotarea.com\/index.php?rest_route=%2Fwp%2Fv2%2Fproduct_cat&post=7172"},{"taxonomy":"product_tag","embeddable":true,"href":"https:\/\/back.mascotarea.com\/index.php?rest_route=%2Fwp%2Fv2%2Fproduct_tag&post=7172"}],"curies":[{"name":"wp","href":"https:\/\/api.w.org\/{rel}","templated":true}]}}