{"id":7174,"date":"2021-02-05T16:19:17","date_gmt":"2021-02-05T16:19:17","guid":{"rendered":"https:\/\/back.mascotarea.com\/producto\/royal-canin-boxer-adult-12-2kg\/"},"modified":"2023-06-04T06:09:36","modified_gmt":"2023-06-04T06:09:36","slug":"royal-canin-boxer-adult-12-2kg","status":"publish","type":"product","link":"https:\/\/back.mascotarea.com\/?product=royal-canin-boxer-adult-12-2kg","title":{"rendered":"Royal Canin Boxer Adult 12+2kg"},"content":{"rendered":"<p>Composici\u00f3n: arroz, grasas animales, prote\u00ednas de ave deshidratadas, ma\u00edz, aislado de prote\u00ednas vegetales*, prote\u00ednas de cerdo deshidratadas, hidrolizado de prote\u00ednas animales, fibras vegetales, pulpa de remolacha, minerales, aceite de soja, aceite de pescado, aceite de copra, tomate deshidratado, hidrolizado de levaduras (fuente de manano-oligosac\u00e1ridos), hidrolizado de crust\u00e1ceo (fuente de glucosamina), extracto de rosa de la India (fuente de lute\u00edna), hidrolizado de cart\u00edlago (fuente de condroitina).<\/p>\n<p><\/p>\n<p>Aditivos nutricionales: Vitamina A: 27500 UI, Vitamina D3: 700 UI, E1 (Hierro): 51 mg, E2 (Yodo): 5,1 mg, E4 (Cobre): 15 mg, E5 (Manganeso): 66 mg, E6 (Zinc): 141 mg, E8 (Selenio): 0,11 mg, L-carnitina: 830 mg &#8211; Aditivos tecnol\u00f3gicos: Clinoptilolita de origen sedimentario: 10 g -Aditivos organol\u00e9pticos: Extracto de t\u00e9 (fuente de polifenoles): 150 mg &#8211; Conservantes &#8211; Antioxidantes.<\/p>\n","protected":false},"excerpt":{"rendered":"<p><\/p>\n<p>Alimento completo para perros &#8211; Especial para el Boxer adulto y maduro &#8211; A partir de los 15 meses de edad.<\/p>\n","protected":false},"featured_media":7173,"comment_status":"open","ping_status":"closed","template":"","meta":{"_uag_custom_page_level_css":"","_themeisle_gutenberg_block_has_review":false},"product_cat":[192],"product_tag":[],"class_list":{"0":"post-7174","1":"product","2":"type-product","3":"status-publish","4":"has-post-thumbnail","6":"product_cat-pienso-seco-para-perro","8":"first","9":"outofstock","10":"taxable","11":"shipping-taxable","12":"purchasable","13":"product-type-simple","14":"customify-col"},"uagb_featured_image_src":{"full":["https:\/\/back.mascotarea.com\/wp-content\/uploads\/2021\/02\/royal-canin-boxer-adult-12-2kg_18014.jpg",800,1000,false],"thumbnail":["https:\/\/back.mascotarea.com\/wp-content\/uploads\/2021\/02\/royal-canin-boxer-adult-12-2kg_18014-150x150.jpg",150,150,true],"medium":["https:\/\/back.mascotarea.com\/wp-content\/uploads\/2021\/02\/royal-canin-boxer-adult-12-2kg_18014-240x300.jpg",240,300,true],"medium_large":["https:\/\/back.mascotarea.com\/wp-content\/uploads\/2021\/02\/royal-canin-boxer-adult-12-2kg_18014-768x960.jpg",768,960,true],"large":["https:\/\/back.mascotarea.com\/wp-content\/uploads\/2021\/02\/royal-canin-boxer-adult-12-2kg_18014.jpg",800,1000,false],"1536x1536":["https:\/\/back.mascotarea.com\/wp-content\/uploads\/2021\/02\/royal-canin-boxer-adult-12-2kg_18014.jpg",800,1000,false],"2048x2048":["https:\/\/back.mascotarea.com\/wp-content\/uploads\/2021\/02\/royal-canin-boxer-adult-12-2kg_18014.jpg",800,1000,false],"woocommerce_thumbnail":["https:\/\/back.mascotarea.com\/wp-content\/uploads\/2021\/02\/royal-canin-boxer-adult-12-2kg_18014-200x200.jpg",200,200,true],"woocommerce_single":["https:\/\/back.mascotarea.com\/wp-content\/uploads\/2021\/02\/royal-canin-boxer-adult-12-2kg_18014-200x250.jpg",200,250,true],"woocommerce_gallery_thumbnail":["https:\/\/back.mascotarea.com\/wp-content\/uploads\/2021\/02\/royal-canin-boxer-adult-12-2kg_18014-100x100.jpg",100,100,true],"dgwt-wcas-product-suggestion":["https:\/\/back.mascotarea.com\/wp-content\/uploads\/2021\/02\/royal-canin-boxer-adult-12-2kg_18014-64x80.jpg",64,80,true]},"uagb_author_info":{"display_name":"Roberto","author_link":"https:\/\/back.mascotarea.com\/?author=0"},"uagb_comment_info":0,"uagb_excerpt":"Alimento completo para perros - Especial para el Boxer adulto y maduro - A partir de los 15 meses de edad.","_links":{"self":[{"href":"https:\/\/back.mascotarea.com\/index.php?rest_route=\/wp\/v2\/product\/7174","targetHints":{"allow":["GET"]}}],"collection":[{"href":"https:\/\/back.mascotarea.com\/index.php?rest_route=\/wp\/v2\/product"}],"about":[{"href":"https:\/\/back.mascotarea.com\/index.php?rest_route=\/wp\/v2\/types\/product"}],"replies":[{"embeddable":true,"href":"https:\/\/back.mascotarea.com\/index.php?rest_route=%2Fwp%2Fv2%2Fcomments&post=7174"}],"wp:featuredmedia":[{"embeddable":true,"href":"https:\/\/back.mascotarea.com\/index.php?rest_route=\/wp\/v2\/media\/7173"}],"wp:attachment":[{"href":"https:\/\/back.mascotarea.com\/index.php?rest_route=%2Fwp%2Fv2%2Fmedia&parent=7174"}],"wp:term":[{"taxonomy":"product_cat","embeddable":true,"href":"https:\/\/back.mascotarea.com\/index.php?rest_route=%2Fwp%2Fv2%2Fproduct_cat&post=7174"},{"taxonomy":"product_tag","embeddable":true,"href":"https:\/\/back.mascotarea.com\/index.php?rest_route=%2Fwp%2Fv2%2Fproduct_tag&post=7174"}],"curies":[{"name":"wp","href":"https:\/\/api.w.org\/{rel}","templated":true}]}}