{"id":7182,"date":"2021-02-05T16:49:10","date_gmt":"2021-02-05T16:49:10","guid":{"rendered":"https:\/\/back.mascotarea.com\/producto\/royal-canin-feline-ageing-12-4kg\/"},"modified":"2024-07-18T11:27:34","modified_gmt":"2024-07-18T11:27:34","slug":"royal-canin-feline-ageing-12-4kg","status":"publish","type":"product","link":"https:\/\/back.mascotarea.com\/?product=royal-canin-feline-ageing-12-4kg","title":{"rendered":"Royal Canin Feline Ageing 12+ 4kg"},"content":{"rendered":"<p>Composici\u00f3n: Aislado de prote\u00ednas vegetales*, harina de trigo precocida, grasas animales, prote\u00ednas de ave deshidratadas, arroz, ma\u00edz, fibras vegetales, hidrolizado de prote\u00ednas animales, pulpa de achicoria, sustancias minerales, aceite de pescado, aceite de soja, levaduras completas y partes de las mismas, tomate (fuente de licopeno), fructo-oligosac\u00e1ridos, c\u00e1scaras y semillas de psyllium, hidrolizado de levaduras (fuente de manano-oligosac\u00e1ridos), crust\u00e1ceos hidrolizados (fuente de glucosamina), aceite de borraja, extracto de Rosa de la India (fuente de lute\u00edna), cart\u00edlago hidrolizado (fuente de condroitina).<\/p>\n<p><\/p>\n","protected":false},"excerpt":{"rendered":"<p><\/p>\n<p>Alimento completo y equilibrado para gatos s\u00e9nior a partir de 12 a\u00f1os de edad.<\/p>\n","protected":false},"featured_media":7181,"comment_status":"open","ping_status":"closed","template":"","meta":{"_uag_custom_page_level_css":"","_themeisle_gutenberg_block_has_review":false},"product_cat":[187],"product_tag":[],"class_list":{"0":"post-7182","1":"product","2":"type-product","3":"status-publish","4":"has-post-thumbnail","6":"product_cat-pienso-seco-para-gato","8":"first","9":"outofstock","10":"taxable","11":"shipping-taxable","12":"purchasable","13":"product-type-simple","14":"customify-col"},"uagb_featured_image_src":{"full":["https:\/\/back.mascotarea.com\/wp-content\/uploads\/2021\/02\/royal-canin-feline-ageing-12-4kg_23961.jpg",800,1000,false],"thumbnail":["https:\/\/back.mascotarea.com\/wp-content\/uploads\/2021\/02\/royal-canin-feline-ageing-12-4kg_23961-150x150.jpg",150,150,true],"medium":["https:\/\/back.mascotarea.com\/wp-content\/uploads\/2021\/02\/royal-canin-feline-ageing-12-4kg_23961-240x300.jpg",240,300,true],"medium_large":["https:\/\/back.mascotarea.com\/wp-content\/uploads\/2021\/02\/royal-canin-feline-ageing-12-4kg_23961-768x960.jpg",768,960,true],"large":["https:\/\/back.mascotarea.com\/wp-content\/uploads\/2021\/02\/royal-canin-feline-ageing-12-4kg_23961.jpg",800,1000,false],"1536x1536":["https:\/\/back.mascotarea.com\/wp-content\/uploads\/2021\/02\/royal-canin-feline-ageing-12-4kg_23961.jpg",800,1000,false],"2048x2048":["https:\/\/back.mascotarea.com\/wp-content\/uploads\/2021\/02\/royal-canin-feline-ageing-12-4kg_23961.jpg",800,1000,false],"woocommerce_thumbnail":["https:\/\/back.mascotarea.com\/wp-content\/uploads\/2021\/02\/royal-canin-feline-ageing-12-4kg_23961-200x200.jpg",200,200,true],"woocommerce_single":["https:\/\/back.mascotarea.com\/wp-content\/uploads\/2021\/02\/royal-canin-feline-ageing-12-4kg_23961-200x250.jpg",200,250,true],"woocommerce_gallery_thumbnail":["https:\/\/back.mascotarea.com\/wp-content\/uploads\/2021\/02\/royal-canin-feline-ageing-12-4kg_23961-100x100.jpg",100,100,true],"dgwt-wcas-product-suggestion":["https:\/\/back.mascotarea.com\/wp-content\/uploads\/2021\/02\/royal-canin-feline-ageing-12-4kg_23961-64x80.jpg",64,80,true]},"uagb_author_info":{"display_name":"Roberto","author_link":"https:\/\/back.mascotarea.com\/?author=0"},"uagb_comment_info":0,"uagb_excerpt":"Alimento completo y equilibrado para gatos s\u00e9nior a partir de 12 a\u00f1os de edad.","_links":{"self":[{"href":"https:\/\/back.mascotarea.com\/index.php?rest_route=\/wp\/v2\/product\/7182","targetHints":{"allow":["GET"]}}],"collection":[{"href":"https:\/\/back.mascotarea.com\/index.php?rest_route=\/wp\/v2\/product"}],"about":[{"href":"https:\/\/back.mascotarea.com\/index.php?rest_route=\/wp\/v2\/types\/product"}],"replies":[{"embeddable":true,"href":"https:\/\/back.mascotarea.com\/index.php?rest_route=%2Fwp%2Fv2%2Fcomments&post=7182"}],"wp:featuredmedia":[{"embeddable":true,"href":"https:\/\/back.mascotarea.com\/index.php?rest_route=\/wp\/v2\/media\/7181"}],"wp:attachment":[{"href":"https:\/\/back.mascotarea.com\/index.php?rest_route=%2Fwp%2Fv2%2Fmedia&parent=7182"}],"wp:term":[{"taxonomy":"product_cat","embeddable":true,"href":"https:\/\/back.mascotarea.com\/index.php?rest_route=%2Fwp%2Fv2%2Fproduct_cat&post=7182"},{"taxonomy":"product_tag","embeddable":true,"href":"https:\/\/back.mascotarea.com\/index.php?rest_route=%2Fwp%2Fv2%2Fproduct_tag&post=7182"}],"curies":[{"name":"wp","href":"https:\/\/api.w.org\/{rel}","templated":true}]}}