{"id":7192,"date":"2021-02-05T16:55:02","date_gmt":"2021-02-05T16:55:02","guid":{"rendered":"https:\/\/back.mascotarea.com\/producto\/royal-canin-feline-ageing-12-sterilised-2kg\/"},"modified":"2024-04-12T15:26:33","modified_gmt":"2024-04-12T15:26:33","slug":"royal-canin-feline-ageing-12-sterilised-2kg","status":"publish","type":"product","link":"https:\/\/back.mascotarea.com\/?product=royal-canin-feline-ageing-12-sterilised-2kg","title":{"rendered":"Royal Canin Feline Ageing 12+ Sterilised 2kg"},"content":{"rendered":"<p>Composici\u00f3n: ma\u00edz, aislado de prote\u00ednas vegetales*, harina de ma\u00edz, prote\u00ednas de ave deshidratadas, trigo, gluten de ma\u00edz, grasas animales, fibras vegetales, hidrolizado de prote\u00ednas animales, pulpa de achicoria, minerales, aceite de pescado, aceite de soja, levaduras completas y partes de las mismas, tomate (fuente de licopenos), fructo-oligosac\u00e1ridos, semillas e integumentos de psyllium, hidrolizado de levaduras (fuente de manano-oligosac\u00e1ridos), hidrolizado de crust\u00e1ceo (fuente de glucosamina), aceite de borraja, extracto de rosa de la India (fuente de lute\u00edna), hidrolizado de cart\u00edlago (fuente de condroitina).<\/p>\n<p><\/p>\n<p>Aditivos (por kg): Aditivos nutricionales: Vitamina A: 19000 UI, Vitamina D3: 700 UI, E1 (Hierro): 40 mg, E2 (Yodo): 4 mg, E4 (Cobre): 12 mg, E5 (Manganeso): 52 mg, E6 (Zinc): 154 mg, E8 (Selenio): 0,07 mg &#8211; Aditivos organol\u00e9pticos: Extracto de t\u00e9 (fuente de polifenoles): 0,6 g &#8211; Conservantes &#8211; Antioxidantes.<\/p>\n<p><\/p>\n<p>Componentes anal\u00edticos: Prote\u00edna bruta: 30% &#8211; Grasa bruta: 15% &#8211; Ceniza bruta: 5,4% &#8211; Fibra bruta: 4,9% &#8211; F\u00f3sforo: 0,6% &#8211; Por kg: \u00c1cidos grasos omega 3: 10,9 g &#8211; Licopenos: 6,5 mg. <\/p>\n","protected":false},"excerpt":{"rendered":"<p><\/p>\n<p>Alimento completo y equilibrado para gatos s\u00e9nior esterilizados a partir de los 12 a\u00f1os de edad.<\/p>\n","protected":false},"featured_media":7191,"comment_status":"open","ping_status":"closed","template":"","meta":{"_uag_custom_page_level_css":"","_themeisle_gutenberg_block_has_review":false},"product_cat":[187],"product_tag":[],"class_list":{"0":"post-7192","1":"product","2":"type-product","3":"status-publish","4":"has-post-thumbnail","6":"product_cat-pienso-seco-para-gato","8":"first","9":"instock","10":"taxable","11":"shipping-taxable","12":"purchasable","13":"product-type-simple","14":"customify-col"},"uagb_featured_image_src":{"full":["https:\/\/back.mascotarea.com\/wp-content\/uploads\/2021\/02\/royal-canin-feline-ageing-12-sterilised-2kg_32423.jpg",800,1000,false],"thumbnail":["https:\/\/back.mascotarea.com\/wp-content\/uploads\/2021\/02\/royal-canin-feline-ageing-12-sterilised-2kg_32423-150x150.jpg",150,150,true],"medium":["https:\/\/back.mascotarea.com\/wp-content\/uploads\/2021\/02\/royal-canin-feline-ageing-12-sterilised-2kg_32423-240x300.jpg",240,300,true],"medium_large":["https:\/\/back.mascotarea.com\/wp-content\/uploads\/2021\/02\/royal-canin-feline-ageing-12-sterilised-2kg_32423-768x960.jpg",768,960,true],"large":["https:\/\/back.mascotarea.com\/wp-content\/uploads\/2021\/02\/royal-canin-feline-ageing-12-sterilised-2kg_32423.jpg",800,1000,false],"1536x1536":["https:\/\/back.mascotarea.com\/wp-content\/uploads\/2021\/02\/royal-canin-feline-ageing-12-sterilised-2kg_32423.jpg",800,1000,false],"2048x2048":["https:\/\/back.mascotarea.com\/wp-content\/uploads\/2021\/02\/royal-canin-feline-ageing-12-sterilised-2kg_32423.jpg",800,1000,false],"woocommerce_thumbnail":["https:\/\/back.mascotarea.com\/wp-content\/uploads\/2021\/02\/royal-canin-feline-ageing-12-sterilised-2kg_32423-200x200.jpg",200,200,true],"woocommerce_single":["https:\/\/back.mascotarea.com\/wp-content\/uploads\/2021\/02\/royal-canin-feline-ageing-12-sterilised-2kg_32423-200x250.jpg",200,250,true],"woocommerce_gallery_thumbnail":["https:\/\/back.mascotarea.com\/wp-content\/uploads\/2021\/02\/royal-canin-feline-ageing-12-sterilised-2kg_32423-100x100.jpg",100,100,true],"dgwt-wcas-product-suggestion":["https:\/\/back.mascotarea.com\/wp-content\/uploads\/2021\/02\/royal-canin-feline-ageing-12-sterilised-2kg_32423-64x80.jpg",64,80,true]},"uagb_author_info":{"display_name":"Roberto","author_link":"https:\/\/back.mascotarea.com\/?author=0"},"uagb_comment_info":0,"uagb_excerpt":"Alimento completo y equilibrado para gatos s\u00e9nior esterilizados a partir de los 12 a\u00f1os de edad.","_links":{"self":[{"href":"https:\/\/back.mascotarea.com\/index.php?rest_route=\/wp\/v2\/product\/7192","targetHints":{"allow":["GET"]}}],"collection":[{"href":"https:\/\/back.mascotarea.com\/index.php?rest_route=\/wp\/v2\/product"}],"about":[{"href":"https:\/\/back.mascotarea.com\/index.php?rest_route=\/wp\/v2\/types\/product"}],"replies":[{"embeddable":true,"href":"https:\/\/back.mascotarea.com\/index.php?rest_route=%2Fwp%2Fv2%2Fcomments&post=7192"}],"wp:featuredmedia":[{"embeddable":true,"href":"https:\/\/back.mascotarea.com\/index.php?rest_route=\/wp\/v2\/media\/7191"}],"wp:attachment":[{"href":"https:\/\/back.mascotarea.com\/index.php?rest_route=%2Fwp%2Fv2%2Fmedia&parent=7192"}],"wp:term":[{"taxonomy":"product_cat","embeddable":true,"href":"https:\/\/back.mascotarea.com\/index.php?rest_route=%2Fwp%2Fv2%2Fproduct_cat&post=7192"},{"taxonomy":"product_tag","embeddable":true,"href":"https:\/\/back.mascotarea.com\/index.php?rest_route=%2Fwp%2Fv2%2Fproduct_tag&post=7192"}],"curies":[{"name":"wp","href":"https:\/\/api.w.org\/{rel}","templated":true}]}}