{"id":7202,"date":"2021-02-05T17:06:54","date_gmt":"2021-02-05T17:06:54","guid":{"rendered":"https:\/\/back.mascotarea.com\/producto\/royal-canin-feline-fit-32-10kg\/"},"modified":"2023-09-13T12:14:16","modified_gmt":"2023-09-13T12:14:16","slug":"royal-canin-feline-fit-32-10kg","status":"publish","type":"product","link":"https:\/\/back.mascotarea.com\/?product=royal-canin-feline-fit-32-10kg","title":{"rendered":"Royal Canin Feline Fit 32 10kg"},"content":{"rendered":"<p>Composici\u00f3n: prote\u00ednas de ave deshidratadas, arroz, trigo, ma\u00edz, grasas animales, prote\u00ednas de cerdo deshidratadas*, fibras vegetales, harina de trigo, hidrolizado de prote\u00ednas animales, gluten de ma\u00edz, levaduras completas y partes de las mismas, pulpa de remolacha, aceite de soja, aceite de pescado, minerales, semillas e integumentos de psyllium, hidrolizado de levaduras (fuente de manano-oligosac\u00e1ridos), extracto de rosa de la India (fuente de lute\u00edna).<\/p>\n<p><\/p>\n<p>Aditivos (por kg): Aditivos nutricionales: Vitamina A: 13000 UI, Vitamina D3: 700 UI, E1 (Hierro): 35 mg, E2 (Yodo): 3,5 mg, E4 (Cobre): 11 mg, E5 (Manganeso): 45 mg, E6 (Zinc): 136 mg, E8 (Selenio): 0,09 mg &#8211; Aditivos zoot\u00e9cnicos: Cloruro am\u00f3nico: 5 g &#8211; Conservantes &#8211; Antioxidantes.<\/p>\n<p><\/p>\n<p>Componentes anal\u00edticos: Prote\u00edna bruta: 32% &#8211; Grasa bruta: 15% &#8211; Ceniza bruta: 7,2% &#8211; Fibra bruta: 4,6%. <\/p>\n","protected":false},"excerpt":{"rendered":"<p><\/p>\n<p>Alimento completo y equilibrado para gatos adultos a partir de 1 a\u00f1o de edad con actividad moderada.<\/p>\n","protected":false},"featured_media":7201,"comment_status":"open","ping_status":"closed","template":"","meta":{"_uag_custom_page_level_css":"","_themeisle_gutenberg_block_has_review":false},"product_cat":[187],"product_tag":[],"class_list":{"0":"post-7202","1":"product","2":"type-product","3":"status-publish","4":"has-post-thumbnail","6":"product_cat-pienso-seco-para-gato","8":"first","9":"outofstock","10":"taxable","11":"shipping-taxable","12":"purchasable","13":"product-type-simple","14":"customify-col"},"uagb_featured_image_src":{"full":["https:\/\/back.mascotarea.com\/wp-content\/uploads\/2021\/02\/royal-canin-feline-fit-32-10kg_32262.jpg",800,1000,false],"thumbnail":["https:\/\/back.mascotarea.com\/wp-content\/uploads\/2021\/02\/royal-canin-feline-fit-32-10kg_32262-150x150.jpg",150,150,true],"medium":["https:\/\/back.mascotarea.com\/wp-content\/uploads\/2021\/02\/royal-canin-feline-fit-32-10kg_32262-240x300.jpg",240,300,true],"medium_large":["https:\/\/back.mascotarea.com\/wp-content\/uploads\/2021\/02\/royal-canin-feline-fit-32-10kg_32262-768x960.jpg",768,960,true],"large":["https:\/\/back.mascotarea.com\/wp-content\/uploads\/2021\/02\/royal-canin-feline-fit-32-10kg_32262.jpg",800,1000,false],"1536x1536":["https:\/\/back.mascotarea.com\/wp-content\/uploads\/2021\/02\/royal-canin-feline-fit-32-10kg_32262.jpg",800,1000,false],"2048x2048":["https:\/\/back.mascotarea.com\/wp-content\/uploads\/2021\/02\/royal-canin-feline-fit-32-10kg_32262.jpg",800,1000,false],"woocommerce_thumbnail":["https:\/\/back.mascotarea.com\/wp-content\/uploads\/2021\/02\/royal-canin-feline-fit-32-10kg_32262-200x200.jpg",200,200,true],"woocommerce_single":["https:\/\/back.mascotarea.com\/wp-content\/uploads\/2021\/02\/royal-canin-feline-fit-32-10kg_32262-200x250.jpg",200,250,true],"woocommerce_gallery_thumbnail":["https:\/\/back.mascotarea.com\/wp-content\/uploads\/2021\/02\/royal-canin-feline-fit-32-10kg_32262-100x100.jpg",100,100,true],"dgwt-wcas-product-suggestion":["https:\/\/back.mascotarea.com\/wp-content\/uploads\/2021\/02\/royal-canin-feline-fit-32-10kg_32262-64x80.jpg",64,80,true]},"uagb_author_info":{"display_name":"Roberto","author_link":"https:\/\/back.mascotarea.com\/?author=0"},"uagb_comment_info":0,"uagb_excerpt":"Alimento completo y equilibrado para gatos adultos a partir de 1 a\u00f1o de edad con actividad moderada.","_links":{"self":[{"href":"https:\/\/back.mascotarea.com\/index.php?rest_route=\/wp\/v2\/product\/7202","targetHints":{"allow":["GET"]}}],"collection":[{"href":"https:\/\/back.mascotarea.com\/index.php?rest_route=\/wp\/v2\/product"}],"about":[{"href":"https:\/\/back.mascotarea.com\/index.php?rest_route=\/wp\/v2\/types\/product"}],"replies":[{"embeddable":true,"href":"https:\/\/back.mascotarea.com\/index.php?rest_route=%2Fwp%2Fv2%2Fcomments&post=7202"}],"wp:featuredmedia":[{"embeddable":true,"href":"https:\/\/back.mascotarea.com\/index.php?rest_route=\/wp\/v2\/media\/7201"}],"wp:attachment":[{"href":"https:\/\/back.mascotarea.com\/index.php?rest_route=%2Fwp%2Fv2%2Fmedia&parent=7202"}],"wp:term":[{"taxonomy":"product_cat","embeddable":true,"href":"https:\/\/back.mascotarea.com\/index.php?rest_route=%2Fwp%2Fv2%2Fproduct_cat&post=7202"},{"taxonomy":"product_tag","embeddable":true,"href":"https:\/\/back.mascotarea.com\/index.php?rest_route=%2Fwp%2Fv2%2Fproduct_tag&post=7202"}],"curies":[{"name":"wp","href":"https:\/\/api.w.org\/{rel}","templated":true}]}}