{"id":7206,"date":"2021-02-05T17:06:58","date_gmt":"2021-02-05T17:06:58","guid":{"rendered":"https:\/\/back.mascotarea.com\/producto\/royal-canin-feline-digestive-care-2kg\/"},"modified":"2023-09-18T15:14:34","modified_gmt":"2023-09-18T15:14:34","slug":"royal-canin-feline-digestive-care-2kg","status":"publish","type":"product","link":"https:\/\/back.mascotarea.com\/?product=royal-canin-feline-digestive-care-2kg","title":{"rendered":"Royal Canin Feline Digestive Care 2kg"},"content":{"rendered":"<p>Composici\u00f3n: aislado de prote\u00ednas vegetales*, harina de trigo, pescado deshidratado, arroz, grasas animales, prote\u00ednas de ave deshidratadas, hidrolizado de prote\u00ednas animales, gluten de ma\u00edz, harina de ma\u00edz, fibras vegetales, pulpa de achicoria, minerales, aceite de soja, aceite de pescado, fructo-oligosac\u00e1ridos (0,3%), semillas e integumentos de psyllium (0,2%).<\/p>\n<p><\/p>\n<p>Aditivos (por kg): Aditivos nutricionales: Vitamina A: 18000 UI, Vitamina D3: 900 UI, E1 (Hierro): 42 mg, E2 (Yodo): 4,2 mg, E4 (Cobre): 13 mg, E5 (Manganeso): 54 mg, E6 (Zinc): 114 mg &#8211; Aditivos tecnol\u00f3gicos: Clinoptilolita de origen sedimentario: 10 g &#8211; Conservantes &#8211; Antioxidantes.<\/p>\n<p><\/p>\n<p>Componentes anal\u00edticos: Prote\u00edna bruta: 38% &#8211; Grasa bruta: 15% &#8211; Ceniza bruta: 7,8% &#8211; Fibra bruta: 2,4%.<\/p>\n<p><\/p>\n","protected":false},"excerpt":{"rendered":"<p><\/p>\n<p>Alimento completo y equilibrado para gatos adultos &#8211; Recomendado para ayudar a mantener la salud digestiva.<\/p>\n","protected":false},"featured_media":7205,"comment_status":"open","ping_status":"closed","template":"","meta":{"_uag_custom_page_level_css":"","_themeisle_gutenberg_block_has_review":false},"product_cat":[192],"product_tag":[],"class_list":{"0":"post-7206","1":"product","2":"type-product","3":"status-publish","4":"has-post-thumbnail","6":"product_cat-pienso-seco-para-perro","8":"first","9":"instock","10":"taxable","11":"shipping-taxable","12":"purchasable","13":"product-type-simple","14":"customify-col"},"uagb_featured_image_src":{"full":["https:\/\/back.mascotarea.com\/wp-content\/uploads\/2021\/02\/royal-canin-feline-digestive-care-2kg_7992.jpg",800,1000,false],"thumbnail":["https:\/\/back.mascotarea.com\/wp-content\/uploads\/2021\/02\/royal-canin-feline-digestive-care-2kg_7992-150x150.jpg",150,150,true],"medium":["https:\/\/back.mascotarea.com\/wp-content\/uploads\/2021\/02\/royal-canin-feline-digestive-care-2kg_7992-240x300.jpg",240,300,true],"medium_large":["https:\/\/back.mascotarea.com\/wp-content\/uploads\/2021\/02\/royal-canin-feline-digestive-care-2kg_7992-768x960.jpg",768,960,true],"large":["https:\/\/back.mascotarea.com\/wp-content\/uploads\/2021\/02\/royal-canin-feline-digestive-care-2kg_7992.jpg",800,1000,false],"1536x1536":["https:\/\/back.mascotarea.com\/wp-content\/uploads\/2021\/02\/royal-canin-feline-digestive-care-2kg_7992.jpg",800,1000,false],"2048x2048":["https:\/\/back.mascotarea.com\/wp-content\/uploads\/2021\/02\/royal-canin-feline-digestive-care-2kg_7992.jpg",800,1000,false],"woocommerce_thumbnail":["https:\/\/back.mascotarea.com\/wp-content\/uploads\/2021\/02\/royal-canin-feline-digestive-care-2kg_7992-200x200.jpg",200,200,true],"woocommerce_single":["https:\/\/back.mascotarea.com\/wp-content\/uploads\/2021\/02\/royal-canin-feline-digestive-care-2kg_7992-200x250.jpg",200,250,true],"woocommerce_gallery_thumbnail":["https:\/\/back.mascotarea.com\/wp-content\/uploads\/2021\/02\/royal-canin-feline-digestive-care-2kg_7992-100x100.jpg",100,100,true],"dgwt-wcas-product-suggestion":["https:\/\/back.mascotarea.com\/wp-content\/uploads\/2021\/02\/royal-canin-feline-digestive-care-2kg_7992-64x80.jpg",64,80,true]},"uagb_author_info":{"display_name":"Roberto","author_link":"https:\/\/back.mascotarea.com\/?author=0"},"uagb_comment_info":0,"uagb_excerpt":"Alimento completo y equilibrado para gatos adultos - Recomendado para ayudar a mantener la salud digestiva.","_links":{"self":[{"href":"https:\/\/back.mascotarea.com\/index.php?rest_route=\/wp\/v2\/product\/7206","targetHints":{"allow":["GET"]}}],"collection":[{"href":"https:\/\/back.mascotarea.com\/index.php?rest_route=\/wp\/v2\/product"}],"about":[{"href":"https:\/\/back.mascotarea.com\/index.php?rest_route=\/wp\/v2\/types\/product"}],"replies":[{"embeddable":true,"href":"https:\/\/back.mascotarea.com\/index.php?rest_route=%2Fwp%2Fv2%2Fcomments&post=7206"}],"wp:featuredmedia":[{"embeddable":true,"href":"https:\/\/back.mascotarea.com\/index.php?rest_route=\/wp\/v2\/media\/7205"}],"wp:attachment":[{"href":"https:\/\/back.mascotarea.com\/index.php?rest_route=%2Fwp%2Fv2%2Fmedia&parent=7206"}],"wp:term":[{"taxonomy":"product_cat","embeddable":true,"href":"https:\/\/back.mascotarea.com\/index.php?rest_route=%2Fwp%2Fv2%2Fproduct_cat&post=7206"},{"taxonomy":"product_tag","embeddable":true,"href":"https:\/\/back.mascotarea.com\/index.php?rest_route=%2Fwp%2Fv2%2Fproduct_tag&post=7206"}],"curies":[{"name":"wp","href":"https:\/\/api.w.org\/{rel}","templated":true}]}}