{"id":7224,"date":"2021-02-05T17:27:51","date_gmt":"2021-02-05T17:27:51","guid":{"rendered":"https:\/\/back.mascotarea.com\/producto\/royal-canin-feline-indoor-long-hair-35-4kg\/"},"modified":"2023-06-04T06:09:38","modified_gmt":"2023-06-04T06:09:38","slug":"royal-canin-feline-indoor-long-hair-35-4kg","status":"publish","type":"product","link":"https:\/\/back.mascotarea.com\/?product=royal-canin-feline-indoor-long-hair-35-4kg","title":{"rendered":"Royal Canin Feline Indoor Long Hair 35 4kg"},"content":{"rendered":"<p>Ingredientes: prote\u00ednas de ave deshidratadas, ma\u00edz, arroz, aislado de prote\u00ednas vegetales*, trigo, grasas animales, hidrolizado de prote\u00ednas animales, harina de trigo, fibras vegetales, aceite de soja, pulpa de remolacha, minerales, levaduras completas y partes de las mismas, aceite de pescado, fructo-oligosac\u00e1ridos, semillas e integumentos de psyllium (0,5%), aceite de borraja. *L.I.P.: prote\u00edna seleccionada por su elevada digestibilidad.<\/p>\n","protected":false},"excerpt":{"rendered":"<p>Royal Canin Indoor Long Hair es un pienso especialmente dise\u00f1ado para gatos adultos que vivan en interior y tengan el pelo largo<\/p>\n","protected":false},"featured_media":7223,"comment_status":"open","ping_status":"closed","template":"","meta":{"_uag_custom_page_level_css":"","_themeisle_gutenberg_block_has_review":false},"product_cat":[187],"product_tag":[],"class_list":{"0":"post-7224","1":"product","2":"type-product","3":"status-publish","4":"has-post-thumbnail","6":"product_cat-pienso-seco-para-gato","8":"first","9":"outofstock","10":"taxable","11":"shipping-taxable","12":"purchasable","13":"product-type-simple","14":"customify-col"},"uagb_featured_image_src":{"full":["https:\/\/back.mascotarea.com\/wp-content\/uploads\/2021\/02\/royal-canin-feline-indoor-long-hair-35-4kg_253.jpg",800,1000,false],"thumbnail":["https:\/\/back.mascotarea.com\/wp-content\/uploads\/2021\/02\/royal-canin-feline-indoor-long-hair-35-4kg_253-150x150.jpg",150,150,true],"medium":["https:\/\/back.mascotarea.com\/wp-content\/uploads\/2021\/02\/royal-canin-feline-indoor-long-hair-35-4kg_253-240x300.jpg",240,300,true],"medium_large":["https:\/\/back.mascotarea.com\/wp-content\/uploads\/2021\/02\/royal-canin-feline-indoor-long-hair-35-4kg_253-768x960.jpg",768,960,true],"large":["https:\/\/back.mascotarea.com\/wp-content\/uploads\/2021\/02\/royal-canin-feline-indoor-long-hair-35-4kg_253.jpg",800,1000,false],"1536x1536":["https:\/\/back.mascotarea.com\/wp-content\/uploads\/2021\/02\/royal-canin-feline-indoor-long-hair-35-4kg_253.jpg",800,1000,false],"2048x2048":["https:\/\/back.mascotarea.com\/wp-content\/uploads\/2021\/02\/royal-canin-feline-indoor-long-hair-35-4kg_253.jpg",800,1000,false],"woocommerce_thumbnail":["https:\/\/back.mascotarea.com\/wp-content\/uploads\/2021\/02\/royal-canin-feline-indoor-long-hair-35-4kg_253-200x200.jpg",200,200,true],"woocommerce_single":["https:\/\/back.mascotarea.com\/wp-content\/uploads\/2021\/02\/royal-canin-feline-indoor-long-hair-35-4kg_253-200x250.jpg",200,250,true],"woocommerce_gallery_thumbnail":["https:\/\/back.mascotarea.com\/wp-content\/uploads\/2021\/02\/royal-canin-feline-indoor-long-hair-35-4kg_253-100x100.jpg",100,100,true],"dgwt-wcas-product-suggestion":["https:\/\/back.mascotarea.com\/wp-content\/uploads\/2021\/02\/royal-canin-feline-indoor-long-hair-35-4kg_253-64x80.jpg",64,80,true]},"uagb_author_info":{"display_name":"Roberto","author_link":"https:\/\/back.mascotarea.com\/?author=0"},"uagb_comment_info":0,"uagb_excerpt":"Royal Canin Indoor Long Hair es un pienso especialmente dise\u00f1ado para gatos adultos que vivan en interior y tengan el pelo largo","_links":{"self":[{"href":"https:\/\/back.mascotarea.com\/index.php?rest_route=\/wp\/v2\/product\/7224","targetHints":{"allow":["GET"]}}],"collection":[{"href":"https:\/\/back.mascotarea.com\/index.php?rest_route=\/wp\/v2\/product"}],"about":[{"href":"https:\/\/back.mascotarea.com\/index.php?rest_route=\/wp\/v2\/types\/product"}],"replies":[{"embeddable":true,"href":"https:\/\/back.mascotarea.com\/index.php?rest_route=%2Fwp%2Fv2%2Fcomments&post=7224"}],"wp:featuredmedia":[{"embeddable":true,"href":"https:\/\/back.mascotarea.com\/index.php?rest_route=\/wp\/v2\/media\/7223"}],"wp:attachment":[{"href":"https:\/\/back.mascotarea.com\/index.php?rest_route=%2Fwp%2Fv2%2Fmedia&parent=7224"}],"wp:term":[{"taxonomy":"product_cat","embeddable":true,"href":"https:\/\/back.mascotarea.com\/index.php?rest_route=%2Fwp%2Fv2%2Fproduct_cat&post=7224"},{"taxonomy":"product_tag","embeddable":true,"href":"https:\/\/back.mascotarea.com\/index.php?rest_route=%2Fwp%2Fv2%2Fproduct_tag&post=7224"}],"curies":[{"name":"wp","href":"https:\/\/api.w.org\/{rel}","templated":true}]}}