{"id":7238,"date":"2021-02-05T17:36:20","date_gmt":"2021-02-05T17:36:20","guid":{"rendered":"https:\/\/back.mascotarea.com\/producto\/royal-canin-feline-intense-beauty-salsa-85gr\/"},"modified":"2023-06-04T06:09:21","modified_gmt":"2023-06-04T06:09:21","slug":"royal-canin-feline-intense-beauty-salsa-85gr","status":"publish","type":"product","link":"https:\/\/back.mascotarea.com\/?product=royal-canin-feline-intense-beauty-salsa-85gr","title":{"rendered":"Royal Canin Feline Intense Beauty (Salsa) 85gr"},"content":{"rendered":"<p>Composici\u00f3n: carnes y subproductos animales, cereales, extractos de prote\u00ednas vegetales, aceites y grasas, subproductos de origen vegetal, sustancias minerales, az\u00facares.<\/p>\n<p><\/p>\n<p>Aditivos (por kg): Aditivos nutricionales: Vitamina D3: 105 UI, E1 (Hierro): 9 mg, E2 (Yodo): 0,32 mg, E4 (Cobre): 2,6 mg, E5 (Manganeso): 2,8 mg, E6 (Zinc): 28 mg.<\/p>\n<p><\/p>\n<p>Componentes anal\u00edticos: Prote\u00edna bruta: 12% &#8211; Grasa bruta: 3,7% &#8211; Ceniza bruta: 1,4% &#8211; Fibra bruta: 1,2% &#8211; Humedad: 78% &#8211; \u00c1cidos grasos omega 3: 0,19% &#8211; \u00c1cidos grasos omega 6: 1,05%. <\/p>\n","protected":false},"excerpt":{"rendered":"<p><\/p>\n<p>Alimento completo para gatos adultos (finas l\u00e1minas en salsa).<\/p>\n","protected":false},"featured_media":7237,"comment_status":"open","ping_status":"closed","template":"","meta":{"_uag_custom_page_level_css":"","_themeisle_gutenberg_block_has_review":false},"product_cat":[190],"product_tag":[],"class_list":{"0":"post-7238","1":"product","2":"type-product","3":"status-publish","4":"has-post-thumbnail","6":"product_cat-alimentacion-humeda","8":"first","9":"outofstock","10":"taxable","11":"shipping-taxable","12":"purchasable","13":"product-type-simple","14":"customify-col"},"uagb_featured_image_src":{"full":["https:\/\/back.mascotarea.com\/wp-content\/uploads\/2021\/02\/royal-canin-feline-intense-beauty-salsa-85gr_1512.jpg",800,1000,false],"thumbnail":["https:\/\/back.mascotarea.com\/wp-content\/uploads\/2021\/02\/royal-canin-feline-intense-beauty-salsa-85gr_1512-150x150.jpg",150,150,true],"medium":["https:\/\/back.mascotarea.com\/wp-content\/uploads\/2021\/02\/royal-canin-feline-intense-beauty-salsa-85gr_1512-240x300.jpg",240,300,true],"medium_large":["https:\/\/back.mascotarea.com\/wp-content\/uploads\/2021\/02\/royal-canin-feline-intense-beauty-salsa-85gr_1512-768x960.jpg",768,960,true],"large":["https:\/\/back.mascotarea.com\/wp-content\/uploads\/2021\/02\/royal-canin-feline-intense-beauty-salsa-85gr_1512.jpg",800,1000,false],"1536x1536":["https:\/\/back.mascotarea.com\/wp-content\/uploads\/2021\/02\/royal-canin-feline-intense-beauty-salsa-85gr_1512.jpg",800,1000,false],"2048x2048":["https:\/\/back.mascotarea.com\/wp-content\/uploads\/2021\/02\/royal-canin-feline-intense-beauty-salsa-85gr_1512.jpg",800,1000,false],"woocommerce_thumbnail":["https:\/\/back.mascotarea.com\/wp-content\/uploads\/2021\/02\/royal-canin-feline-intense-beauty-salsa-85gr_1512-200x200.jpg",200,200,true],"woocommerce_single":["https:\/\/back.mascotarea.com\/wp-content\/uploads\/2021\/02\/royal-canin-feline-intense-beauty-salsa-85gr_1512-200x250.jpg",200,250,true],"woocommerce_gallery_thumbnail":["https:\/\/back.mascotarea.com\/wp-content\/uploads\/2021\/02\/royal-canin-feline-intense-beauty-salsa-85gr_1512-100x100.jpg",100,100,true],"dgwt-wcas-product-suggestion":["https:\/\/back.mascotarea.com\/wp-content\/uploads\/2021\/02\/royal-canin-feline-intense-beauty-salsa-85gr_1512-64x80.jpg",64,80,true]},"uagb_author_info":{"display_name":"Roberto","author_link":"https:\/\/back.mascotarea.com\/?author=0"},"uagb_comment_info":0,"uagb_excerpt":"Alimento completo para gatos adultos (finas l\u00e1minas en salsa).","_links":{"self":[{"href":"https:\/\/back.mascotarea.com\/index.php?rest_route=\/wp\/v2\/product\/7238","targetHints":{"allow":["GET"]}}],"collection":[{"href":"https:\/\/back.mascotarea.com\/index.php?rest_route=\/wp\/v2\/product"}],"about":[{"href":"https:\/\/back.mascotarea.com\/index.php?rest_route=\/wp\/v2\/types\/product"}],"replies":[{"embeddable":true,"href":"https:\/\/back.mascotarea.com\/index.php?rest_route=%2Fwp%2Fv2%2Fcomments&post=7238"}],"wp:featuredmedia":[{"embeddable":true,"href":"https:\/\/back.mascotarea.com\/index.php?rest_route=\/wp\/v2\/media\/7237"}],"wp:attachment":[{"href":"https:\/\/back.mascotarea.com\/index.php?rest_route=%2Fwp%2Fv2%2Fmedia&parent=7238"}],"wp:term":[{"taxonomy":"product_cat","embeddable":true,"href":"https:\/\/back.mascotarea.com\/index.php?rest_route=%2Fwp%2Fv2%2Fproduct_cat&post=7238"},{"taxonomy":"product_tag","embeddable":true,"href":"https:\/\/back.mascotarea.com\/index.php?rest_route=%2Fwp%2Fv2%2Fproduct_tag&post=7238"}],"curies":[{"name":"wp","href":"https:\/\/api.w.org\/{rel}","templated":true}]}}