{"id":7263,"date":"2021-02-09T14:47:10","date_gmt":"2021-02-09T14:47:10","guid":{"rendered":"https:\/\/back.mascotarea.com\/producto\/royal-canin-feline-light-weight-care-2kg\/"},"modified":"2023-06-04T06:09:33","modified_gmt":"2023-06-04T06:09:33","slug":"royal-canin-feline-light-weight-care-2kg","status":"publish","type":"product","link":"https:\/\/back.mascotarea.com\/?product=royal-canin-feline-light-weight-care-2kg","title":{"rendered":"Royal Canin Feline Light Weight Care 2kg"},"content":{"rendered":"<p>Composici\u00f3n: prote\u00ednas de ave deshidratadas, aislado de prote\u00ednas vegetales*, ma\u00edz, fibras vegetales, hidrolizado de prote\u00ednas animales, trigo, harina de ma\u00edz, arroz, gluten de ma\u00edz, grasas animales, pulpa de remolacha, minerales, levaduras completas y partes de las mismas, aceite de pescado, semillas e integumentos de psyllium (0,5%), aceite de soja.<\/p>\n<p><\/p>\n<p>Aditivos (por kg): Aditivos nutricionales: Vitamina A: 20000 UI, Vitamina D3: 700 UI, E1 (Hierro): 35 mg, E2 (Yodo): 3,5 mg, E4 (Cobre): 11 mg, E5 (Manganeso): 45 mg, E6 (Zinc): 94 mg, E8 (Selenio): 0,05 mg, L-carnitina: 210 mg &#8211; Conservantes &#8211; Antioxidantes.<\/p>\n<p><\/p>\n<p>Componentes anal\u00edticos: Prote\u00edna bruta: 40% &#8211; Grasa bruta: 10% &#8211; Ceniza bruta: 7,2% &#8211; Fibra bruta: 7,6% &#8211; Fibra alimentaria total: 15,9%. <\/p>\n","protected":false},"excerpt":{"rendered":"<p>Alimento completo y equilibrado para gatos adultos a partir de 1 a\u00f1o de edad que combate el sobrepeso. <\/p>\n","protected":false},"featured_media":7262,"comment_status":"open","ping_status":"closed","template":"","meta":{"_uag_custom_page_level_css":"","_themeisle_gutenberg_block_has_review":false},"product_cat":[187],"product_tag":[],"class_list":{"0":"post-7263","1":"product","2":"type-product","3":"status-publish","4":"has-post-thumbnail","6":"product_cat-pienso-seco-para-gato","8":"first","9":"outofstock","10":"taxable","11":"shipping-taxable","12":"purchasable","13":"product-type-simple","14":"customify-col"},"uagb_featured_image_src":{"full":["https:\/\/back.mascotarea.com\/wp-content\/uploads\/2021\/02\/royal-canin-feline-light-weight-care-2kg_30438.jpg",800,1000,false],"thumbnail":["https:\/\/back.mascotarea.com\/wp-content\/uploads\/2021\/02\/royal-canin-feline-light-weight-care-2kg_30438-150x150.jpg",150,150,true],"medium":["https:\/\/back.mascotarea.com\/wp-content\/uploads\/2021\/02\/royal-canin-feline-light-weight-care-2kg_30438-240x300.jpg",240,300,true],"medium_large":["https:\/\/back.mascotarea.com\/wp-content\/uploads\/2021\/02\/royal-canin-feline-light-weight-care-2kg_30438-768x960.jpg",768,960,true],"large":["https:\/\/back.mascotarea.com\/wp-content\/uploads\/2021\/02\/royal-canin-feline-light-weight-care-2kg_30438.jpg",800,1000,false],"1536x1536":["https:\/\/back.mascotarea.com\/wp-content\/uploads\/2021\/02\/royal-canin-feline-light-weight-care-2kg_30438.jpg",800,1000,false],"2048x2048":["https:\/\/back.mascotarea.com\/wp-content\/uploads\/2021\/02\/royal-canin-feline-light-weight-care-2kg_30438.jpg",800,1000,false],"woocommerce_thumbnail":["https:\/\/back.mascotarea.com\/wp-content\/uploads\/2021\/02\/royal-canin-feline-light-weight-care-2kg_30438-200x200.jpg",200,200,true],"woocommerce_single":["https:\/\/back.mascotarea.com\/wp-content\/uploads\/2021\/02\/royal-canin-feline-light-weight-care-2kg_30438-200x250.jpg",200,250,true],"woocommerce_gallery_thumbnail":["https:\/\/back.mascotarea.com\/wp-content\/uploads\/2021\/02\/royal-canin-feline-light-weight-care-2kg_30438-100x100.jpg",100,100,true],"dgwt-wcas-product-suggestion":["https:\/\/back.mascotarea.com\/wp-content\/uploads\/2021\/02\/royal-canin-feline-light-weight-care-2kg_30438-64x80.jpg",64,80,true]},"uagb_author_info":{"display_name":"Roberto","author_link":"https:\/\/back.mascotarea.com\/?author=0"},"uagb_comment_info":0,"uagb_excerpt":"Alimento completo y equilibrado para gatos adultos a partir de 1 a\u00f1o de edad que combate el sobrepeso.","_links":{"self":[{"href":"https:\/\/back.mascotarea.com\/index.php?rest_route=\/wp\/v2\/product\/7263","targetHints":{"allow":["GET"]}}],"collection":[{"href":"https:\/\/back.mascotarea.com\/index.php?rest_route=\/wp\/v2\/product"}],"about":[{"href":"https:\/\/back.mascotarea.com\/index.php?rest_route=\/wp\/v2\/types\/product"}],"replies":[{"embeddable":true,"href":"https:\/\/back.mascotarea.com\/index.php?rest_route=%2Fwp%2Fv2%2Fcomments&post=7263"}],"wp:featuredmedia":[{"embeddable":true,"href":"https:\/\/back.mascotarea.com\/index.php?rest_route=\/wp\/v2\/media\/7262"}],"wp:attachment":[{"href":"https:\/\/back.mascotarea.com\/index.php?rest_route=%2Fwp%2Fv2%2Fmedia&parent=7263"}],"wp:term":[{"taxonomy":"product_cat","embeddable":true,"href":"https:\/\/back.mascotarea.com\/index.php?rest_route=%2Fwp%2Fv2%2Fproduct_cat&post=7263"},{"taxonomy":"product_tag","embeddable":true,"href":"https:\/\/back.mascotarea.com\/index.php?rest_route=%2Fwp%2Fv2%2Fproduct_tag&post=7263"}],"curies":[{"name":"wp","href":"https:\/\/api.w.org\/{rel}","templated":true}]}}