{"id":7277,"date":"2021-02-09T14:55:30","date_gmt":"2021-02-09T14:55:30","guid":{"rendered":"https:\/\/back.mascotarea.com\/producto\/royal-canin-feline-mother-babycat-4kg\/"},"modified":"2023-06-04T06:09:29","modified_gmt":"2023-06-04T06:09:29","slug":"royal-canin-feline-mother-babycat-4kg","status":"publish","type":"product","link":"https:\/\/back.mascotarea.com\/?product=royal-canin-feline-mother-babycat-4kg","title":{"rendered":"Royal Canin Feline Mother &amp; Babycat 4kg"},"content":{"rendered":"<p>Composici\u00f3n: prote\u00ednas de ave deshidratadas, grasas animales, arroz, harina de ma\u00edz, aislado de prote\u00ednas vegetales, hidrolizado de prote\u00ednas animales, levaduras completas y partes de las mismas, aceite de pescado, fibras vegetales, pulpa de remolacha, aceite de soja, minerales, fructo-oligosac\u00e1ridos (0,34%), hidrolizado de levaduras (fuente de manano-oligosac\u00e1ridos), extracto de rosa de la India (fuente de lute\u00edna).<\/p>\n<p><\/p>\n<p>Aditivos (por kg): Aditivos nutricionales: Vitamina A: 25000 UI, Vitamina D3: 1000 UI, Vitamina E: 600 mg, E1 (Hierro): 40 mg, E2 (Yodo): 4 mg, E4 (Cobre): 12 mg, E5 (Manganeso): 52 mg, E6 (Zinc): 154 mg, E8 (Selenio): 0,06 mg &#8211; Aditivos tecnol\u00f3gicos: Clinoptilolita de origen sedimentario: 5 g &#8211; Conservantes &#8211; Antioxidantes.<\/p>\n<p><\/p>\n<p>Componentes anal\u00edticos: Prote\u00edna bruta: 34% &#8211; Grasa bruta: 25% &#8211; Ceniza bruta: 7,1% &#8211; Fibra bruta: 1,8% &#8211; DHA: 1,89 g\/kg. <\/p>\n","protected":false},"excerpt":{"rendered":"<p><\/p>\n<p>Alimento completo y equilibrado especial para la gata y sus gatitos &#8211; Gata gestante o lactante &#8211; Gatitos de primera edad (de 1 a 4 meses) en periodo de destete.<\/p>\n","protected":false},"featured_media":7276,"comment_status":"open","ping_status":"closed","template":"","meta":{"_uag_custom_page_level_css":"","_themeisle_gutenberg_block_has_review":false},"product_cat":[187],"product_tag":[],"class_list":{"0":"post-7277","1":"product","2":"type-product","3":"status-publish","4":"has-post-thumbnail","6":"product_cat-pienso-seco-para-gato","8":"first","9":"outofstock","10":"taxable","11":"shipping-taxable","12":"purchasable","13":"product-type-simple","14":"customify-col"},"uagb_featured_image_src":{"full":["https:\/\/back.mascotarea.com\/wp-content\/uploads\/2021\/02\/royal-canin-feline-mother-babycat-4kg_1024.jpg",800,1000,false],"thumbnail":["https:\/\/back.mascotarea.com\/wp-content\/uploads\/2021\/02\/royal-canin-feline-mother-babycat-4kg_1024-150x150.jpg",150,150,true],"medium":["https:\/\/back.mascotarea.com\/wp-content\/uploads\/2021\/02\/royal-canin-feline-mother-babycat-4kg_1024-240x300.jpg",240,300,true],"medium_large":["https:\/\/back.mascotarea.com\/wp-content\/uploads\/2021\/02\/royal-canin-feline-mother-babycat-4kg_1024-768x960.jpg",768,960,true],"large":["https:\/\/back.mascotarea.com\/wp-content\/uploads\/2021\/02\/royal-canin-feline-mother-babycat-4kg_1024.jpg",800,1000,false],"1536x1536":["https:\/\/back.mascotarea.com\/wp-content\/uploads\/2021\/02\/royal-canin-feline-mother-babycat-4kg_1024.jpg",800,1000,false],"2048x2048":["https:\/\/back.mascotarea.com\/wp-content\/uploads\/2021\/02\/royal-canin-feline-mother-babycat-4kg_1024.jpg",800,1000,false],"woocommerce_thumbnail":["https:\/\/back.mascotarea.com\/wp-content\/uploads\/2021\/02\/royal-canin-feline-mother-babycat-4kg_1024-200x200.jpg",200,200,true],"woocommerce_single":["https:\/\/back.mascotarea.com\/wp-content\/uploads\/2021\/02\/royal-canin-feline-mother-babycat-4kg_1024-200x250.jpg",200,250,true],"woocommerce_gallery_thumbnail":["https:\/\/back.mascotarea.com\/wp-content\/uploads\/2021\/02\/royal-canin-feline-mother-babycat-4kg_1024-100x100.jpg",100,100,true],"dgwt-wcas-product-suggestion":["https:\/\/back.mascotarea.com\/wp-content\/uploads\/2021\/02\/royal-canin-feline-mother-babycat-4kg_1024-64x80.jpg",64,80,true]},"uagb_author_info":{"display_name":"Roberto","author_link":"https:\/\/back.mascotarea.com\/?author=0"},"uagb_comment_info":0,"uagb_excerpt":"Alimento completo y equilibrado especial para la gata y sus gatitos - Gata gestante o lactante - Gatitos de primera edad (de 1 a 4 meses) en periodo de destete.","_links":{"self":[{"href":"https:\/\/back.mascotarea.com\/index.php?rest_route=\/wp\/v2\/product\/7277","targetHints":{"allow":["GET"]}}],"collection":[{"href":"https:\/\/back.mascotarea.com\/index.php?rest_route=\/wp\/v2\/product"}],"about":[{"href":"https:\/\/back.mascotarea.com\/index.php?rest_route=\/wp\/v2\/types\/product"}],"replies":[{"embeddable":true,"href":"https:\/\/back.mascotarea.com\/index.php?rest_route=%2Fwp%2Fv2%2Fcomments&post=7277"}],"wp:featuredmedia":[{"embeddable":true,"href":"https:\/\/back.mascotarea.com\/index.php?rest_route=\/wp\/v2\/media\/7276"}],"wp:attachment":[{"href":"https:\/\/back.mascotarea.com\/index.php?rest_route=%2Fwp%2Fv2%2Fmedia&parent=7277"}],"wp:term":[{"taxonomy":"product_cat","embeddable":true,"href":"https:\/\/back.mascotarea.com\/index.php?rest_route=%2Fwp%2Fv2%2Fproduct_cat&post=7277"},{"taxonomy":"product_tag","embeddable":true,"href":"https:\/\/back.mascotarea.com\/index.php?rest_route=%2Fwp%2Fv2%2Fproduct_tag&post=7277"}],"curies":[{"name":"wp","href":"https:\/\/api.w.org\/{rel}","templated":true}]}}