{"id":7283,"date":"2021-02-09T14:55:35","date_gmt":"2021-02-09T14:55:35","guid":{"rendered":"https:\/\/back.mascotarea.com\/producto\/royal-canin-feline-persian-10kg-2-gratis\/"},"modified":"2023-06-04T06:09:32","modified_gmt":"2023-06-04T06:09:32","slug":"royal-canin-feline-persian-10kg-2-gratis","status":"publish","type":"product","link":"https:\/\/back.mascotarea.com\/?product=royal-canin-feline-persian-10kg-2-gratis","title":{"rendered":"Royal Canin Feline Persian 10kg +2 Gratis."},"content":{"rendered":"<p>Composici\u00f3n: prote\u00ednas de ave deshidratadas, grasas animales, arroz, aislado de prote\u00ednas vegetales*, harina de ma\u00edz, fibras vegetales, hidrolizado de prote\u00ednas animales, gluten de ma\u00edz, harina de trigo, ma\u00edz, levaduras completas y partes de las mismas, minerales, pulpa de achicoria, aceite de pescado, semillas e integumentos de psyllium (1%), aceite de soja, fructo-oligosac\u00e1ridos, hidrolizado de levaduras (fuente de manano-oligosac\u00e1ridos), aceite de borraja, extracto de rosa de la India (fuente de lute\u00edna).<\/p>\n<p><\/p>\n<p>Aditivos (por kg): Aditivos nutricionales: Vitamina A: 31000 UI, Vitamina D3: 800 UI, E1 (Hierro): 36 mg, E2 (Yodo): 3,6 mg, E4 (Cobre): 11 mg, E5 (Manganeso): 47 mg, E6 (Zinc): 140 mg, E8 (Selenio): 0,08 mg &#8211; Aditivos tecnol\u00f3gicos: Clinoptilolita de origen sedimentario: 10 g &#8211; Conservantes &#8211; Antioxidantes.<\/p>\n<p><\/p>\n<p>Componentes anal\u00edticos: Prote\u00edna bruta: 30% &#8211; Grasa bruta: 22% &#8211; Ceniza bruta: 7,4% &#8211; Fibra bruta: 4,7% &#8211; Por kg: \u00c1cidos grasos omega 6: 48,4 g &#8211; \u00c1cidos grasos omega 3: 11 g<\/p>\n","protected":false},"excerpt":{"rendered":"<p><\/p>\n<p>Alimento compelto y equilibrado para gatos &#8211; Especialmente para gatos adultos de la raza Persa a partir de 12 meses de edad.<\/p>\n","protected":false},"featured_media":7282,"comment_status":"open","ping_status":"closed","template":"","meta":{"_uag_custom_page_level_css":"","_themeisle_gutenberg_block_has_review":false},"product_cat":[187],"product_tag":[],"class_list":{"0":"post-7283","1":"product","2":"type-product","3":"status-publish","4":"has-post-thumbnail","6":"product_cat-pienso-seco-para-gato","8":"first","9":"outofstock","10":"taxable","11":"shipping-taxable","12":"purchasable","13":"product-type-simple","14":"customify-col"},"uagb_featured_image_src":{"full":["https:\/\/back.mascotarea.com\/wp-content\/uploads\/2021\/02\/royal-canin-feline-persian-10kg-2-gratis_20053.jpg",800,1000,false],"thumbnail":["https:\/\/back.mascotarea.com\/wp-content\/uploads\/2021\/02\/royal-canin-feline-persian-10kg-2-gratis_20053-150x150.jpg",150,150,true],"medium":["https:\/\/back.mascotarea.com\/wp-content\/uploads\/2021\/02\/royal-canin-feline-persian-10kg-2-gratis_20053-240x300.jpg",240,300,true],"medium_large":["https:\/\/back.mascotarea.com\/wp-content\/uploads\/2021\/02\/royal-canin-feline-persian-10kg-2-gratis_20053-768x960.jpg",768,960,true],"large":["https:\/\/back.mascotarea.com\/wp-content\/uploads\/2021\/02\/royal-canin-feline-persian-10kg-2-gratis_20053.jpg",800,1000,false],"1536x1536":["https:\/\/back.mascotarea.com\/wp-content\/uploads\/2021\/02\/royal-canin-feline-persian-10kg-2-gratis_20053.jpg",800,1000,false],"2048x2048":["https:\/\/back.mascotarea.com\/wp-content\/uploads\/2021\/02\/royal-canin-feline-persian-10kg-2-gratis_20053.jpg",800,1000,false],"woocommerce_thumbnail":["https:\/\/back.mascotarea.com\/wp-content\/uploads\/2021\/02\/royal-canin-feline-persian-10kg-2-gratis_20053-200x200.jpg",200,200,true],"woocommerce_single":["https:\/\/back.mascotarea.com\/wp-content\/uploads\/2021\/02\/royal-canin-feline-persian-10kg-2-gratis_20053-200x250.jpg",200,250,true],"woocommerce_gallery_thumbnail":["https:\/\/back.mascotarea.com\/wp-content\/uploads\/2021\/02\/royal-canin-feline-persian-10kg-2-gratis_20053-100x100.jpg",100,100,true],"dgwt-wcas-product-suggestion":["https:\/\/back.mascotarea.com\/wp-content\/uploads\/2021\/02\/royal-canin-feline-persian-10kg-2-gratis_20053-64x80.jpg",64,80,true]},"uagb_author_info":{"display_name":"Roberto","author_link":"https:\/\/back.mascotarea.com\/?author=0"},"uagb_comment_info":0,"uagb_excerpt":"Alimento compelto y equilibrado para gatos - Especialmente para gatos adultos de la raza Persa a partir de 12 meses de edad.","_links":{"self":[{"href":"https:\/\/back.mascotarea.com\/index.php?rest_route=\/wp\/v2\/product\/7283","targetHints":{"allow":["GET"]}}],"collection":[{"href":"https:\/\/back.mascotarea.com\/index.php?rest_route=\/wp\/v2\/product"}],"about":[{"href":"https:\/\/back.mascotarea.com\/index.php?rest_route=\/wp\/v2\/types\/product"}],"replies":[{"embeddable":true,"href":"https:\/\/back.mascotarea.com\/index.php?rest_route=%2Fwp%2Fv2%2Fcomments&post=7283"}],"wp:featuredmedia":[{"embeddable":true,"href":"https:\/\/back.mascotarea.com\/index.php?rest_route=\/wp\/v2\/media\/7282"}],"wp:attachment":[{"href":"https:\/\/back.mascotarea.com\/index.php?rest_route=%2Fwp%2Fv2%2Fmedia&parent=7283"}],"wp:term":[{"taxonomy":"product_cat","embeddable":true,"href":"https:\/\/back.mascotarea.com\/index.php?rest_route=%2Fwp%2Fv2%2Fproduct_cat&post=7283"},{"taxonomy":"product_tag","embeddable":true,"href":"https:\/\/back.mascotarea.com\/index.php?rest_route=%2Fwp%2Fv2%2Fproduct_tag&post=7283"}],"curies":[{"name":"wp","href":"https:\/\/api.w.org\/{rel}","templated":true}]}}