{"id":7317,"date":"2021-02-09T15:26:25","date_gmt":"2021-02-09T15:26:25","guid":{"rendered":"https:\/\/back.mascotarea.com\/producto\/royal-canin-feline-sterilised-37-10kg\/"},"modified":"2023-06-04T06:09:32","modified_gmt":"2023-06-04T06:09:32","slug":"royal-canin-feline-sterilised-37-10kg","status":"publish","type":"product","link":"https:\/\/back.mascotarea.com\/?product=royal-canin-feline-sterilised-37-10kg","title":{"rendered":"Royal Canin Feline Sterilised 37 10kg"},"content":{"rendered":"<p>Composici\u00f3n: prote\u00ednas de ave deshidratadas, ma\u00edz, aislado de prote\u00ednas vegetales*, fibras vegetales, grasas animales, hidrolizado de prote\u00ednas animales, arroz, trigo, pulpa de remolacha, gluten de ma\u00edz, levaduras completas y partes de las mismas, minerales, aceite de pescado, fructo-oligosac\u00e1ridos, aceite de soja.<\/p>\n<p><\/p>\n<p>Aditivos (por kg): Aditivos nutricionales: Vitamina A: 19000 UI, Vitamina D3: 1000 UI, E1 (Hierro): 31 mg, E2 (Yodo): 3,1 mg, E4 (Cobre): 10 mg, E5 (Manganeso): 41 mg, E6 (Zinc): 122 mg, E8 (Selenio): 0,05 mg, L-carnitina: 100 mg &#8211; Aditivos tecnol\u00f3gicos: Clinoptilolita de origen sedimentario: 10 g &#8211; Aditivos zoot\u00e9cnicos: Cloruro am\u00f3nico: 5 g &#8211; Conservantes &#8211; Antioxidantes.<\/p>\n<p><\/p>\n<p>Componentes anal\u00edticos: Prote\u00edna bruta: 37% &#8211; Grasa bruta: 12% &#8211; Ceniza bruta: 8,2% &#8211; Fibra bruta: 6,2%.<\/p>\n","protected":false},"excerpt":{"rendered":"<p><\/p>\n<p>Alimento completo y equilibrado para gatos adultos esterilizados (de 1 a 7 a\u00f1os de edad).<\/p>\n","protected":false},"featured_media":7316,"comment_status":"open","ping_status":"closed","template":"","meta":{"_uag_custom_page_level_css":"","_themeisle_gutenberg_block_has_review":false},"product_cat":[187],"product_tag":[],"class_list":{"0":"post-7317","1":"product","2":"type-product","3":"status-publish","4":"has-post-thumbnail","6":"product_cat-pienso-seco-para-gato","8":"first","9":"outofstock","10":"taxable","11":"shipping-taxable","12":"purchasable","13":"product-type-simple","14":"customify-col"},"uagb_featured_image_src":{"full":["https:\/\/back.mascotarea.com\/wp-content\/uploads\/2021\/02\/royal-canin-feline-sterilised-37-10kg_1050.jpg",800,1000,false],"thumbnail":["https:\/\/back.mascotarea.com\/wp-content\/uploads\/2021\/02\/royal-canin-feline-sterilised-37-10kg_1050-150x150.jpg",150,150,true],"medium":["https:\/\/back.mascotarea.com\/wp-content\/uploads\/2021\/02\/royal-canin-feline-sterilised-37-10kg_1050-240x300.jpg",240,300,true],"medium_large":["https:\/\/back.mascotarea.com\/wp-content\/uploads\/2021\/02\/royal-canin-feline-sterilised-37-10kg_1050-768x960.jpg",768,960,true],"large":["https:\/\/back.mascotarea.com\/wp-content\/uploads\/2021\/02\/royal-canin-feline-sterilised-37-10kg_1050.jpg",800,1000,false],"1536x1536":["https:\/\/back.mascotarea.com\/wp-content\/uploads\/2021\/02\/royal-canin-feline-sterilised-37-10kg_1050.jpg",800,1000,false],"2048x2048":["https:\/\/back.mascotarea.com\/wp-content\/uploads\/2021\/02\/royal-canin-feline-sterilised-37-10kg_1050.jpg",800,1000,false],"woocommerce_thumbnail":["https:\/\/back.mascotarea.com\/wp-content\/uploads\/2021\/02\/royal-canin-feline-sterilised-37-10kg_1050-200x200.jpg",200,200,true],"woocommerce_single":["https:\/\/back.mascotarea.com\/wp-content\/uploads\/2021\/02\/royal-canin-feline-sterilised-37-10kg_1050-200x250.jpg",200,250,true],"woocommerce_gallery_thumbnail":["https:\/\/back.mascotarea.com\/wp-content\/uploads\/2021\/02\/royal-canin-feline-sterilised-37-10kg_1050-100x100.jpg",100,100,true],"dgwt-wcas-product-suggestion":["https:\/\/back.mascotarea.com\/wp-content\/uploads\/2021\/02\/royal-canin-feline-sterilised-37-10kg_1050-64x80.jpg",64,80,true]},"uagb_author_info":{"display_name":"Roberto","author_link":"https:\/\/back.mascotarea.com\/?author=0"},"uagb_comment_info":0,"uagb_excerpt":"Alimento completo y equilibrado para gatos adultos esterilizados (de 1 a 7 a\u00f1os de edad).","_links":{"self":[{"href":"https:\/\/back.mascotarea.com\/index.php?rest_route=\/wp\/v2\/product\/7317","targetHints":{"allow":["GET"]}}],"collection":[{"href":"https:\/\/back.mascotarea.com\/index.php?rest_route=\/wp\/v2\/product"}],"about":[{"href":"https:\/\/back.mascotarea.com\/index.php?rest_route=\/wp\/v2\/types\/product"}],"replies":[{"embeddable":true,"href":"https:\/\/back.mascotarea.com\/index.php?rest_route=%2Fwp%2Fv2%2Fcomments&post=7317"}],"wp:featuredmedia":[{"embeddable":true,"href":"https:\/\/back.mascotarea.com\/index.php?rest_route=\/wp\/v2\/media\/7316"}],"wp:attachment":[{"href":"https:\/\/back.mascotarea.com\/index.php?rest_route=%2Fwp%2Fv2%2Fmedia&parent=7317"}],"wp:term":[{"taxonomy":"product_cat","embeddable":true,"href":"https:\/\/back.mascotarea.com\/index.php?rest_route=%2Fwp%2Fv2%2Fproduct_cat&post=7317"},{"taxonomy":"product_tag","embeddable":true,"href":"https:\/\/back.mascotarea.com\/index.php?rest_route=%2Fwp%2Fv2%2Fproduct_tag&post=7317"}],"curies":[{"name":"wp","href":"https:\/\/api.w.org\/{rel}","templated":true}]}}