{"id":7319,"date":"2021-02-09T15:48:27","date_gmt":"2021-02-09T15:48:27","guid":{"rendered":"https:\/\/back.mascotarea.com\/producto\/royal-canin-feline-ultra-light-gelatina-85gr\/"},"modified":"2024-02-10T15:22:28","modified_gmt":"2024-02-10T15:22:28","slug":"royal-canin-feline-ultra-light-gelatina-85gr","status":"publish","type":"product","link":"https:\/\/back.mascotarea.com\/?product=royal-canin-feline-ultra-light-gelatina-85gr","title":{"rendered":"Royal Canin Feline Ultra Light (Gelatina) 85gr"},"content":{"rendered":"<p>Composici\u00f3n: carnes y subproductos animales, extractos de prote\u00ednas vegetales, subproductos de origen vegetal, cereales, sustancias minerales, az\u00facares. ADITIVOS (por kg): Aditivos nutricionales: Vitamina D3: 83 UI, E1 (Hierro): 5 mg, E2 (Yodo): 0,3 mg, E4 (Cobre): 2,5 mg, E5 (Manganeso): 1,5 mg, E6 (Zinc): 16 mg.<\/p>\n<p>Componentes anal\u00edticos: Prote\u00edna bruta: 11% &#8211; Grasa bruta: 2% &#8211; Ceniza bruta: 1,4% &#8211; Fibra bruta: 1,2% &#8211; Humedad: 82,5% &#8211; L-carnitina: 35 mg\/kg. <\/p>\n","protected":false},"excerpt":{"rendered":"<p><\/p>\n<p>Alimento completo para gatos adultos<\/p>\n","protected":false},"featured_media":7318,"comment_status":"open","ping_status":"closed","template":"","meta":{"_uag_custom_page_level_css":"","_themeisle_gutenberg_block_has_review":false},"product_cat":[186],"product_tag":[],"class_list":{"0":"post-7319","1":"product","2":"type-product","3":"status-publish","4":"has-post-thumbnail","6":"product_cat-alimentacion-humeda-para-gato","8":"first","9":"instock","10":"taxable","11":"shipping-taxable","12":"purchasable","13":"product-type-simple","14":"customify-col"},"uagb_featured_image_src":{"full":["https:\/\/back.mascotarea.com\/wp-content\/uploads\/2021\/02\/royal-canin-feline-ultra-light-gelatina-85gr_15078.jpg",800,1000,false],"thumbnail":["https:\/\/back.mascotarea.com\/wp-content\/uploads\/2021\/02\/royal-canin-feline-ultra-light-gelatina-85gr_15078-150x150.jpg",150,150,true],"medium":["https:\/\/back.mascotarea.com\/wp-content\/uploads\/2021\/02\/royal-canin-feline-ultra-light-gelatina-85gr_15078-240x300.jpg",240,300,true],"medium_large":["https:\/\/back.mascotarea.com\/wp-content\/uploads\/2021\/02\/royal-canin-feline-ultra-light-gelatina-85gr_15078-768x960.jpg",768,960,true],"large":["https:\/\/back.mascotarea.com\/wp-content\/uploads\/2021\/02\/royal-canin-feline-ultra-light-gelatina-85gr_15078.jpg",800,1000,false],"1536x1536":["https:\/\/back.mascotarea.com\/wp-content\/uploads\/2021\/02\/royal-canin-feline-ultra-light-gelatina-85gr_15078.jpg",800,1000,false],"2048x2048":["https:\/\/back.mascotarea.com\/wp-content\/uploads\/2021\/02\/royal-canin-feline-ultra-light-gelatina-85gr_15078.jpg",800,1000,false],"woocommerce_thumbnail":["https:\/\/back.mascotarea.com\/wp-content\/uploads\/2021\/02\/royal-canin-feline-ultra-light-gelatina-85gr_15078-200x200.jpg",200,200,true],"woocommerce_single":["https:\/\/back.mascotarea.com\/wp-content\/uploads\/2021\/02\/royal-canin-feline-ultra-light-gelatina-85gr_15078-200x250.jpg",200,250,true],"woocommerce_gallery_thumbnail":["https:\/\/back.mascotarea.com\/wp-content\/uploads\/2021\/02\/royal-canin-feline-ultra-light-gelatina-85gr_15078-100x100.jpg",100,100,true],"dgwt-wcas-product-suggestion":["https:\/\/back.mascotarea.com\/wp-content\/uploads\/2021\/02\/royal-canin-feline-ultra-light-gelatina-85gr_15078-64x80.jpg",64,80,true]},"uagb_author_info":{"display_name":"Roberto","author_link":"https:\/\/back.mascotarea.com\/?author=0"},"uagb_comment_info":0,"uagb_excerpt":"Alimento completo para gatos adultos","_links":{"self":[{"href":"https:\/\/back.mascotarea.com\/index.php?rest_route=\/wp\/v2\/product\/7319","targetHints":{"allow":["GET"]}}],"collection":[{"href":"https:\/\/back.mascotarea.com\/index.php?rest_route=\/wp\/v2\/product"}],"about":[{"href":"https:\/\/back.mascotarea.com\/index.php?rest_route=\/wp\/v2\/types\/product"}],"replies":[{"embeddable":true,"href":"https:\/\/back.mascotarea.com\/index.php?rest_route=%2Fwp%2Fv2%2Fcomments&post=7319"}],"wp:featuredmedia":[{"embeddable":true,"href":"https:\/\/back.mascotarea.com\/index.php?rest_route=\/wp\/v2\/media\/7318"}],"wp:attachment":[{"href":"https:\/\/back.mascotarea.com\/index.php?rest_route=%2Fwp%2Fv2%2Fmedia&parent=7319"}],"wp:term":[{"taxonomy":"product_cat","embeddable":true,"href":"https:\/\/back.mascotarea.com\/index.php?rest_route=%2Fwp%2Fv2%2Fproduct_cat&post=7319"},{"taxonomy":"product_tag","embeddable":true,"href":"https:\/\/back.mascotarea.com\/index.php?rest_route=%2Fwp%2Fv2%2Fproduct_tag&post=7319"}],"curies":[{"name":"wp","href":"https:\/\/api.w.org\/{rel}","templated":true}]}}