{"id":7325,"date":"2021-02-09T15:48:34","date_gmt":"2021-02-09T15:48:34","guid":{"rendered":"https:\/\/back.mascotarea.com\/producto\/royal-canin-feline-sterilised-7-0-4kg\/"},"modified":"2024-03-21T12:24:56","modified_gmt":"2024-03-21T12:24:56","slug":"royal-canin-feline-sterilised-7-0-4kg","status":"publish","type":"product","link":"https:\/\/back.mascotarea.com\/?product=royal-canin-feline-sterilised-7-0-4kg","title":{"rendered":"Royal Canin Feline Sterilised 7+ 0,4kg"},"content":{"rendered":"<p>Composici\u00f3n: Ma\u00edz, aislado de prote\u00ednas vegetales*, prote\u00ednas de ave deshidratadas, gluten de ma\u00edz, fibras vegetales, grasas animales, hidrolizado de prote\u00ednas animales, trigo, arroz, levaduras completas y partes de las mismas, minerales, pulpa de remolacha, aceite de pescado, fructo-oligosac\u00e1ridos, semillas e integumentos de psyllium, aceite de soja, hidrolizado de crust\u00e1ceo (fuente de glucosamina), extracto de rosa de la India (fuente de lute\u00edna), hidrolizado de cart\u00edlago (fuente de condroitina).<\/p>\n<p><\/p>\n<p>Aditivos (por kg): Aditivos nutricionales: Vitamina A: 17000 UI, Vitamina D3: 900 UI, Vitamina C: 180 mg, E1 (Hierro): 35 mg, E2 (Yodo): 3,5 mg, E4 (Cobre): 11 mg, E5 (Manganeso): 45 mg, E6 (Zinc): 136 mg, E8 (Selenio): 0,06 mg &#8211; Aditivos tecnol\u00f3gicos: Clinoptilolita de origen sedimentario: 10 g &#8211; Aditivos organol\u00e9pticos: Extracto de t\u00e9 (fuente de polifenoles): 0,6 g &#8211; Conservantes &#8211; Antioxidantes.<\/p>\n<p><\/p>\n<p>Componentes anal\u00edticos: Prote\u00edna bruta: 36% &#8211; Grasa bruta: 12% &#8211; Ceniza bruta: 7,6% &#8211; Fibra bruta: 5,3% &#8211; F\u00f3sforo: 0,73% &#8211; EPA\/DHA: 3,1 g\/kg.<\/p>\n","protected":false},"excerpt":{"rendered":"<p>Alimento completo y equilibrado para gatos adultos esterilizados (de 7 a 12 a\u00f1os de edad).<\/p>\n","protected":false},"featured_media":7324,"comment_status":"open","ping_status":"closed","template":"","meta":{"_uag_custom_page_level_css":"","_themeisle_gutenberg_block_has_review":false},"product_cat":[187],"product_tag":[],"class_list":{"0":"post-7325","1":"product","2":"type-product","3":"status-publish","4":"has-post-thumbnail","6":"product_cat-pienso-seco-para-gato","8":"first","9":"instock","10":"taxable","11":"shipping-taxable","12":"purchasable","13":"product-type-simple","14":"customify-col"},"uagb_featured_image_src":{"full":["https:\/\/back.mascotarea.com\/wp-content\/uploads\/2021\/02\/royal-canin-feline-sterilised-7-0-4kg_29662.jpg",800,1000,false],"thumbnail":["https:\/\/back.mascotarea.com\/wp-content\/uploads\/2021\/02\/royal-canin-feline-sterilised-7-0-4kg_29662-150x150.jpg",150,150,true],"medium":["https:\/\/back.mascotarea.com\/wp-content\/uploads\/2021\/02\/royal-canin-feline-sterilised-7-0-4kg_29662-240x300.jpg",240,300,true],"medium_large":["https:\/\/back.mascotarea.com\/wp-content\/uploads\/2021\/02\/royal-canin-feline-sterilised-7-0-4kg_29662-768x960.jpg",768,960,true],"large":["https:\/\/back.mascotarea.com\/wp-content\/uploads\/2021\/02\/royal-canin-feline-sterilised-7-0-4kg_29662.jpg",800,1000,false],"1536x1536":["https:\/\/back.mascotarea.com\/wp-content\/uploads\/2021\/02\/royal-canin-feline-sterilised-7-0-4kg_29662.jpg",800,1000,false],"2048x2048":["https:\/\/back.mascotarea.com\/wp-content\/uploads\/2021\/02\/royal-canin-feline-sterilised-7-0-4kg_29662.jpg",800,1000,false],"woocommerce_thumbnail":["https:\/\/back.mascotarea.com\/wp-content\/uploads\/2021\/02\/royal-canin-feline-sterilised-7-0-4kg_29662-200x200.jpg",200,200,true],"woocommerce_single":["https:\/\/back.mascotarea.com\/wp-content\/uploads\/2021\/02\/royal-canin-feline-sterilised-7-0-4kg_29662-200x250.jpg",200,250,true],"woocommerce_gallery_thumbnail":["https:\/\/back.mascotarea.com\/wp-content\/uploads\/2021\/02\/royal-canin-feline-sterilised-7-0-4kg_29662-100x100.jpg",100,100,true],"dgwt-wcas-product-suggestion":["https:\/\/back.mascotarea.com\/wp-content\/uploads\/2021\/02\/royal-canin-feline-sterilised-7-0-4kg_29662-64x80.jpg",64,80,true]},"uagb_author_info":{"display_name":"Roberto","author_link":"https:\/\/back.mascotarea.com\/?author=0"},"uagb_comment_info":0,"uagb_excerpt":"Alimento completo y equilibrado para gatos adultos esterilizados (de 7 a 12 a\u00f1os de edad).","_links":{"self":[{"href":"https:\/\/back.mascotarea.com\/index.php?rest_route=\/wp\/v2\/product\/7325","targetHints":{"allow":["GET"]}}],"collection":[{"href":"https:\/\/back.mascotarea.com\/index.php?rest_route=\/wp\/v2\/product"}],"about":[{"href":"https:\/\/back.mascotarea.com\/index.php?rest_route=\/wp\/v2\/types\/product"}],"replies":[{"embeddable":true,"href":"https:\/\/back.mascotarea.com\/index.php?rest_route=%2Fwp%2Fv2%2Fcomments&post=7325"}],"wp:featuredmedia":[{"embeddable":true,"href":"https:\/\/back.mascotarea.com\/index.php?rest_route=\/wp\/v2\/media\/7324"}],"wp:attachment":[{"href":"https:\/\/back.mascotarea.com\/index.php?rest_route=%2Fwp%2Fv2%2Fmedia&parent=7325"}],"wp:term":[{"taxonomy":"product_cat","embeddable":true,"href":"https:\/\/back.mascotarea.com\/index.php?rest_route=%2Fwp%2Fv2%2Fproduct_cat&post=7325"},{"taxonomy":"product_tag","embeddable":true,"href":"https:\/\/back.mascotarea.com\/index.php?rest_route=%2Fwp%2Fv2%2Fproduct_tag&post=7325"}],"curies":[{"name":"wp","href":"https:\/\/api.w.org\/{rel}","templated":true}]}}