{"id":7333,"date":"2021-02-09T16:04:14","date_gmt":"2021-02-09T16:04:14","guid":{"rendered":"https:\/\/back.mascotarea.com\/producto\/royal-canin-german-shepherd-adult-5-12kg\/"},"modified":"2023-06-04T06:09:23","modified_gmt":"2023-06-04T06:09:23","slug":"royal-canin-german-shepherd-adult-5-12kg","status":"publish","type":"product","link":"https:\/\/back.mascotarea.com\/?product=royal-canin-german-shepherd-adult-5-12kg","title":{"rendered":"Royal Canin German Shepherd Adult 5+ 12kg"},"content":{"rendered":"<p>Composici\u00f3n:arroz, harina de ma\u00edz, gluten de trigo, prote\u00ednas de ave deshidratadas, grasas animales, hidrolizado de prote\u00ednas animales, celulosa en polvo, fibras vegetales, minerales, pulpa de remolacha, aceite de soja, aceite de pescado, aceite de copra, levadura de cerveza, pulpa de tomate deshidratada (fuente de licopeno), col\u00e1geno hidrolizado (3,3%), hidrolizado de levadura (fuente de manano-oligosac\u00e1ridos), extracto de rosa de la India (fuente de lute\u00edna), hidrolizado de cart\u00edlago (fuente de condroitina).<\/p>\n<p><\/p>\n<p>Aditivos (por kg): Aditivos nutricionales: Vitamina A: 28500 UI, Vitamina D3: 800 UI, Hierro (3b103): 72 mg, Yodo (3b201, 3b202): 5,9 mg, Cobre (3b405, 3b406): 14 mg, Manganeso (3b502, 3b504): 72 mg, Zinc (3b603, 3b605, 3b606): 144 mg, Selenio (3b801, 3b811, 3b812): 0,18 mg &#8211; Aditivos tecnol\u00f3gicos: Clinoptilolita de origen sedimentario: 10 g &#8211; Aditivos sensoriales: Extracto de t\u00e9 (fuente de polifenoles): 695 g &#8211; Conservantes &#8211; Antioxidantes.<\/p>\n<p><\/p>\n<p>Componentes anal\u00edticos: Prote\u00ednas: 25,0 % &#8211; Grasa: 19,0 % &#8211; Ceniza bruta: 6,0 % &#8211; Fibra bruta: 3,6 % &#8211; F\u00f3sforo: 0,60 % &#8211; EPA \/ DHA: 0,40 %. <\/p>\n","protected":false},"excerpt":{"rendered":"<p>Alimento completo para perros &#8211; Especial para el Pastor Alem\u00e1n maduro &#8211; A partir de los 5 a\u00f1os de edad. <\/p>\n","protected":false},"featured_media":7332,"comment_status":"open","ping_status":"closed","template":"","meta":{"_uag_custom_page_level_css":"","_themeisle_gutenberg_block_has_review":false},"product_cat":[192],"product_tag":[],"class_list":{"0":"post-7333","1":"product","2":"type-product","3":"status-publish","4":"has-post-thumbnail","6":"product_cat-pienso-seco-para-perro","8":"first","9":"outofstock","10":"taxable","11":"shipping-taxable","12":"purchasable","13":"product-type-simple","14":"customify-col"},"uagb_featured_image_src":{"full":["https:\/\/back.mascotarea.com\/wp-content\/uploads\/2021\/02\/royal-canin-german-shepherd-adult-5-12kg_12962.jpg",800,1000,false],"thumbnail":["https:\/\/back.mascotarea.com\/wp-content\/uploads\/2021\/02\/royal-canin-german-shepherd-adult-5-12kg_12962-150x150.jpg",150,150,true],"medium":["https:\/\/back.mascotarea.com\/wp-content\/uploads\/2021\/02\/royal-canin-german-shepherd-adult-5-12kg_12962-240x300.jpg",240,300,true],"medium_large":["https:\/\/back.mascotarea.com\/wp-content\/uploads\/2021\/02\/royal-canin-german-shepherd-adult-5-12kg_12962-768x960.jpg",768,960,true],"large":["https:\/\/back.mascotarea.com\/wp-content\/uploads\/2021\/02\/royal-canin-german-shepherd-adult-5-12kg_12962.jpg",800,1000,false],"1536x1536":["https:\/\/back.mascotarea.com\/wp-content\/uploads\/2021\/02\/royal-canin-german-shepherd-adult-5-12kg_12962.jpg",800,1000,false],"2048x2048":["https:\/\/back.mascotarea.com\/wp-content\/uploads\/2021\/02\/royal-canin-german-shepherd-adult-5-12kg_12962.jpg",800,1000,false],"woocommerce_thumbnail":["https:\/\/back.mascotarea.com\/wp-content\/uploads\/2021\/02\/royal-canin-german-shepherd-adult-5-12kg_12962-200x200.jpg",200,200,true],"woocommerce_single":["https:\/\/back.mascotarea.com\/wp-content\/uploads\/2021\/02\/royal-canin-german-shepherd-adult-5-12kg_12962-200x250.jpg",200,250,true],"woocommerce_gallery_thumbnail":["https:\/\/back.mascotarea.com\/wp-content\/uploads\/2021\/02\/royal-canin-german-shepherd-adult-5-12kg_12962-100x100.jpg",100,100,true],"dgwt-wcas-product-suggestion":["https:\/\/back.mascotarea.com\/wp-content\/uploads\/2021\/02\/royal-canin-german-shepherd-adult-5-12kg_12962-64x80.jpg",64,80,true]},"uagb_author_info":{"display_name":"Roberto","author_link":"https:\/\/back.mascotarea.com\/?author=0"},"uagb_comment_info":0,"uagb_excerpt":"Alimento completo para perros - Especial para el Pastor Alem\u00e1n maduro - A partir de los 5 a\u00f1os de edad.","_links":{"self":[{"href":"https:\/\/back.mascotarea.com\/index.php?rest_route=\/wp\/v2\/product\/7333","targetHints":{"allow":["GET"]}}],"collection":[{"href":"https:\/\/back.mascotarea.com\/index.php?rest_route=\/wp\/v2\/product"}],"about":[{"href":"https:\/\/back.mascotarea.com\/index.php?rest_route=\/wp\/v2\/types\/product"}],"replies":[{"embeddable":true,"href":"https:\/\/back.mascotarea.com\/index.php?rest_route=%2Fwp%2Fv2%2Fcomments&post=7333"}],"wp:featuredmedia":[{"embeddable":true,"href":"https:\/\/back.mascotarea.com\/index.php?rest_route=\/wp\/v2\/media\/7332"}],"wp:attachment":[{"href":"https:\/\/back.mascotarea.com\/index.php?rest_route=%2Fwp%2Fv2%2Fmedia&parent=7333"}],"wp:term":[{"taxonomy":"product_cat","embeddable":true,"href":"https:\/\/back.mascotarea.com\/index.php?rest_route=%2Fwp%2Fv2%2Fproduct_cat&post=7333"},{"taxonomy":"product_tag","embeddable":true,"href":"https:\/\/back.mascotarea.com\/index.php?rest_route=%2Fwp%2Fv2%2Fproduct_tag&post=7333"}],"curies":[{"name":"wp","href":"https:\/\/api.w.org\/{rel}","templated":true}]}}