{"id":7335,"date":"2021-02-09T16:04:16","date_gmt":"2021-02-09T16:04:16","guid":{"rendered":"https:\/\/back.mascotarea.com\/producto\/royal-canin-giant-adult-15kg-3kg\/"},"modified":"2023-06-04T06:09:28","modified_gmt":"2023-06-04T06:09:28","slug":"royal-canin-giant-adult-15kg-3kg","status":"publish","type":"product","link":"https:\/\/back.mascotarea.com\/?product=royal-canin-giant-adult-15kg-3kg","title":{"rendered":"Royal Canin Giant Adult 15kg + 3kg"},"content":{"rendered":"<p><\/p>\n<p>Composici\u00f3n: prote\u00ednas de ave deshidratadas, ma\u00edz, harina de ma\u00edz, grasas animales, trigo, arroz, hidrolizado de prote\u00ednas animales, gluten de ma\u00edz, pulpa de remolacha, aislado de prote\u00ednas vegetales*, aceite de pescado, minerales, fibras vegetales, aceite de soja, levaduras completas y partes de las mismas, aceite de borraja, hidrolizado de crust\u00e1ceo (fuente de glucosamina), extracto de rosa de la India (fuente de lute\u00edna), hidrolizado de cart\u00edlago (fuente de condroitina).<\/p>\n<p><\/p>\n<p>Aditivos (por kg): Aditivos nutricionales: Vitamina A: 21500 UI, Vitamina D3: 1000 UI, E1 (Hierro): 42 mg, E2 (Yodo): 4,2 mg, E4 (Cobre): 13 mg, E5 (Manganeso): 55 mg, E6 (Zinc): 133 mg, E8 (Selenio): 0,09 mg &#8211; Taurina: 2,0 g &#8211; Conservantes &#8211; Antioxidantes.<\/p>\n<p><\/p>\n<p>Componentes anal\u00edticos: Prote\u00edna bruta: 28,0% &#8211; Grasa bruta 20,0% &#8211; Ceniza bruta: 5,3% &#8211; Fibra bruta: 1,8%.<\/p>\n<p><\/p>\n","protected":false},"excerpt":{"rendered":"<p><\/p>\n<p>Alimento completo para perros adultos de tama\u00f1o gigante (&gt; 45kg). A partir de los 18\/24 meses.<\/p>\n","protected":false},"featured_media":7334,"comment_status":"open","ping_status":"closed","template":"","meta":{"_uag_custom_page_level_css":"","_themeisle_gutenberg_block_has_review":false},"product_cat":[192],"product_tag":[],"class_list":{"0":"post-7335","1":"product","2":"type-product","3":"status-publish","4":"has-post-thumbnail","6":"product_cat-pienso-seco-para-perro","8":"first","9":"outofstock","10":"taxable","11":"shipping-taxable","12":"purchasable","13":"product-type-simple","14":"customify-col"},"uagb_featured_image_src":{"full":["https:\/\/back.mascotarea.com\/wp-content\/uploads\/2021\/02\/royal-canin-giant-adult-15kg-3kg_31727.jpg",800,1000,false],"thumbnail":["https:\/\/back.mascotarea.com\/wp-content\/uploads\/2021\/02\/royal-canin-giant-adult-15kg-3kg_31727-150x150.jpg",150,150,true],"medium":["https:\/\/back.mascotarea.com\/wp-content\/uploads\/2021\/02\/royal-canin-giant-adult-15kg-3kg_31727-240x300.jpg",240,300,true],"medium_large":["https:\/\/back.mascotarea.com\/wp-content\/uploads\/2021\/02\/royal-canin-giant-adult-15kg-3kg_31727-768x960.jpg",768,960,true],"large":["https:\/\/back.mascotarea.com\/wp-content\/uploads\/2021\/02\/royal-canin-giant-adult-15kg-3kg_31727.jpg",800,1000,false],"1536x1536":["https:\/\/back.mascotarea.com\/wp-content\/uploads\/2021\/02\/royal-canin-giant-adult-15kg-3kg_31727.jpg",800,1000,false],"2048x2048":["https:\/\/back.mascotarea.com\/wp-content\/uploads\/2021\/02\/royal-canin-giant-adult-15kg-3kg_31727.jpg",800,1000,false],"woocommerce_thumbnail":["https:\/\/back.mascotarea.com\/wp-content\/uploads\/2021\/02\/royal-canin-giant-adult-15kg-3kg_31727-200x200.jpg",200,200,true],"woocommerce_single":["https:\/\/back.mascotarea.com\/wp-content\/uploads\/2021\/02\/royal-canin-giant-adult-15kg-3kg_31727-200x250.jpg",200,250,true],"woocommerce_gallery_thumbnail":["https:\/\/back.mascotarea.com\/wp-content\/uploads\/2021\/02\/royal-canin-giant-adult-15kg-3kg_31727-100x100.jpg",100,100,true],"dgwt-wcas-product-suggestion":["https:\/\/back.mascotarea.com\/wp-content\/uploads\/2021\/02\/royal-canin-giant-adult-15kg-3kg_31727-64x80.jpg",64,80,true]},"uagb_author_info":{"display_name":"Roberto","author_link":"https:\/\/back.mascotarea.com\/?author=0"},"uagb_comment_info":0,"uagb_excerpt":"Alimento completo para perros adultos de tama\u00f1o gigante (&gt; 45kg). A partir de los 18\/24 meses.","_links":{"self":[{"href":"https:\/\/back.mascotarea.com\/index.php?rest_route=\/wp\/v2\/product\/7335","targetHints":{"allow":["GET"]}}],"collection":[{"href":"https:\/\/back.mascotarea.com\/index.php?rest_route=\/wp\/v2\/product"}],"about":[{"href":"https:\/\/back.mascotarea.com\/index.php?rest_route=\/wp\/v2\/types\/product"}],"replies":[{"embeddable":true,"href":"https:\/\/back.mascotarea.com\/index.php?rest_route=%2Fwp%2Fv2%2Fcomments&post=7335"}],"wp:featuredmedia":[{"embeddable":true,"href":"https:\/\/back.mascotarea.com\/index.php?rest_route=\/wp\/v2\/media\/7334"}],"wp:attachment":[{"href":"https:\/\/back.mascotarea.com\/index.php?rest_route=%2Fwp%2Fv2%2Fmedia&parent=7335"}],"wp:term":[{"taxonomy":"product_cat","embeddable":true,"href":"https:\/\/back.mascotarea.com\/index.php?rest_route=%2Fwp%2Fv2%2Fproduct_cat&post=7335"},{"taxonomy":"product_tag","embeddable":true,"href":"https:\/\/back.mascotarea.com\/index.php?rest_route=%2Fwp%2Fv2%2Fproduct_tag&post=7335"}],"curies":[{"name":"wp","href":"https:\/\/api.w.org\/{rel}","templated":true}]}}