{"id":7337,"date":"2021-02-09T16:04:19","date_gmt":"2021-02-09T16:04:19","guid":{"rendered":"https:\/\/back.mascotarea.com\/producto\/royal-canin-labrador-retriever-adult-5-12kg\/"},"modified":"2023-06-04T06:09:32","modified_gmt":"2023-06-04T06:09:32","slug":"royal-canin-labrador-retriever-adult-5-12kg","status":"publish","type":"product","link":"https:\/\/back.mascotarea.com\/?product=royal-canin-labrador-retriever-adult-5-12kg","title":{"rendered":"Royal Canin Labrador Retriever Adult 5+ 12kg"},"content":{"rendered":"<p>Ingredientes:prote\u00ednas de ave deshidratadas, arroz, harina de ma\u00edz, ma\u00edz, gluten de ma\u00edz, trigo, gluten de trigo*, hidrolizado de prote\u00ednas animales, grasas animales, pulpa de remolacha, celulosa en polvo, fibras vegetales, aceite de pescado, minerales, aceite de soja, levadura de cerveza, col\u00e1geno hidrolizado (3,5%), pulpa de tomate deshidratada (fuente de licopeno), semillas e integumentos de psyllium, fructo-oligosac\u00e1ridos, aceite de borraja, extracto de rosa de la India (fuente de lute\u00edna), hidrolizado de cart\u00edlago (fuente de condroitina).<\/p>\n<p><\/p>\n<p>Aditivos nutricionales: Vitamina A: 27500 UI, Vitamina D3: 800 UI, Hierro (3b103): 41 mg, Yodo (3b201, 3b202): 2,7 mg, Cobre (3b405, 3b406): 5 mg, Manganeso (3b502, 3b504): 31 mg, Zinc (3b603, 3b605, 3b606): 134 mg, Selenio (3b801, 3b811, 3b812): 0,12 mg &#8211; Aditivos tecnol\u00f3gicos: Clinoptilolita de origen sedimentario: 10 g &#8211; Aditivos organol\u00e9pticos: Extracto de t\u00e9 (fuente de polifenoles): 625 mg &#8211; Conservantes &#8211; Antioxidantes.<\/p>\n<p><\/p>\n<p>Aditivos nutricionales: Vitamina A: 27500 UI, Vitamina D3: 800 UI, Hierro (3b103): 41 mg, Yodo (3b201, 3b202): 2,7 mg, Cobre (3b405, 3b406): 5 mg, Manganeso (3b502, 3b504): 31 mg, Zinc (3b603, 3b605, 3b606): 134 mg, Selenio (3b801, 3b811, 3b812): 0,12 mg &#8211; Aditivos tecnol\u00f3gicos: Clinoptilolita de origen sedimentario: 10 g &#8211; Aditivos organol\u00e9pticos: Extracto de t\u00e9 (fuente de polifenoles): 625 mg &#8211; Conservantes &#8211; Antioxidantes.<\/p>\n<p><\/p>\n","protected":false},"excerpt":{"rendered":"<p><\/p>\n<p>Alimento completo para perros &#8211; Especial para el Labrador Retriever maduro &#8211; A partir de los 5 a\u00f1os de edad.<\/p>\n","protected":false},"featured_media":7336,"comment_status":"open","ping_status":"closed","template":"","meta":{"_uag_custom_page_level_css":"","_themeisle_gutenberg_block_has_review":false},"product_cat":[192],"product_tag":[],"class_list":{"0":"post-7337","1":"product","2":"type-product","3":"status-publish","4":"has-post-thumbnail","6":"product_cat-pienso-seco-para-perro","8":"first","9":"outofstock","10":"taxable","11":"shipping-taxable","12":"purchasable","13":"product-type-simple","14":"customify-col"},"uagb_featured_image_src":{"full":["https:\/\/back.mascotarea.com\/wp-content\/uploads\/2021\/02\/royal-canin-labrador-retriever-adult-5-12kg_24393.jpg",800,1000,false],"thumbnail":["https:\/\/back.mascotarea.com\/wp-content\/uploads\/2021\/02\/royal-canin-labrador-retriever-adult-5-12kg_24393-150x150.jpg",150,150,true],"medium":["https:\/\/back.mascotarea.com\/wp-content\/uploads\/2021\/02\/royal-canin-labrador-retriever-adult-5-12kg_24393-240x300.jpg",240,300,true],"medium_large":["https:\/\/back.mascotarea.com\/wp-content\/uploads\/2021\/02\/royal-canin-labrador-retriever-adult-5-12kg_24393-768x960.jpg",768,960,true],"large":["https:\/\/back.mascotarea.com\/wp-content\/uploads\/2021\/02\/royal-canin-labrador-retriever-adult-5-12kg_24393.jpg",800,1000,false],"1536x1536":["https:\/\/back.mascotarea.com\/wp-content\/uploads\/2021\/02\/royal-canin-labrador-retriever-adult-5-12kg_24393.jpg",800,1000,false],"2048x2048":["https:\/\/back.mascotarea.com\/wp-content\/uploads\/2021\/02\/royal-canin-labrador-retriever-adult-5-12kg_24393.jpg",800,1000,false],"woocommerce_thumbnail":["https:\/\/back.mascotarea.com\/wp-content\/uploads\/2021\/02\/royal-canin-labrador-retriever-adult-5-12kg_24393-200x200.jpg",200,200,true],"woocommerce_single":["https:\/\/back.mascotarea.com\/wp-content\/uploads\/2021\/02\/royal-canin-labrador-retriever-adult-5-12kg_24393-200x250.jpg",200,250,true],"woocommerce_gallery_thumbnail":["https:\/\/back.mascotarea.com\/wp-content\/uploads\/2021\/02\/royal-canin-labrador-retriever-adult-5-12kg_24393-100x100.jpg",100,100,true],"dgwt-wcas-product-suggestion":["https:\/\/back.mascotarea.com\/wp-content\/uploads\/2021\/02\/royal-canin-labrador-retriever-adult-5-12kg_24393-64x80.jpg",64,80,true]},"uagb_author_info":{"display_name":"Roberto","author_link":"https:\/\/back.mascotarea.com\/?author=0"},"uagb_comment_info":0,"uagb_excerpt":"Alimento completo para perros - Especial para el Labrador Retriever maduro - A partir de los 5 a\u00f1os de edad.","_links":{"self":[{"href":"https:\/\/back.mascotarea.com\/index.php?rest_route=\/wp\/v2\/product\/7337","targetHints":{"allow":["GET"]}}],"collection":[{"href":"https:\/\/back.mascotarea.com\/index.php?rest_route=\/wp\/v2\/product"}],"about":[{"href":"https:\/\/back.mascotarea.com\/index.php?rest_route=\/wp\/v2\/types\/product"}],"replies":[{"embeddable":true,"href":"https:\/\/back.mascotarea.com\/index.php?rest_route=%2Fwp%2Fv2%2Fcomments&post=7337"}],"wp:featuredmedia":[{"embeddable":true,"href":"https:\/\/back.mascotarea.com\/index.php?rest_route=\/wp\/v2\/media\/7336"}],"wp:attachment":[{"href":"https:\/\/back.mascotarea.com\/index.php?rest_route=%2Fwp%2Fv2%2Fmedia&parent=7337"}],"wp:term":[{"taxonomy":"product_cat","embeddable":true,"href":"https:\/\/back.mascotarea.com\/index.php?rest_route=%2Fwp%2Fv2%2Fproduct_cat&post=7337"},{"taxonomy":"product_tag","embeddable":true,"href":"https:\/\/back.mascotarea.com\/index.php?rest_route=%2Fwp%2Fv2%2Fproduct_tag&post=7337"}],"curies":[{"name":"wp","href":"https:\/\/api.w.org\/{rel}","templated":true}]}}