{"id":7341,"date":"2021-02-09T16:04:26","date_gmt":"2021-02-09T16:04:26","guid":{"rendered":"https:\/\/back.mascotarea.com\/producto\/royal-canin-giant-junior-15-3kg\/"},"modified":"2023-06-04T06:09:32","modified_gmt":"2023-06-04T06:09:32","slug":"royal-canin-giant-junior-15-3kg","status":"publish","type":"product","link":"https:\/\/back.mascotarea.com\/?product=royal-canin-giant-junior-15-3kg","title":{"rendered":"Royal Canin Giant Junior 15+3kg"},"content":{"rendered":"<p>COMPOSICI\u00d3N: prote\u00ednas de ave deshidratadas, ma\u00edz, harina de ma\u00edz, arroz, aislado de prote\u00ednas vegetales*, grasas animales, harina de trigo, pulpa de remolacha, hidrolizado de prote\u00ednas animales, minerales, aceite de pescado, aceite de soja, levaduras completas y partes de las mismas, fructo-oligosac\u00e1ridos, semillas e integumentos de psyllium, hidrolizado de levaduras (fuente de manano-oligosac\u00e1ridos), extracto de levaduras (fuente de betaglucanos), extracto de rosa de la India (fuente de lute\u00edna), hidrolizado de crust\u00e1ceo (fuente de glucosamina), hidrolizado de cart\u00edlago (fuente de condroitina).<\/p>\n<p> ADITIVOS (por kg): Aditivos nutricionales: Vitamina A: 16500 UI, Vitamina D3: 1100 UI, Vitamina E: 340 mg, E1 (Hierro): 35 mg, E2 (Yodo): 3,5 mg, E4 (Cobre): 11 mg, E5 (Manganeso): 45 mg, E6 (Zinc): 128 mg, E8 (Selenio): 0,06 mg &#8211; Aditivos tecnol\u00f3gicos: Clinoptilolita de origen sedimentario: 10 g &#8211; Aditivos organol\u00e9pticos: Extracto de yuca: 125 mg &#8211; Conservantes &#8211; Antioxidantes. COMPONENTES ANAL\u00cdTICOS: Prote\u00edna bruta: 31% &#8211; Grasa bruta: 16% &#8211; Ceniza bruta: 7,4% &#8211; Fibra bruta: 1,3% &#8211; Calcio: 1,26% &#8211; F\u00f3sforo: 1% &#8211; L-carnitina: 300 mg\/kg.<\/p>\n","protected":false},"excerpt":{"rendered":"<p><\/p>\n<p>Alimento completo para perros de razas gigantes &#8211; Peso adulto a partir de 45 kg. De los 8 a 18\/24 meses de edad.<\/p>\n","protected":false},"featured_media":7340,"comment_status":"open","ping_status":"closed","template":"","meta":{"_uag_custom_page_level_css":"","_themeisle_gutenberg_block_has_review":false},"product_cat":[192],"product_tag":[],"class_list":{"0":"post-7341","1":"product","2":"type-product","3":"status-publish","4":"has-post-thumbnail","6":"product_cat-pienso-seco-para-perro","8":"first","9":"outofstock","10":"taxable","11":"shipping-taxable","12":"purchasable","13":"product-type-simple","14":"customify-col"},"uagb_featured_image_src":{"full":["https:\/\/back.mascotarea.com\/wp-content\/uploads\/2021\/02\/royal-canin-giant-junior-15-3kg_4203.jpg",800,1000,false],"thumbnail":["https:\/\/back.mascotarea.com\/wp-content\/uploads\/2021\/02\/royal-canin-giant-junior-15-3kg_4203-150x150.jpg",150,150,true],"medium":["https:\/\/back.mascotarea.com\/wp-content\/uploads\/2021\/02\/royal-canin-giant-junior-15-3kg_4203-240x300.jpg",240,300,true],"medium_large":["https:\/\/back.mascotarea.com\/wp-content\/uploads\/2021\/02\/royal-canin-giant-junior-15-3kg_4203-768x960.jpg",768,960,true],"large":["https:\/\/back.mascotarea.com\/wp-content\/uploads\/2021\/02\/royal-canin-giant-junior-15-3kg_4203.jpg",800,1000,false],"1536x1536":["https:\/\/back.mascotarea.com\/wp-content\/uploads\/2021\/02\/royal-canin-giant-junior-15-3kg_4203.jpg",800,1000,false],"2048x2048":["https:\/\/back.mascotarea.com\/wp-content\/uploads\/2021\/02\/royal-canin-giant-junior-15-3kg_4203.jpg",800,1000,false],"woocommerce_thumbnail":["https:\/\/back.mascotarea.com\/wp-content\/uploads\/2021\/02\/royal-canin-giant-junior-15-3kg_4203-200x200.jpg",200,200,true],"woocommerce_single":["https:\/\/back.mascotarea.com\/wp-content\/uploads\/2021\/02\/royal-canin-giant-junior-15-3kg_4203-200x250.jpg",200,250,true],"woocommerce_gallery_thumbnail":["https:\/\/back.mascotarea.com\/wp-content\/uploads\/2021\/02\/royal-canin-giant-junior-15-3kg_4203-100x100.jpg",100,100,true],"dgwt-wcas-product-suggestion":["https:\/\/back.mascotarea.com\/wp-content\/uploads\/2021\/02\/royal-canin-giant-junior-15-3kg_4203-64x80.jpg",64,80,true]},"uagb_author_info":{"display_name":"Roberto","author_link":"https:\/\/back.mascotarea.com\/?author=0"},"uagb_comment_info":0,"uagb_excerpt":"Alimento completo para perros de razas gigantes - Peso adulto a partir de 45 kg. De los 8 a 18\/24 meses de edad.","_links":{"self":[{"href":"https:\/\/back.mascotarea.com\/index.php?rest_route=\/wp\/v2\/product\/7341","targetHints":{"allow":["GET"]}}],"collection":[{"href":"https:\/\/back.mascotarea.com\/index.php?rest_route=\/wp\/v2\/product"}],"about":[{"href":"https:\/\/back.mascotarea.com\/index.php?rest_route=\/wp\/v2\/types\/product"}],"replies":[{"embeddable":true,"href":"https:\/\/back.mascotarea.com\/index.php?rest_route=%2Fwp%2Fv2%2Fcomments&post=7341"}],"wp:featuredmedia":[{"embeddable":true,"href":"https:\/\/back.mascotarea.com\/index.php?rest_route=\/wp\/v2\/media\/7340"}],"wp:attachment":[{"href":"https:\/\/back.mascotarea.com\/index.php?rest_route=%2Fwp%2Fv2%2Fmedia&parent=7341"}],"wp:term":[{"taxonomy":"product_cat","embeddable":true,"href":"https:\/\/back.mascotarea.com\/index.php?rest_route=%2Fwp%2Fv2%2Fproduct_cat&post=7341"},{"taxonomy":"product_tag","embeddable":true,"href":"https:\/\/back.mascotarea.com\/index.php?rest_route=%2Fwp%2Fv2%2Fproduct_tag&post=7341"}],"curies":[{"name":"wp","href":"https:\/\/api.w.org\/{rel}","templated":true}]}}