{"id":7343,"date":"2021-02-09T16:04:28","date_gmt":"2021-02-09T16:04:28","guid":{"rendered":"https:\/\/back.mascotarea.com\/producto\/royal-canin-gastro-intestinal-junior-10kg\/"},"modified":"2023-10-11T12:16:28","modified_gmt":"2023-10-11T12:16:28","slug":"royal-canin-gastro-intestinal-junior-10kg","status":"publish","type":"product","link":"https:\/\/back.mascotarea.com\/?product=royal-canin-gastro-intestinal-junior-10kg","title":{"rendered":"Royal Canin Gastro Intestinal Junior 10kg"},"content":{"rendered":"<p>Arroz, harina de subproductos de pollo, prote\u00edna vegetal purificada L.I.P.* (gluten de trigo), aceite de pollo, ma\u00edz, grasa vacuna, hidrolizado de h\u00edgado de pollo, pulpa de remolacha, sales minerales, huevo en polvo, zeolita, aceite de soja, aceite de pescado, levadura de cerveza, vitaminas, c\u00e1scara de psyllium, fructo-oligosac\u00e1ridos (FOS), L-lisina, oligoelementos, manano-oligosac\u00e1ridos (MOS), taurina, DL-metionina, oligoelementos quelados, extracto de rosa de la India (rico en lute\u00edna).(*) Low Indigestible Protein: prote\u00edna seleccionada por su alta asimilaci\u00f3n. Vitaminas: Vitamina A, vitamina D3, vitamina E, vitamina C, pantotenato de calcio, niacina, vitamina B1, vitamina B2, vitamina B6, \u00e1cido f\u00f3lico, biotina, vitamina B12, colina. Sales minerales: Fosfato monoc\u00e1lcico, cloruro de potasio, cloruro de sodio, sorbato de potasio, calcita. Oligoelementos: Sulfato de cobre, sulfato de hierro, \u00f3xido de manganeso, \u00f3xido de zinc, fuente de iodo (iodato de calcio o iodato de potasio), selenio org\u00e1nico. Oligoelementos quelados: Cobre, manganeso, zinc. Conservantes y antioxidantes: BHA, galato de propilo y \u00e1cido c\u00edtrico.<\/p>\n<p><\/p>\n<p>Prote\u00edna bruta (m\u00edn.): 27%, (prom.): 29%; Extracto et\u00e9reo (m\u00edn.): 20%, (prom.): 22%; Fibra cruda (m\u00e1x.): 2,3%, (prom.): 1,3%; Minerales (m\u00e1x.): 9,6%, (prom.): 8,7%; Humedad (m\u00e1x.): 9,5%, (prom.): 8%; Calcio (m\u00edn.): 0,96%, (m\u00e1x.): 1,44%; F\u00f3sforo (m\u00edn.): 0,8%, (m\u00e1x.): 1,2%; Sodio (m\u00e1x.): 0,48%, (prom.): 0,4%. Energ\u00eda Metabolizable: 4.198 kcal\/kg. Enriquecimientos por kg (m\u00edn.): Vitaminas: A: 16.700 UI; D3: 1.000 UI; E: 600 mg; C: 300 mg; B1: 4,4 mg; Niacina: 40,6 mg; \u00c1c. F\u00f3lico: 0,9 mg; B2: 6,8 mg; B6: 8,6 mg; Biotina: 1,14 mg; B12: 0,07 mg; Pantotenato de calcio: 26,6 mg; Colina: 740 mg. Oligoelementos: Cobre: 11 mg; Hierro: 39 mg; Manganeso: 50 mg; Zinc: 151 mg; Selenio: 0,07 mg; Yodo: 3,9 mg. <\/p>\n","protected":false},"excerpt":{"rendered":"<p>Un alimento para perros cachorros formulado para contribuir al control de los des\u00f3rdenes intestinales agudos que afectan la absorci\u00f3n y para promover la recuperaci\u00f3n nutricional y la convalecencia. Este alimento contiene ingredientes de alta digestibilidad, un nivel elevado de electrolitos y nutrientes esenciales. Contenido energ\u00e9tico elevado. <\/p>\n","protected":false},"featured_media":7342,"comment_status":"open","ping_status":"closed","template":"","meta":{"_uag_custom_page_level_css":"","_themeisle_gutenberg_block_has_review":false},"product_cat":[211],"product_tag":[],"class_list":{"0":"post-7343","1":"product","2":"type-product","3":"status-publish","4":"has-post-thumbnail","6":"product_cat-dieta-veterinaria-para-perro","8":"first","9":"outofstock","10":"taxable","11":"shipping-taxable","12":"purchasable","13":"product-type-simple","14":"customify-col"},"uagb_featured_image_src":{"full":["https:\/\/back.mascotarea.com\/wp-content\/uploads\/2021\/02\/royal-canin-gastro-intestinal-junior-10kg_22181.jpg",800,1000,false],"thumbnail":["https:\/\/back.mascotarea.com\/wp-content\/uploads\/2021\/02\/royal-canin-gastro-intestinal-junior-10kg_22181-150x150.jpg",150,150,true],"medium":["https:\/\/back.mascotarea.com\/wp-content\/uploads\/2021\/02\/royal-canin-gastro-intestinal-junior-10kg_22181-240x300.jpg",240,300,true],"medium_large":["https:\/\/back.mascotarea.com\/wp-content\/uploads\/2021\/02\/royal-canin-gastro-intestinal-junior-10kg_22181-768x960.jpg",768,960,true],"large":["https:\/\/back.mascotarea.com\/wp-content\/uploads\/2021\/02\/royal-canin-gastro-intestinal-junior-10kg_22181.jpg",800,1000,false],"1536x1536":["https:\/\/back.mascotarea.com\/wp-content\/uploads\/2021\/02\/royal-canin-gastro-intestinal-junior-10kg_22181.jpg",800,1000,false],"2048x2048":["https:\/\/back.mascotarea.com\/wp-content\/uploads\/2021\/02\/royal-canin-gastro-intestinal-junior-10kg_22181.jpg",800,1000,false],"woocommerce_thumbnail":["https:\/\/back.mascotarea.com\/wp-content\/uploads\/2021\/02\/royal-canin-gastro-intestinal-junior-10kg_22181-200x200.jpg",200,200,true],"woocommerce_single":["https:\/\/back.mascotarea.com\/wp-content\/uploads\/2021\/02\/royal-canin-gastro-intestinal-junior-10kg_22181-200x250.jpg",200,250,true],"woocommerce_gallery_thumbnail":["https:\/\/back.mascotarea.com\/wp-content\/uploads\/2021\/02\/royal-canin-gastro-intestinal-junior-10kg_22181-100x100.jpg",100,100,true],"dgwt-wcas-product-suggestion":["https:\/\/back.mascotarea.com\/wp-content\/uploads\/2021\/02\/royal-canin-gastro-intestinal-junior-10kg_22181-64x80.jpg",64,80,true]},"uagb_author_info":{"display_name":"Roberto","author_link":"https:\/\/back.mascotarea.com\/?author=0"},"uagb_comment_info":0,"uagb_excerpt":"Un alimento para perros cachorros formulado para contribuir al control de los des\u00f3rdenes intestinales agudos que afectan la absorci\u00f3n y para promover la recuperaci\u00f3n nutricional y la convalecencia. Este alimento contiene ingredientes de alta digestibilidad, un nivel elevado de electrolitos y nutrientes esenciales. Contenido energ\u00e9tico elevado.","_links":{"self":[{"href":"https:\/\/back.mascotarea.com\/index.php?rest_route=\/wp\/v2\/product\/7343","targetHints":{"allow":["GET"]}}],"collection":[{"href":"https:\/\/back.mascotarea.com\/index.php?rest_route=\/wp\/v2\/product"}],"about":[{"href":"https:\/\/back.mascotarea.com\/index.php?rest_route=\/wp\/v2\/types\/product"}],"replies":[{"embeddable":true,"href":"https:\/\/back.mascotarea.com\/index.php?rest_route=%2Fwp%2Fv2%2Fcomments&post=7343"}],"wp:featuredmedia":[{"embeddable":true,"href":"https:\/\/back.mascotarea.com\/index.php?rest_route=\/wp\/v2\/media\/7342"}],"wp:attachment":[{"href":"https:\/\/back.mascotarea.com\/index.php?rest_route=%2Fwp%2Fv2%2Fmedia&parent=7343"}],"wp:term":[{"taxonomy":"product_cat","embeddable":true,"href":"https:\/\/back.mascotarea.com\/index.php?rest_route=%2Fwp%2Fv2%2Fproduct_cat&post=7343"},{"taxonomy":"product_tag","embeddable":true,"href":"https:\/\/back.mascotarea.com\/index.php?rest_route=%2Fwp%2Fv2%2Fproduct_tag&post=7343"}],"curies":[{"name":"wp","href":"https:\/\/api.w.org\/{rel}","templated":true}]}}